{"id":15041,"date":"2019-01-24T10:48:22","date_gmt":"2019-01-24T10:48:22","guid":{"rendered":"https:\/\/www.dekobra.be\/?page_id=15041"},"modified":"2021-02-11T14:05:47","modified_gmt":"2021-02-11T14:05:47","slug":"service","status":"publish","type":"page","link":"https:\/\/www.dekobra.be\/fr\/service\/","title":{"rendered":"Service"},"content":{"rendered":"[mk_page_section bg_color=&#8221;#f7f7f7&#8243; bg_repeat=&#8221;no-repeat&#8221; padding_top=&#8221;95&#8243; padding_bottom=&#8221;60&#8243; first_page=&#8221;false&#8221; last_page=&#8221;false&#8221; sidebar=&#8221;sidebar-1&#8243;][vc_column width=&#8221;1\/2&#8243;][mk_fancy_title font_family=&#8221;none&#8221;]\n<h4>Maintenance technique<\/h4>\n[\/mk_fancy_title][vc_column_text disable_pattern=&#8221;false&#8221; css=&#8221;.vc_custom_1564749383176{margin-bottom: 0px !important;}&#8221;]Afin d\u2019assurer la fiabilit\u00e9 de votre syst\u00e8me de ventilation de la cuisine, nous pouvons \u00e9galement vous proposer un entretien technique annuel. Cette maintenance technique, adapt\u00e9e \u00e0 votre installation, garantit que tous les composants sujet \u00e0 l&#8217;usure soient contr\u00f4l\u00e9s quant \u00e0 leur bon fonctionnement et leur efficacit\u00e9.<\/p>\n<p>S&#8217;il semble qu&#8217;un composant devait \u00eatre remplac\u00e9 malgr\u00e9 tout, vous recevrez pr\u00e9alablement un devis de notre part.<\/p>\n<p>Si vous disposez \u00e9galement d&#8217;un syst\u00e8me d&#8217;extinction automatique de la marque Range-Guard ou Kitchen Knight, vous pouvez \u00e9galement obtenir une maintenance technique pour ces syst\u00e8mes. Afin d&#8217;assurer un fonctionnement efficace du syst\u00e8me, les fabricants prescrivent une maintenance semestrielle, qui est effectu\u00e9e par nos ing\u00e9nieurs agr\u00e9\u00e9s.[\/vc_column_text][\/vc_column][vc_column width=&#8221;1\/2&#8243;][vc_single_image image=&#8221;14584&#8243; img_size=&#8221;full&#8221;][\/vc_column][\/mk_page_section][vc_row padding=&#8221;0&#8243;][vc_column][mk_padding_divider size=&#8221;60&#8243;][\/vc_column][\/vc_row][vc_row padding=&#8221;0&#8243;][vc_column width=&#8221;1\/2&#8243;][mk_fancy_title font_family=&#8221;none&#8221;]\n<h4>Service apr\u00e8s-vente<\/h4>\n[\/mk_fancy_title][vc_column_text disable_pattern=&#8221;false&#8221; css=&#8221;.vc_custom_1564749288035{margin-bottom: 0px !important;}&#8221;]Si, malgr\u00e9 tous nos bons soins, votre installation pr\u00e9senterait un d\u00e9faut de fonctionnement, notre \u00e9quipe est pr\u00eate \u00e0 vous aider. Nous connaissons votre installation et nous v\u00e9rifions votre fichier avant de nous pr\u00e9senter chez vous. Gr\u00e2ce \u00e0 cela, nous avons tout le mat\u00e9riel n\u00e9cessaire avec nous et la r\u00e9paration peut \u00eatre effectu\u00e9e rapidement et efficacement.<\/p>\n<p>Pendant les heures de travail (8h \/ 16h), veuillez contacter notre dispatching technique au num\u00e9ro de t\u00e9l\u00e9phone : +32 52 365 751 ou par courrier \u00e9lectronique \u00e0 geert.vaningelgem@dekobra.be. Si possible, il vous donnera une estimation des co\u00fbts. Pour les r\u00e9parations urgentes, et en tant que client De Kobra avec un contrat d\u2019entretien, vous avez acc\u00e8s \u00e0 notre service 24\/7. Le num\u00e9ro vous est communiqu\u00e9 dans votre contrat.[\/vc_column_text][\/vc_column][vc_column width=&#8221;1\/2&#8243;][vc_single_image image=&#8221;14553&#8243; img_size=&#8221;full&#8221;][\/vc_column][\/vc_row][vc_row padding=&#8221;0&#8243;][vc_column][mk_padding_divider size=&#8221;60&#8243;][\/vc_column][\/vc_row][mk_page_section bg_color=&#8221;#f7f7f7&#8243; bg_repeat=&#8221;no-repeat&#8221; padding_top=&#8221;95&#8243; padding_bottom=&#8221;60&#8243; first_page=&#8221;false&#8221; last_page=&#8221;false&#8221; sidebar=&#8221;sidebar-1&#8243;][vc_column width=&#8221;1\/2&#8243;][mk_fancy_title font_family=&#8221;none&#8221;]\n<h4>Maintenance hygi\u00e9nique<\/h4>\n[\/mk_fancy_title][vc_column_text disable_pattern=&#8221;false&#8221; css=&#8221;.vc_custom_1564749137980{margin-bottom: 0px !important;}&#8221;]Une hotte, de par sa fonction et son utilisation, est amen\u00e9e \u00e0 s\u2019encrasser et se contaminer. Pour cela, un nettoyage r\u00e9gulier est n\u00e9cessaire, non seulement pour l&#8217;hygi\u00e8ne g\u00e9n\u00e9rale, mais aussi pour la s\u00e9curit\u00e9 contre l\u2019incendie.<\/p>\n<p>Nous pouvons vous proposer un nettoyage complet et une d\u00e9sinfection de votre installation, soit dans le cadre d\u2019un contrat d\u2019entretien r\u00e9gulier, soit pour un nettoyage sp\u00e9cifique. Pour cela, nous pouvons vous faire une offre apr\u00e8s avoir fait un devis en fonction du degr\u00e9 et du niveau de pollution.<br \/>\nUn tel nettoyage des filtres, des conduits et des ventilateurs garantit \u00e9galement une plus grande efficacit\u00e9 de l\u2019installation. Nous vous fournirons \u00e9galement un certificat approuv\u00e9 par le minist\u00e8re de la Sant\u00e9 et les compagnies d&#8217;assurance.[\/vc_column_text][\/vc_column][vc_column width=&#8221;1\/2&#8243;][vc_single_image image=&#8221;15333&#8243; img_size=&#8221;full&#8221;][\/vc_column][\/mk_page_section][vc_row][vc_column][mk_padding_divider size=&#8221;60&#8243;][\/vc_column][\/vc_row][vc_row padding=&#8221;0&#8243;][vc_column width=&#8221;1\/2&#8243;][mk_fancy_title font_family=&#8221;none&#8221;]\n<h4>Entretien des extincteurs<\/h4>\n[\/mk_fancy_title][vc_column_text disable_pattern=&#8221;false&#8221; css=&#8221;.vc_custom_1564749335966{margin-bottom: 0px !important;}&#8221;]Si votre cuisine dispose d\u2019un syst\u00e8me d\u2019extinction d\u2019incendie de la marque \u00ab\u00a0Range-Guard\u00a0\u00bb ou \u00ab\u00a0Kitchen Knight\u00a0\u00bb, nous pouvons aussi vous proposer une maintenance technique.<\/p>\n<p>Pour garantir un fonctionnement efficace du syst\u00e8me, les fabricants pr\u00e9conisent un entretien semestriel par nos techniciens agr\u00e9\u00e9s.<\/p>\n<p>Pendant les heures de travail (8h \/ 16h), veuillez contacter notre dispatching technique au num\u00e9ro de t\u00e9l\u00e9phone :\u00a0 +32 52 365 751 ou par courrier \u00e9lectronique \u00e0 maintenance@dekobra.be.[\/vc_column_text][\/vc_column][vc_column width=&#8221;1\/2&#8243;][vc_single_image image=&#8221;14587&#8243; img_size=&#8221;full&#8221;][\/vc_column][\/vc_row]\n","protected":false},"excerpt":{"rendered":"<p>[mk_page_section bg_color=&#8221;#f7f7f7&#8243; bg_repeat=&#8221;no-repeat&#8221; padding_top=&#8221;95&#8243; padding_bottom=&#8221;60&#8243; first_page=&#8221;false&#8221; last_page=&#8221;false&#8221; sidebar=&#8221;sidebar-1&#8243;][vc_column width=&#8221;1\/2&#8243;][mk_fancy_title font_family=&#8221;none&#8221;] Maintenance technique [\/mk_fancy_title][vc_column_text disable_pattern=&#8221;false&#8221; css=&#8221;.vc_custom_1564749383176{margin-bottom: 0px !important;}&#8221;]Afin d\u2019assurer la fiabilit\u00e9 de votre syst\u00e8me de ventilation de la cuisine, nous pouvons \u00e9galement vous proposer un entretien technique annuel. Cette maintenance technique, adapt\u00e9e \u00e0 votre installation, garantit que tous les composants sujet \u00e0 l&#8217;usure soient contr\u00f4l\u00e9s quant [&hellip;]<\/p>\n","protected":false},"author":8,"featured_media":0,"parent":0,"menu_order":0,"comment_status":"closed","ping_status":"closed","template":"","meta":{"_acf_changed":false,"_exactmetrics_skip_tracking":false,"_exactmetrics_sitenote_active":false,"_exactmetrics_sitenote_note":"","_exactmetrics_sitenote_category":0,"footnotes":""},"class_list":["post-15041","page","type-page","status-publish","hentry"],"acf":[],"yoast_head":"<!-- This site is optimized with the Yoast SEO plugin v27.0 - https:\/\/yoast.com\/product\/yoast-seo-wordpress\/ -->\n<title>Service - De Kobra<\/title>\n<meta name=\"robots\" content=\"index, follow, max-snippet:-1, max-image-preview:large, max-video-preview:-1\" \/>\n<link rel=\"canonical\" href=\"https:\/\/www.dekobra.be\/fr\/service\/\" \/>\n<meta property=\"og:locale\" content=\"fr_FR\" \/>\n<meta property=\"og:type\" content=\"article\" \/>\n<meta property=\"og:title\" content=\"Service - De Kobra\" \/>\n<meta property=\"og:description\" content=\"[mk_page_section bg_color=&#8221;#f7f7f7&#8243; bg_repeat=&#8221;no-repeat&#8221; padding_top=&#8221;95&#8243; padding_bottom=&#8221;60&#8243; first_page=&#8221;false&#8221; last_page=&#8221;false&#8221; sidebar=&#8221;sidebar-1&#8243;][vc_column width=&#8221;1\/2&#8243;][mk_fancy_title font_family=&#8221;none&#8221;] Maintenance technique [\/mk_fancy_title][vc_column_text disable_pattern=&#8221;false&#8221; css=&#8221;.vc_custom_1564749383176{margin-bottom: 0px !important;}&#8221;]Afin d\u2019assurer la fiabilit\u00e9 de votre syst\u00e8me de ventilation de la cuisine, nous pouvons \u00e9galement vous proposer un entretien technique annuel. Cette maintenance technique, adapt\u00e9e \u00e0 votre installation, garantit que tous les composants sujet \u00e0 l&#8217;usure soient contr\u00f4l\u00e9s quant [&hellip;]\" \/>\n<meta property=\"og:url\" content=\"https:\/\/www.dekobra.be\/fr\/service\/\" \/>\n<meta property=\"og:site_name\" content=\"De Kobra\" \/>\n<meta property=\"article:modified_time\" content=\"2021-02-11T14:05:47+00:00\" \/>\n<meta name=\"twitter:label1\" content=\"Est. reading time\" \/>\n\t<meta name=\"twitter:data1\" content=\"4 minutes\" \/>\n<!-- \/ Yoast SEO plugin. -->","yoast_head_json":{"title":"Service - De Kobra","robots":{"index":"index","follow":"follow","max-snippet":"max-snippet:-1","max-image-preview":"max-image-preview:large","max-video-preview":"max-video-preview:-1"},"canonical":"https:\/\/www.dekobra.be\/fr\/service\/","og_locale":"fr_FR","og_type":"article","og_title":"Service - De Kobra","og_description":"[mk_page_section bg_color=&#8221;#f7f7f7&#8243; bg_repeat=&#8221;no-repeat&#8221; padding_top=&#8221;95&#8243; padding_bottom=&#8221;60&#8243; first_page=&#8221;false&#8221; last_page=&#8221;false&#8221; sidebar=&#8221;sidebar-1&#8243;][vc_column width=&#8221;1\/2&#8243;][mk_fancy_title font_family=&#8221;none&#8221;] Maintenance technique [\/mk_fancy_title][vc_column_text disable_pattern=&#8221;false&#8221; css=&#8221;.vc_custom_1564749383176{margin-bottom: 0px !important;}&#8221;]Afin d\u2019assurer la fiabilit\u00e9 de votre syst\u00e8me de ventilation de la cuisine, nous pouvons \u00e9galement vous proposer un entretien technique annuel. Cette maintenance technique, adapt\u00e9e \u00e0 votre installation, garantit que tous les composants sujet \u00e0 l&#8217;usure soient contr\u00f4l\u00e9s quant [&hellip;]","og_url":"https:\/\/www.dekobra.be\/fr\/service\/","og_site_name":"De Kobra","article_modified_time":"2021-02-11T14:05:47+00:00","twitter_misc":{"Est. reading time":"4 minutes"},"schema":{"@context":"https:\/\/schema.org","@graph":[{"@type":"WebPage","@id":"https:\/\/www.dekobra.be\/fr\/service\/","url":"https:\/\/www.dekobra.be\/fr\/service\/","name":"Service - De Kobra","isPartOf":{"@id":"https:\/\/www.dekobra.be\/#website"},"datePublished":"2019-01-24T10:48:22+00:00","dateModified":"2021-02-11T14:05:47+00:00","breadcrumb":{"@id":"https:\/\/www.dekobra.be\/fr\/service\/#breadcrumb"},"inLanguage":"fr-FR","potentialAction":[{"@type":"ReadAction","target":["https:\/\/www.dekobra.be\/fr\/service\/"]}]},{"@type":"BreadcrumbList","@id":"https:\/\/www.dekobra.be\/fr\/service\/#breadcrumb","itemListElement":[{"@type":"ListItem","position":1,"name":"Home","item":"https:\/\/www.dekobra.be\/"},{"@type":"ListItem","position":2,"name":"Service"}]},{"@type":"WebSite","@id":"https:\/\/www.dekobra.be\/#website","url":"https:\/\/www.dekobra.be\/","name":"De Kobra","description":"","potentialAction":[{"@type":"SearchAction","target":{"@type":"EntryPoint","urlTemplate":"https:\/\/www.dekobra.be\/?s={search_term_string}"},"query-input":{"@type":"PropertyValueSpecification","valueRequired":true,"valueName":"search_term_string"}}],"inLanguage":"fr-FR"}]}},"_links":{"self":[{"href":"https:\/\/www.dekobra.be\/fr\/wp-json\/wp\/v2\/pages\/15041","targetHints":{"allow":["GET"]}}],"collection":[{"href":"https:\/\/www.dekobra.be\/fr\/wp-json\/wp\/v2\/pages"}],"about":[{"href":"https:\/\/www.dekobra.be\/fr\/wp-json\/wp\/v2\/types\/page"}],"author":[{"embeddable":true,"href":"https:\/\/www.dekobra.be\/fr\/wp-json\/wp\/v2\/users\/8"}],"replies":[{"embeddable":true,"href":"https:\/\/www.dekobra.be\/fr\/wp-json\/wp\/v2\/comments?post=15041"}],"version-history":[{"count":0,"href":"https:\/\/www.dekobra.be\/fr\/wp-json\/wp\/v2\/pages\/15041\/revisions"}],"wp:attachment":[{"href":"https:\/\/www.dekobra.be\/fr\/wp-json\/wp\/v2\/media?parent=15041"}],"curies":[{"name":"wp","href":"https:\/\/api.w.org\/{rel}","templated":true}]}}