{"id":15042,"date":"2019-01-24T10:48:37","date_gmt":"2019-01-24T10:48:37","guid":{"rendered":"https:\/\/www.dekobra.be\/?page_id=15042"},"modified":"2023-05-09T02:10:15","modified_gmt":"2023-05-09T02:10:15","slug":"homepage-2","status":"publish","type":"page","link":"https:\/\/www.dekobra.be\/fr\/","title":{"rendered":"Home"},"content":{"rendered":"[vc_row fullwidth=&#8221;true&#8221; padding=&#8221;0&#8243; css=&#8221;.vc_custom_1544721222239{margin-top: 0px !important;margin-right: 0px !important;margin-bottom: 0px !important;margin-left: 0px !important;padding-top: 0px !important;padding-right: 0px !important;padding-bottom: 0px !important;padding-left: 0px !important;}&#8221;][vc_column][mk_layerslider id=&#8221;13&#8243; el_class=&#8221;slidermain__row&#8221;][\/vc_column][\/vc_row][vc_row][vc_column][mk_fancy_title color=&#8221;#222222&#8243; size=&#8221;28&#8243; txt_transform=&#8221;capitalize&#8221; letter_spacing=&#8221;1&#8243; margin_top=&#8221;80&#8243; font_family=&#8221;none&#8221; align=&#8221;center&#8221; width=&#8221;1\/1&#8243; el_position=&#8221;first last&#8221;]SOLUTIONS TOTALES POUR TOUTES LES APPLICATIONS D&#8217;EXTRACTION[\/mk_fancy_title][mk_divider style=&#8221;padding_space&#8221; margin_top=&#8221;19&#8243; margin_bottom=&#8221;19&#8243; width=&#8221;1\/1&#8243; el_position=&#8221;first last&#8221;][mk_icon_box icon=&#8221;&#8221; font_weight=&#8221;bold&#8221; read_more_txt=&#8221;PLUS SUR PRODUITS&#8221; read_more_url=&#8221;https:\/\/www.dekobra.be\/producten\/&#8221; style=&#8221;simple_ultimate&#8221; icon_size=&#8221;medium&#8221; icon_location=&#8221;top&#8221; icon_color=&#8221;#75b4c6&#8243; title_color=&#8221;#222222&#8243; txt_color=&#8221;#595959&#8243; margin=&#8221;20&#8243; animation=&#8221;scale-up&#8221; box_blur=&#8221;false&#8221; width=&#8221;1\/1&#8243; el_position=&#8221;first&#8221;]Vapeurs, gaz, odeurs, particules de graisse,\u2026 tout ne peut \u00eatre \u00e9vacu\u00e9 de mani\u00e8re professionnelle que par un syst\u00e8me d\u2019extraction efficace.<\/p>\n<p>De Kobra, qui est active dans les hottes et les syst\u00e8mes d\u2019extraction depuis plus de 60 ans, vous propose des solutions de haute qualit\u00e9, efficaces et tourn\u00e9es vers l\u2019avenir. Nous adaptons des syst\u00e8mes complets \u00e0 l\u2019industrie de l\u2019horeca, aux cuisines professionelles et \u00e0 l\u2019industrie.<\/p>\n<p>Nous avons une solution pour chaque situation qui est compos\u00e9e d\u2019\u00e9l\u00e9ments essentiels, qui s\u2019embo\u00eetent parfaitement et qui sont tous con\u00e7us afin de vous offrir la solution d\u2019extraction la meilleure, la plus qualitative et la plus esth\u00e9tique.<\/p>\n[\/mk_icon_box][\/vc_column][\/vc_row][vc_row][vc_column][mk_divider style=&#8221;padding_space&#8221; margin_top=&#8221;19&#8243; margin_bottom=&#8221;19&#8243; width=&#8221;1\/1&#8243; el_position=&#8221;first last&#8221;][vc_gallery type=&#8221;image_grid&#8221; images=&#8221;15422,15420,15418,15416,15414,15412,15410&#8243; css_animation=&#8221;left-to-right&#8221;][mk_fancy_title color=&#8221;#222222&#8243; size=&#8221;28&#8243; txt_transform=&#8221;capitalize&#8221; letter_spacing=&#8221;1&#8243; margin_top=&#8221;80&#8243; font_family=&#8221;none&#8221; align=&#8221;center&#8221; width=&#8221;1\/1&#8243; el_position=&#8221;first last&#8221;]D\u00c9COUVREZ DE KOBRA[\/mk_fancy_title][\/vc_column][\/vc_row][vc_row][vc_column width=&#8221;1\/4&#8243;][mk_icon_box icon=&#8221;mk-icon-sort-alpha-asc&#8221; title=&#8221;Accompagnement de A \u00e0 Z&#8221; font_weight=&#8221;bold&#8221; read_more_txt=&#8221;PLUS SUR NOUS&#8221; read_more_url=&#8221;https:\/\/www.dekobra.be\/fr\/bedrijf\/&#8221; style=&#8221;simple_ultimate&#8221; icon_size=&#8221;medium&#8221; icon_location=&#8221;top&#8221; icon_color=&#8221;#75b4c6&#8243; title_color=&#8221;#222222&#8243; txt_color=&#8221;#595959&#8243; margin=&#8221;20&#8243; animation=&#8221;scale-up&#8221; box_blur=&#8221;false&#8221; width=&#8221;1\/1&#8243; el_position=&#8221;first&#8221;]De Kobra est votre point d\u2019achat unique pour les syst\u00e8mes et les services dans le domaine de la ventilation des cuisines professionnelles et\u00a0des salles de service<span style=\"text-decoration: line-through;\">s<\/span>. D\u00e9couvrez ce que nous pouvons faire pour vous![\/mk_icon_box][\/vc_column][vc_column width=&#8221;1\/4&#8243;][mk_icon_box icon=&#8221;mk-moon-bubbles&#8221; title=&#8221;\u00c9tude et conception&#8221; font_weight=&#8221;bold&#8221; read_more_txt=&#8221;PLUS SUR NOUS&#8221; read_more_url=&#8221;https:\/\/www.dekobra.be\/fr\/bedrijf\/&#8221; style=&#8221;simple_ultimate&#8221; icon_size=&#8221;medium&#8221; icon_location=&#8221;top&#8221; icon_color=&#8221;#75b4c6&#8243; title_color=&#8221;#222222&#8243; txt_color=&#8221;#595959&#8243; margin=&#8221;0&#8243; animation=&#8221;scale-up&#8221; box_blur=&#8221;false&#8221; width=&#8221;1\/1&#8243;]De grands projets? Nous vous aidons \u00e0 les r\u00e9aliser ensemble. D\u00e9j\u00e0 d\u00e8s l\u2019id\u00e9e et\/ou la conception, nous vous assistons.[\/mk_icon_box][\/vc_column][vc_column width=&#8221;1\/4&#8243;][mk_icon_box icon=&#8221;mk-icon-graduation-cap&#8221; title=&#8221;PRODUCTION &amp; MONTAGE&#8221; font_weight=&#8221;bold&#8221; read_more_txt=&#8221;PLUS SUR NOUS&#8221; read_more_url=&#8221;https:\/\/www.dekobra.be\/fr\/bedrijf\/&#8221; style=&#8221;simple_ultimate&#8221; icon_size=&#8221;medium&#8221; icon_location=&#8221;top&#8221; icon_color=&#8221;#75b4c6&#8243; title_color=&#8221;#222222&#8243; txt_color=&#8221;#595959&#8243; margin=&#8221;0&#8243; animation=&#8221;scale-up&#8221; box_blur=&#8221;false&#8221; width=&#8221;1\/1&#8243; el_position=&#8221;last&#8221;]Apr\u00e8s avoir fabriqu\u00e9 votre produit dans notre propre atelier, nos professionnels assurent \u00e9galement un placement parfait.[\/mk_icon_box][\/vc_column][vc_column width=&#8221;1\/4&#8243;][mk_icon_box icon=&#8221;mk-moon-wrench-4&#8243; title=&#8221;MAINTENANCE &amp; SERVICE&#8221; font_weight=&#8221;bold&#8221; read_more_txt=&#8221;MEER OVER ONS&#8221; read_more_url=&#8221;https:\/\/www.dekobra.be\/fr\/service\/&#8221; style=&#8221;simple_ultimate&#8221; icon_size=&#8221;medium&#8221; icon_location=&#8221;top&#8221; icon_color=&#8221;#75b4c6&#8243; title_color=&#8221;#222222&#8243; txt_color=&#8221;#595959&#8243; margin=&#8221;0&#8243; animation=&#8221;scale-up&#8221; box_blur=&#8221;false&#8221; width=&#8221;1\/1&#8243; el_position=&#8221;last&#8221;]Gr\u00e2ce \u00e0 un entretien\u00a0r\u00e9gulier, la continuit\u00e9 de vos \u00e9quipements (et de vos investissements) est garantie.[\/mk_icon_box][\/vc_column][\/vc_row][vc_row][vc_column][mk_divider style=&#8221;padding_space&#8221; margin_top=&#8221;15&#8243; margin_bottom=&#8221;15&#8243; width=&#8221;1\/1&#8243; el_position=&#8221;first last&#8221;][\/vc_column][\/vc_row][vc_row][vc_column][vc_video host=&#8221;self_hosted&#8221; mp4=&#8221;https:\/\/www.dekobra.be\/wp-content\/uploads\/2023\/05\/nv_de_kobra_fr.mp4&#8243; poster_image=&#8221;https:\/\/www.dekobra.be\/wp-content\/uploads\/2023\/05\/video_preview.png&#8221;][\/vc_column][\/vc_row][vc_row][vc_column][mk_divider style=&#8221;padding_space&#8221;][\/vc_column][\/vc_row][vc_row][vc_column][mk_fancy_title color=&#8221;#222222&#8243; size=&#8221;28&#8243; txt_transform=&#8221;capitalize&#8221; letter_spacing=&#8221;1&#8243; margin_top=&#8221;80&#8243; font_family=&#8221;none&#8221; align=&#8221;center&#8221; width=&#8221;1\/1&#8243; el_position=&#8221;first last&#8221;]SOLUTIONS PROFESSIONNELLES POUR CHAQUE SECTEUR[\/mk_fancy_title][mk_divider style=&#8221;padding_space&#8221; margin_top=&#8221;19&#8243; margin_bottom=&#8221;19&#8243; width=&#8221;1\/1&#8243; el_position=&#8221;first last&#8221;][\/vc_column][\/vc_row][vc_row el_class=&#8221;threebox_homerow&#8221;][vc_column width=&#8221;1\/3&#8243;][vc_single_image image=&#8221;15360&#8243; img_size=&#8221;&#8221; onclick=&#8221;custom_link&#8221; link=&#8221;https:\/\/www.dekobra.be\/referenties\/&#8221;][mk_icon_box icon=&#8221;&#8221; title=&#8221;HORECA&#8221; font_weight=&#8221;bold&#8221; read_more_txt=&#8221;PLUS SUR NOS REFERENCES&#8221; read_more_url=&#8221;https:\/\/www.dekobra.be\/referenties\/#horeca&#8221; style=&#8221;simple_ultimate&#8221; icon_size=&#8221;medium&#8221; icon_location=&#8221;top&#8221; icon_color=&#8221;#75b4c6&#8243; title_color=&#8221;#222222&#8243; txt_color=&#8221;#595959&#8243; margin=&#8221;0&#8243; box_blur=&#8221;false&#8221; width=&#8221;1\/1&#8243;]De Kobra est depuis longtemps un \u00e9l\u00e9ment incontournable du monde Horeca. Nos produits et solutions se trouvent dans des centaines de restaurants dans notre pays (en Belgique et Grand-Duch\u00e9 du Luxembourg).[\/mk_icon_box][\/vc_column][vc_column width=&#8221;1\/3&#8243;][vc_single_image image=&#8221;15354&#8243; img_size=&#8221;&#8221; onclick=&#8221;custom_link&#8221; link=&#8221;https:\/\/www.dekobra.be\/referenties\/&#8221;][mk_icon_box icon=&#8221;&#8221; title=&#8221;CUISINE PROFESSIONNELLE OU COLLECTIVE&#8221; font_weight=&#8221;bold&#8221; read_more_txt=&#8221;PLUS SUR NOS REFERENCES&#8221; read_more_url=&#8221;https:\/\/www.dekobra.be\/referenties\/#grootkeuken&#8221; style=&#8221;simple_ultimate&#8221; icon_size=&#8221;medium&#8221; icon_location=&#8221;top&#8221; icon_color=&#8221;#75b4c6&#8243; title_color=&#8221;#222222&#8243; txt_color=&#8221;#595959&#8243; margin=&#8221;0&#8243; box_blur=&#8221;false&#8221; width=&#8221;1\/1&#8243;]Cuisine collective pour entreprise, \u00e9cole, h\u00f4pital, maison de repos et de retraite, &#8230; ou cuisine professionnelle de la boulangerie, boucherie, poissonnerie, &#8230;. En tant que sp\u00e9cialiste, le Kobra est le partenaire fiable pour votre projet de cuisine professionnelle ou collective.[\/mk_icon_box][\/vc_column][vc_column width=&#8221;1\/3&#8243;][vc_single_image image=&#8221;15357&#8243; img_size=&#8221;&#8221; onclick=&#8221;custom_link&#8221; link=&#8221;https:\/\/www.dekobra.be\/referenties\/&#8221;][mk_icon_box icon=&#8221;&#8221; title=&#8221;INDUSTRIE&#8221; font_weight=&#8221;bold&#8221; read_more_txt=&#8221;PLUS SUR NOS REFERENCES&#8221; read_more_url=&#8221;https:\/\/www.dekobra.be\/referenties\/#industrie&#8221; style=&#8221;simple_ultimate&#8221; icon_size=&#8221;medium&#8221; icon_location=&#8221;top&#8221; icon_color=&#8221;#75b4c6&#8243; title_color=&#8221;#222222&#8243; txt_color=&#8221;#595959&#8243; margin=&#8221;0&#8243; box_blur=&#8221;false&#8221; width=&#8221;1\/1&#8243; el_position=&#8221;last&#8221;]D\u00e9couvrez nos solutions et applications sp\u00e9ciales pour l&#8217;industrie alimentaire.[\/mk_icon_box][\/vc_column][vc_column][mk_divider style=&#8221;padding_space&#8221; margin_top=&#8221;105&#8243; margin_bottom=&#8221;19&#8243; width=&#8221;1\/1&#8243; el_position=&#8221;first last&#8221;][\/vc_column][\/vc_row]\n","protected":false},"excerpt":{"rendered":"<p>[vc_row fullwidth=&#8221;true&#8221; padding=&#8221;0&#8243; css=&#8221;.vc_custom_1544721222239{margin-top: 0px !important;margin-right: 0px !important;margin-bottom: 0px !important;margin-left: 0px !important;padding-top: 0px !important;padding-right: 0px !important;padding-bottom: 0px !important;padding-left: 0px !important;}&#8221;][vc_column][mk_layerslider id=&#8221;13&#8243; el_class=&#8221;slidermain__row&#8221;][\/vc_column][\/vc_row][vc_row][vc_column][mk_fancy_title color=&#8221;#222222&#8243; size=&#8221;28&#8243; txt_transform=&#8221;capitalize&#8221; letter_spacing=&#8221;1&#8243; margin_top=&#8221;80&#8243; font_family=&#8221;none&#8221; align=&#8221;center&#8221; width=&#8221;1\/1&#8243; el_position=&#8221;first last&#8221;]SOLUTIONS TOTALES POUR TOUTES LES APPLICATIONS D&#8217;EXTRACTION[\/mk_fancy_title][mk_divider style=&#8221;padding_space&#8221; margin_top=&#8221;19&#8243; margin_bottom=&#8221;19&#8243; width=&#8221;1\/1&#8243; el_position=&#8221;first last&#8221;][mk_icon_box icon=&#8221;&#8221; font_weight=&#8221;bold&#8221; read_more_txt=&#8221;PLUS SUR PRODUITS&#8221; read_more_url=&#8221;https:\/\/www.dekobra.be\/producten\/&#8221; style=&#8221;simple_ultimate&#8221; icon_size=&#8221;medium&#8221; icon_location=&#8221;top&#8221; icon_color=&#8221;#75b4c6&#8243; title_color=&#8221;#222222&#8243; [&hellip;]<\/p>\n","protected":false},"author":8,"featured_media":0,"parent":0,"menu_order":0,"comment_status":"open","ping_status":"closed","template":"","meta":{"_acf_changed":false,"_exactmetrics_skip_tracking":false,"_exactmetrics_sitenote_active":false,"_exactmetrics_sitenote_note":"","_exactmetrics_sitenote_category":0,"footnotes":""},"class_list":["post-15042","page","type-page","status-publish","hentry"],"acf":[],"yoast_head":"<!-- This site is optimized with the Yoast SEO plugin v27.0 - https:\/\/yoast.com\/product\/yoast-seo-wordpress\/ -->\n<title>Home - De Kobra<\/title>\n<meta name=\"robots\" content=\"index, follow, max-snippet:-1, max-image-preview:large, max-video-preview:-1\" \/>\n<link rel=\"canonical\" href=\"https:\/\/www.dekobra.be\/\" \/>\n<meta property=\"og:locale\" content=\"fr_FR\" \/>\n<meta property=\"og:type\" content=\"article\" \/>\n<meta property=\"og:title\" content=\"Home - De Kobra\" \/>\n<meta property=\"og:description\" content=\"[vc_row fullwidth=&#8221;true&#8221; padding=&#8221;0&#8243; css=&#8221;.vc_custom_1544721222239{margin-top: 0px !important;margin-right: 0px !important;margin-bottom: 0px !important;margin-left: 0px !important;padding-top: 0px !important;padding-right: 0px !important;padding-bottom: 0px !important;padding-left: 0px !important;}&#8221;][vc_column][mk_layerslider id=&#8221;13&#8243; el_class=&#8221;slidermain__row&#8221;][\/vc_column][\/vc_row][vc_row][vc_column][mk_fancy_title color=&#8221;#222222&#8243; size=&#8221;28&#8243; txt_transform=&#8221;capitalize&#8221; letter_spacing=&#8221;1&#8243; margin_top=&#8221;80&#8243; font_family=&#8221;none&#8221; align=&#8221;center&#8221; width=&#8221;1\/1&#8243; el_position=&#8221;first last&#8221;]SOLUTIONS TOTALES POUR TOUTES LES APPLICATIONS D&#8217;EXTRACTION[\/mk_fancy_title][mk_divider style=&#8221;padding_space&#8221; margin_top=&#8221;19&#8243; margin_bottom=&#8221;19&#8243; width=&#8221;1\/1&#8243; el_position=&#8221;first last&#8221;][mk_icon_box icon=&#8221;&#8221; font_weight=&#8221;bold&#8221; read_more_txt=&#8221;PLUS SUR PRODUITS&#8221; read_more_url=&#8221;https:\/\/www.dekobra.be\/producten\/&#8221; style=&#8221;simple_ultimate&#8221; icon_size=&#8221;medium&#8221; icon_location=&#8221;top&#8221; icon_color=&#8221;#75b4c6&#8243; title_color=&#8221;#222222&#8243; [&hellip;]\" \/>\n<meta property=\"og:url\" content=\"https:\/\/www.dekobra.be\/\" \/>\n<meta property=\"og:site_name\" content=\"De Kobra\" \/>\n<meta property=\"article:modified_time\" content=\"2023-05-09T02:10:15+00:00\" \/>\n<meta name=\"twitter:label1\" content=\"Est. reading time\" \/>\n\t<meta name=\"twitter:data1\" content=\"6 minutes\" \/>\n<!-- \/ Yoast SEO plugin. -->","yoast_head_json":{"title":"Home - De Kobra","robots":{"index":"index","follow":"follow","max-snippet":"max-snippet:-1","max-image-preview":"max-image-preview:large","max-video-preview":"max-video-preview:-1"},"canonical":"https:\/\/www.dekobra.be\/","og_locale":"fr_FR","og_type":"article","og_title":"Home - De Kobra","og_description":"[vc_row fullwidth=&#8221;true&#8221; padding=&#8221;0&#8243; css=&#8221;.vc_custom_1544721222239{margin-top: 0px !important;margin-right: 0px !important;margin-bottom: 0px !important;margin-left: 0px !important;padding-top: 0px !important;padding-right: 0px !important;padding-bottom: 0px !important;padding-left: 0px !important;}&#8221;][vc_column][mk_layerslider id=&#8221;13&#8243; el_class=&#8221;slidermain__row&#8221;][\/vc_column][\/vc_row][vc_row][vc_column][mk_fancy_title color=&#8221;#222222&#8243; size=&#8221;28&#8243; txt_transform=&#8221;capitalize&#8221; letter_spacing=&#8221;1&#8243; margin_top=&#8221;80&#8243; font_family=&#8221;none&#8221; align=&#8221;center&#8221; width=&#8221;1\/1&#8243; el_position=&#8221;first last&#8221;]SOLUTIONS TOTALES POUR TOUTES LES APPLICATIONS D&#8217;EXTRACTION[\/mk_fancy_title][mk_divider style=&#8221;padding_space&#8221; margin_top=&#8221;19&#8243; margin_bottom=&#8221;19&#8243; width=&#8221;1\/1&#8243; el_position=&#8221;first last&#8221;][mk_icon_box icon=&#8221;&#8221; font_weight=&#8221;bold&#8221; read_more_txt=&#8221;PLUS SUR PRODUITS&#8221; read_more_url=&#8221;https:\/\/www.dekobra.be\/producten\/&#8221; style=&#8221;simple_ultimate&#8221; icon_size=&#8221;medium&#8221; icon_location=&#8221;top&#8221; icon_color=&#8221;#75b4c6&#8243; title_color=&#8221;#222222&#8243; [&hellip;]","og_url":"https:\/\/www.dekobra.be\/","og_site_name":"De Kobra","article_modified_time":"2023-05-09T02:10:15+00:00","twitter_misc":{"Est. reading time":"6 minutes"},"schema":{"@context":"https:\/\/schema.org","@graph":[{"@type":"WebPage","@id":"https:\/\/www.dekobra.be\/","url":"https:\/\/www.dekobra.be\/","name":"Home - De Kobra","isPartOf":{"@id":"https:\/\/www.dekobra.be\/#website"},"datePublished":"2019-01-24T10:48:37+00:00","dateModified":"2023-05-09T02:10:15+00:00","breadcrumb":{"@id":"https:\/\/www.dekobra.be\/#breadcrumb"},"inLanguage":"fr-FR","potentialAction":[{"@type":"ReadAction","target":["https:\/\/www.dekobra.be\/"]}]},{"@type":"BreadcrumbList","@id":"https:\/\/www.dekobra.be\/#breadcrumb","itemListElement":[{"@type":"ListItem","position":1,"name":"Home","item":"https:\/\/www.dekobra.be\/"},{"@type":"ListItem","position":2,"name":"Home"}]},{"@type":"WebSite","@id":"https:\/\/www.dekobra.be\/#website","url":"https:\/\/www.dekobra.be\/","name":"De Kobra","description":"","potentialAction":[{"@type":"SearchAction","target":{"@type":"EntryPoint","urlTemplate":"https:\/\/www.dekobra.be\/?s={search_term_string}"},"query-input":{"@type":"PropertyValueSpecification","valueRequired":true,"valueName":"search_term_string"}}],"inLanguage":"fr-FR"}]}},"_links":{"self":[{"href":"https:\/\/www.dekobra.be\/fr\/wp-json\/wp\/v2\/pages\/15042","targetHints":{"allow":["GET"]}}],"collection":[{"href":"https:\/\/www.dekobra.be\/fr\/wp-json\/wp\/v2\/pages"}],"about":[{"href":"https:\/\/www.dekobra.be\/fr\/wp-json\/wp\/v2\/types\/page"}],"author":[{"embeddable":true,"href":"https:\/\/www.dekobra.be\/fr\/wp-json\/wp\/v2\/users\/8"}],"replies":[{"embeddable":true,"href":"https:\/\/www.dekobra.be\/fr\/wp-json\/wp\/v2\/comments?post=15042"}],"version-history":[{"count":2,"href":"https:\/\/www.dekobra.be\/fr\/wp-json\/wp\/v2\/pages\/15042\/revisions"}],"predecessor-version":[{"id":15806,"href":"https:\/\/www.dekobra.be\/fr\/wp-json\/wp\/v2\/pages\/15042\/revisions\/15806"}],"wp:attachment":[{"href":"https:\/\/www.dekobra.be\/fr\/wp-json\/wp\/v2\/media?parent=15042"}],"curies":[{"name":"wp","href":"https:\/\/api.w.org\/{rel}","templated":true}]}}