{"id":15068,"date":"2019-01-24T11:14:01","date_gmt":"2019-01-24T11:14:01","guid":{"rendered":"https:\/\/www.dekobra.be\/?page_id=15068"},"modified":"2021-02-17T15:41:47","modified_gmt":"2021-02-17T15:41:47","slug":"bedrijf","status":"publish","type":"page","link":"https:\/\/www.dekobra.be\/fr\/bedrijf\/","title":{"rendered":"Sur nous"},"content":{"rendered":"[vc_row css=&#8221;.vc_custom_1447688715091{padding-top: 3px !important;padding-right: 3px !important;padding-bottom: 3px !important;padding-left: 3px !important;}&#8221;][vc_column width=&#8221;2\/3&#8243;][mk_fancy_title color=&#8221;#393836&#8243; size=&#8221;16&#8243; font_weight=&#8221;bold&#8221; txt_transform=&#8221;uppercase&#8221; letter_spacing=&#8221;1&#8243; margin_bottom=&#8221;25&#8243; font_family=&#8221;none&#8221;]PR\u00c9SENTATION[\/mk_fancy_title][vc_column_text disable_pattern=&#8221;false&#8221; css=&#8221;.vc_custom_1565096204761{margin-bottom: 0px !important;}&#8221;]Cr\u00e9\u00e9e il y a plus de 50 ans, la soci\u00e9t\u00e9 De Kobra est devenue depuis lors le premier fournisseur belge de solutions globales dans le domaine de la ventilation pour les cuisines collectives et les salles de consommation. Les \u00e9tudes pr\u00e9liminaires, l&#8217;installation, le nettoyage, l&#8217;entretien et un service 7j\/7 font partie de l&#8217;offre globale. La fonctionnalit\u00e9 ne se fait jamais au d\u00e9triment de la forme. Aussi claire et transparente qu\u2019est la technologie des syst\u00e8mes, aussi \u00e9l\u00e9gant et intemporel est le design.<\/p>\n<p>Gr\u00e2ce \u00e0 son propre d\u00e9partement de conception et de production, qui utilise des syst\u00e8mes CFAO avanc\u00e9s pour concevoir l&#8217;installation en 3D, les programmes CN sont g\u00e9n\u00e9r\u00e9s de mani\u00e8re transparente et envoy\u00e9s aux machines \u00e0 commande num\u00e9rique. Gr\u00e2ce \u00e0 ses propres services de montage, De Kobra garantit une ex\u00e9cution parfaite de ses travaux.<\/p>\n<p><img loading=\"lazy\" decoding=\"async\" class=\"alignnone wp-image-14884 size-full\" src=\"https:\/\/www.dekobra.be\/wp-content\/uploads\/2018\/12\/gerald-1.jpg\" alt=\"\" width=\"1170\" height=\"775\" srcset=\"https:\/\/www.dekobra.be\/wp-content\/uploads\/2018\/12\/gerald-1.jpg 1170w, https:\/\/www.dekobra.be\/wp-content\/uploads\/2018\/12\/gerald-1-300x199.jpg 300w, https:\/\/www.dekobra.be\/wp-content\/uploads\/2018\/12\/gerald-1-768x509.jpg 768w, https:\/\/www.dekobra.be\/wp-content\/uploads\/2018\/12\/gerald-1-1024x678.jpg 1024w, https:\/\/www.dekobra.be\/wp-content\/uploads\/2018\/12\/gerald-1-600x397.jpg 600w\" sizes=\"auto, (max-width: 1170px) 100vw, 1170px\" \/><\/p>\n<p>Forte de ses nombreuses ann\u00e9es d&#8217;exp\u00e9rience, De Kobra propose \u00e0 ses clients des solutions adapt\u00e9es au co\u00fbt total du cycle de vie. Par exemple, De Kobra propose \u00e0 ses clients des contrats de maintenance sur mesure, tant pour la maintenance technique que pour la maintenance hygi\u00e9nique.<\/p>\n<p>Bien entendu, nous restons orient\u00e9s vers le futur. De Kobra est constamment \u00e0 la recherche de nouvelles m\u00e9thodes et techniques. Il s&#8217;agit notamment de d\u00e9veloppements visant \u00e0 am\u00e9liorer les performances, \u00e0 r\u00e9duire la consommation d&#8217;\u00e9nergie, \u00e0 am\u00e9liorer le confort et \u00e0 accro\u00eetre la s\u00e9curit\u00e9. Par exemple, la hotte aspirante Inductivo Aircomfort a \u00e9t\u00e9 d\u00e9velopp\u00e9e pour un meilleur contr\u00f4le du d\u00e9bit d&#8217;air et le syst\u00e8me Intellihood a \u00e9t\u00e9 introduit pour fournir un syst\u00e8me de ventilation de cuisine intelligent. Ce syst\u00e8me r\u00e9gule automatiquement le d\u00e9bit de la ventilation en une seconde selon les exigences du moment.[\/vc_column_text][mk_fancy_title color=&#8221;#393836&#8243; size=&#8221;16&#8243; font_weight=&#8221;bold&#8221; txt_transform=&#8221;uppercase&#8221; letter_spacing=&#8221;1&#8243; margin_top=&#8221;50&#8243; margin_bottom=&#8221;35&#8243; font_family=&#8221;none&#8221;]NOTRE MISSION[\/mk_fancy_title][vc_column_text disable_pattern=&#8221;false&#8221; css=&#8221;.vc_custom_1564745907431{margin-bottom: 0px !important;}&#8221;]De Kobra est votre \u2018one-stop shop\u2019 unique pour les syst\u00e8mes et le service dans le domaine de la ventilation des cuisines professionnelles. Aussi bien l\u2019horeca et la cuisine collective, que le particulier exigeant, sont s\u00fbrs de trouver leur chemin dans l&#8217;offre polyvalente de De Kobra.<\/p>\n<p><img loading=\"lazy\" decoding=\"async\" class=\"alignnone wp-image-14750 size-full\" src=\"https:\/\/www.dekobra.be\/wp-content\/uploads\/2018\/08\/de_kobra_naambord.jpg\" alt=\"\" width=\"1170\" height=\"395\" srcset=\"https:\/\/www.dekobra.be\/wp-content\/uploads\/2018\/08\/de_kobra_naambord.jpg 1170w, https:\/\/www.dekobra.be\/wp-content\/uploads\/2018\/08\/de_kobra_naambord-300x101.jpg 300w, https:\/\/www.dekobra.be\/wp-content\/uploads\/2018\/08\/de_kobra_naambord-768x259.jpg 768w, https:\/\/www.dekobra.be\/wp-content\/uploads\/2018\/08\/de_kobra_naambord-1024x346.jpg 1024w, https:\/\/www.dekobra.be\/wp-content\/uploads\/2018\/08\/de_kobra_naambord-600x203.jpg 600w\" sizes=\"auto, (max-width: 1170px) 100vw, 1170px\" \/><\/p>\n<p>De Kobra fait partie du groupe GGSG, au sein duquel on retrouve \u00e9galement la soci\u00e9t\u00e9 Allindus, sp\u00e9cialis\u00e9e dans le nettoyage et l\u2019entretien d\u2019installations professionnelles. Le groupe lui procure \u00e9galement les resources n\u00e9cessaires de croissance et d\u2019investissement.<\/p>\n<p>Gr\u00e2ce \u00e0 des ann\u00e9es d&#8217;exp\u00e9rience et \u00e0 une politique de produit innovante, De Kobra peut vous proposer tous ce que les professionnels de la restauration et de la grande cuisine recherchent : un confort sans compromis, des \u00e9conomies d&#8217;\u00e9nergie, une esth\u00e9tique intemporelle, le respect de l&#8217;environnement, une s\u00e9curit\u00e9 alimentaire et un service fiable.<br \/>\nLorsque vous travailler avec De Kobra, vous pouvez dormir sur les deux oreilles. De Kobra offre toujours une solution totale pour la ventilation de votre cuisine. Tout ce que vous avez \u00e0 faire est d&#8217;appuyer sur le bouton. De Kobra s&#8217;occupe du reste. De a \u00e0 z. De l&#8217;\u00e9tude et du design &#8211; \u00e9ventuellement en collaboration avec votre architecte ou entreprise d&#8217;ing\u00e9nierie &#8211; \u00e0 la fabrication sur mesure, l&#8217;installation, la maintenance et le service. Il n\u2019a pas plus facile ou confortable.<\/p>\n[\/vc_column_text][mk_padding_divider size=&#8221;30&#8243;][\/vc_column][vc_column width=&#8221;1\/3&#8243;][mk_fancy_title color=&#8221;#393836&#8243; size=&#8221;16&#8243; font_weight=&#8221;bold&#8221; txt_transform=&#8221;uppercase&#8221; letter_spacing=&#8221;1&#8243; margin_top=&#8221;50&#8243; margin_bottom=&#8221;35&#8243; font_family=&#8221;none&#8221;]NOS CLIENTS ONT LA PAROLE[\/mk_fancy_title][mk_testimonials style=&#8221;boxed&#8221; count=&#8221;3&#8243; slideshow_speed=&#8221;5000&#8243; testimonials=&#8221;12232, 14641&#8243;][\/vc_column][\/vc_row][vc_row][vc_column][vc_tabs][vc_tab title=&#8221;INNOVANT&#8221; tab_id=&#8221;1409589989606-2-1&#8243;][vc_column_text disable_pattern=&#8221;false&#8221; css=&#8221;.vc_custom_1564745961447{margin-bottom: 0px !important;}&#8221;]De Kobra recherche constamment de nouvelles m\u00e9thodes et techniques pour la ventilation de la cuisine. Le r\u00e9sultat: une meilleure performance, une consommation d&#8217;\u00e9nergie plus faible, plus de confort, plus de s\u00e9curit\u00e9.<\/p>\n<p>Quelques exemples\u00a0: la nouvelle hotte \u00e0 vapeur Inductivo Aircomfort et la Ventilation de cuisine Intelligente, un syst\u00e8me qui ajuste automatiquement et end\u00e9ans la seconde, le d\u00e9bit de ventilation selon les exigences actuelles.[\/vc_column_text][\/vc_tab][vc_tab title=&#8221;ENVIRONNEMENT&#8221; tab_id=&#8221;1531924744631-5-4&#8243;][vc_column_text disable_pattern=&#8221;false&#8221; css=&#8221;.vc_custom_1564751604620{margin-bottom: 0px !important;}&#8221;]Dans la soci\u00e9t\u00e9 d\u2019aujourd\u2019hui, la sensibilit\u00e9 aux facteurs perturbateurs de l&#8217;environnement tels que la pollution sonore, les \u00e9missions de gaz nocifs et les mauvaises odeurs a augment\u00e9. L\u2019importance de la s\u00e9curit\u00e9 alimentaire a \u00e9galement sensiblement augment\u00e9 au cours des derni\u00e8res ann\u00e9es. Cela se traduit par une r\u00e9glementation plus stricte, qui a son impact sur vous, aussi bien comme g\u00e9rant de restaurant que comme responsable de grande cuisine, de boulangerie industrielle, etc.<br \/>\nLes syst\u00e8mes de ventilation De Kobra et le service associ\u00e9 sont con\u00e7us pour se conformer \u00e0 toutes les normes applicables, telles que VLAREM et les points critiques de contr\u00f4le des risques (HACCP), \u00e0 la fois en conception et en ex\u00e9cution.<\/p>\n<p>Quelques exemples:<\/p>\n<p>\u2022 Les filtres \u00e0 charbon actif purifient l\u2019air en y extrayant les particules d\u2019odeur<br \/>\n\u2022 Les particules de graisse sont \u00e9limin\u00e9es par l&#8217;ozone, ce qui r\u00e9duit la maintenance de 90%.<br \/>\n\u2022 Des filtres de son sp\u00e9ciaux r\u00e9duisent le niveau de bruit produit afin de respecter les normes VLAREM.[\/vc_column_text][\/vc_tab][vc_tab title=&#8221;\u00c9CONOMIE D&#8217;\u00c9NERGIE&#8221; tab_id=&#8221;1531924483541-3-2&#8243;][vc_column_text disable_pattern=&#8221;false&#8221; css=&#8221;.vc_custom_1564751644801{margin-bottom: 0px !important;}&#8221;]La ventilation de cuisine n\u00e9cessite beaucoup d&#8217;\u00e9nergie pour deux raisons: la consommation de l\u2019installation-m\u00eame et l&#8217;\u00e9nergie n\u00e9cessaire pour compenser la chaleur perdue avec l&#8217;air drain\u00e9.<\/p>\n<p>De Kobra a d\u00e9velopp\u00e9 des solutions novatrices pour am\u00e9liorer les deux ratios \u00e9nerg\u00e9tiques.<\/p>\n<p>\u2022 Une ventilation intelligente de la cuisine<br \/>\n\u2022 l\u2019Inductovent<br \/>\n\u2022 Aircomfort Inductivo<br \/>\n\u2022 Recupovent<\/p>\n<p>N\u2019h\u00e9sitez pas \u00e0 nous consulter pour un calcul d&#8217;\u00e9conomie d&#8217;\u00e9nergie[\/vc_column_text][\/vc_tab][vc_tab title=&#8221;ESTHETIQUE INTEMPORELLE&#8221; tab_id=&#8221;1531924485121-4-8&#8243;][vc_column_text disable_pattern=&#8221;false&#8221; css=&#8221;.vc_custom_1564751672911{margin-bottom: 0px !important;}&#8221;]Tant les ma\u00eetres d\u2019\u0153uvre que les architectes (d\u2019int\u00e9rieur) travaillent avec De Kobra. C&#8217;est parce que, \u00e0 De Kobra, la fonction ne va pas au d\u00e9triment de la forme.<\/p>\n<p>Aussi claire et transparente que soit la technologie dans nos syst\u00e8mes, aussi pure et intemporel est leur design. \u00c0 l&#8217;inverse, notre design est garant du contenu : de l&#8217;ext\u00e9rieur, vous pouvez voir \u00e0 quel point l&#8217;int\u00e9rieur fonctionne.[\/vc_column_text][\/vc_tab][vc_tab title=&#8221;UN COMFORT SANS COMPROMIS&#8221; tab_id=&#8221;1531924219775-3-9&#8243;][vc_column_text disable_pattern=&#8221;false&#8221; css=&#8221;.vc_custom_1564746482839{margin-bottom: 0px !important;}&#8221;]Une cuisine n\u2019est qu\u2019aussi bonne que son chef et son personnel. Il est donc de la plus haute importance qu&#8217;ils puissent faire leur travail en tout confort. Dans une cuisine professionnelle, cela signifie : ne pas \u00eatre d\u00e9rang\u00e9 par la fum\u00e9e, les vapeurs, les odeurs ou le bruit. Une cuisine bien ventil\u00e9e offre une atmosph\u00e8re saine et confortable dans laquelle il est agr\u00e9able de travailler.<\/p>\n<p>C&#8217;est exactement ce que De Kobra peut vous offrir. Gr\u00e2ce \u00e0 leur design innovant et \u00e0 leur construction de haute qualit\u00e9, les syst\u00e8mes de ventilation de De Kobra cr\u00e9ent un confort sans compromis dans la cuisine et autour d\u2019elle.<\/p>\n<p>Tout le monde en profite:<\/p>\n<p>\u2022 Vos employ\u00e9s travaillent dans un climat agr\u00e9able et sont plus efficaces<br \/>\n\u2022 En tant qu&#8217;entrepreneur, vous b\u00e9n\u00e9ficiez d&#8217;une plus grande productivit\u00e9<br \/>\n\u2022 Vous consommez moins d\u2019\u00e9nergie<br \/>\n\u2022 L&#8217;environnement est moins affect\u00e9 par l&#8217;odeur et le bruit<br \/>\n\u2022 et l&#8217;environnement en profite \u00e9galement[\/vc_column_text][\/vc_tab][vc_tab title=&#8221;SERVICE FIABLE&#8221; tab_id=&#8221;1531924878547-6-3&#8243;][vc_column_text disable_pattern=&#8221;false&#8221; css=&#8221;.vc_custom_1613052450965{margin-bottom: 0px !important;}&#8221;]L&#8217;installation d&#8217;un bon syst\u00e8me, solide et efficace est une chose, veiller \u00e0 ce qu&#8217;il soit op\u00e9rationnel sept jours sur sept, en est une autre. La maintenance r\u00e9guli\u00e8re est votre garantie de fiabilit\u00e9 et de performances constantes.<br \/>\nL\u2019entretien et la protection contre l\u2019incendie de votre hotte est importante.<\/p>\n<p>Cette maintenance nous vous la fournissons. Avec nos sp\u00e9cialistes, nous examinerons votre dossier\u00a0; vous pouvez nous contacter pour une offre sans engagement.<\/p>\n<p>Nous disposons \u00e9galement d&#8217;un service de r\u00e9paration 7 jours sur 7: Vous y avez acc\u00e8s automatiquement lorsque vous souscrivez un contrat de maintenance et de nettoyage chez De Kobra.[\/vc_column_text][\/vc_tab][\/vc_tabs][\/vc_column][\/vc_row]\n","protected":false},"excerpt":{"rendered":"<p>[vc_row css=&#8221;.vc_custom_1447688715091{padding-top: 3px !important;padding-right: 3px !important;padding-bottom: 3px !important;padding-left: 3px !important;}&#8221;][vc_column width=&#8221;2\/3&#8243;][mk_fancy_title color=&#8221;#393836&#8243; size=&#8221;16&#8243; font_weight=&#8221;bold&#8221; txt_transform=&#8221;uppercase&#8221; letter_spacing=&#8221;1&#8243; margin_bottom=&#8221;25&#8243; font_family=&#8221;none&#8221;]PR\u00c9SENTATION[\/mk_fancy_title][vc_column_text disable_pattern=&#8221;false&#8221; css=&#8221;.vc_custom_1565096204761{margin-bottom: 0px !important;}&#8221;]Cr\u00e9\u00e9e il y a plus de 50 ans, la soci\u00e9t\u00e9 De Kobra est devenue depuis lors le premier fournisseur belge de solutions globales dans le domaine de la ventilation pour les cuisines collectives et [&hellip;]<\/p>\n","protected":false},"author":8,"featured_media":0,"parent":0,"menu_order":0,"comment_status":"open","ping_status":"closed","template":"","meta":{"_acf_changed":false,"_exactmetrics_skip_tracking":false,"_exactmetrics_sitenote_active":false,"_exactmetrics_sitenote_note":"","_exactmetrics_sitenote_category":0,"footnotes":""},"class_list":["post-15068","page","type-page","status-publish","hentry"],"acf":[],"yoast_head":"<!-- This site is optimized with the Yoast SEO plugin v27.0 - https:\/\/yoast.com\/product\/yoast-seo-wordpress\/ -->\n<title>Sur nous - De Kobra<\/title>\n<meta name=\"robots\" content=\"index, follow, max-snippet:-1, max-image-preview:large, max-video-preview:-1\" \/>\n<link rel=\"canonical\" href=\"https:\/\/www.dekobra.be\/fr\/bedrijf\/\" \/>\n<meta property=\"og:locale\" content=\"fr_FR\" \/>\n<meta property=\"og:type\" content=\"article\" \/>\n<meta property=\"og:title\" content=\"Sur nous - De Kobra\" \/>\n<meta property=\"og:description\" content=\"[vc_row css=&#8221;.vc_custom_1447688715091{padding-top: 3px !important;padding-right: 3px !important;padding-bottom: 3px !important;padding-left: 3px !important;}&#8221;][vc_column width=&#8221;2\/3&#8243;][mk_fancy_title color=&#8221;#393836&#8243; size=&#8221;16&#8243; font_weight=&#8221;bold&#8221; txt_transform=&#8221;uppercase&#8221; letter_spacing=&#8221;1&#8243; margin_bottom=&#8221;25&#8243; font_family=&#8221;none&#8221;]PR\u00c9SENTATION[\/mk_fancy_title][vc_column_text disable_pattern=&#8221;false&#8221; css=&#8221;.vc_custom_1565096204761{margin-bottom: 0px !important;}&#8221;]Cr\u00e9\u00e9e il y a plus de 50 ans, la soci\u00e9t\u00e9 De Kobra est devenue depuis lors le premier fournisseur belge de solutions globales dans le domaine de la ventilation pour les cuisines collectives et [&hellip;]\" \/>\n<meta property=\"og:url\" content=\"https:\/\/www.dekobra.be\/fr\/bedrijf\/\" \/>\n<meta property=\"og:site_name\" content=\"De Kobra\" \/>\n<meta property=\"article:modified_time\" content=\"2021-02-17T15:41:47+00:00\" \/>\n<meta property=\"og:image\" content=\"https:\/\/www.dekobra.be\/wp-content\/uploads\/2018\/12\/gerald-1.jpg\" \/>\n\t<meta property=\"og:image:width\" content=\"1170\" \/>\n\t<meta property=\"og:image:height\" content=\"775\" \/>\n\t<meta property=\"og:image:type\" content=\"image\/jpeg\" \/>\n<meta name=\"twitter:label1\" content=\"Est. reading time\" \/>\n\t<meta name=\"twitter:data1\" content=\"7 minutes\" \/>\n<!-- \/ Yoast SEO plugin. -->","yoast_head_json":{"title":"Sur nous - De Kobra","robots":{"index":"index","follow":"follow","max-snippet":"max-snippet:-1","max-image-preview":"max-image-preview:large","max-video-preview":"max-video-preview:-1"},"canonical":"https:\/\/www.dekobra.be\/fr\/bedrijf\/","og_locale":"fr_FR","og_type":"article","og_title":"Sur nous - De Kobra","og_description":"[vc_row css=&#8221;.vc_custom_1447688715091{padding-top: 3px !important;padding-right: 3px !important;padding-bottom: 3px !important;padding-left: 3px !important;}&#8221;][vc_column width=&#8221;2\/3&#8243;][mk_fancy_title color=&#8221;#393836&#8243; size=&#8221;16&#8243; font_weight=&#8221;bold&#8221; txt_transform=&#8221;uppercase&#8221; letter_spacing=&#8221;1&#8243; margin_bottom=&#8221;25&#8243; font_family=&#8221;none&#8221;]PR\u00c9SENTATION[\/mk_fancy_title][vc_column_text disable_pattern=&#8221;false&#8221; css=&#8221;.vc_custom_1565096204761{margin-bottom: 0px !important;}&#8221;]Cr\u00e9\u00e9e il y a plus de 50 ans, la soci\u00e9t\u00e9 De Kobra est devenue depuis lors le premier fournisseur belge de solutions globales dans le domaine de la ventilation pour les cuisines collectives et [&hellip;]","og_url":"https:\/\/www.dekobra.be\/fr\/bedrijf\/","og_site_name":"De Kobra","article_modified_time":"2021-02-17T15:41:47+00:00","og_image":[{"width":1170,"height":775,"url":"https:\/\/www.dekobra.be\/wp-content\/uploads\/2018\/12\/gerald-1.jpg","type":"image\/jpeg"}],"twitter_misc":{"Est. reading time":"7 minutes"},"schema":{"@context":"https:\/\/schema.org","@graph":[{"@type":"WebPage","@id":"https:\/\/www.dekobra.be\/fr\/bedrijf\/","url":"https:\/\/www.dekobra.be\/fr\/bedrijf\/","name":"Sur nous - De Kobra","isPartOf":{"@id":"https:\/\/www.dekobra.be\/#website"},"primaryImageOfPage":{"@id":"https:\/\/www.dekobra.be\/fr\/bedrijf\/#primaryimage"},"image":{"@id":"https:\/\/www.dekobra.be\/fr\/bedrijf\/#primaryimage"},"thumbnailUrl":"https:\/\/www.dekobra.be\/wp-content\/uploads\/2018\/12\/gerald-1.jpg","datePublished":"2019-01-24T11:14:01+00:00","dateModified":"2021-02-17T15:41:47+00:00","breadcrumb":{"@id":"https:\/\/www.dekobra.be\/fr\/bedrijf\/#breadcrumb"},"inLanguage":"fr-FR","potentialAction":[{"@type":"ReadAction","target":["https:\/\/www.dekobra.be\/fr\/bedrijf\/"]}]},{"@type":"ImageObject","inLanguage":"fr-FR","@id":"https:\/\/www.dekobra.be\/fr\/bedrijf\/#primaryimage","url":"https:\/\/www.dekobra.be\/wp-content\/uploads\/2018\/12\/gerald-1.jpg","contentUrl":"https:\/\/www.dekobra.be\/wp-content\/uploads\/2018\/12\/gerald-1.jpg"},{"@type":"BreadcrumbList","@id":"https:\/\/www.dekobra.be\/fr\/bedrijf\/#breadcrumb","itemListElement":[{"@type":"ListItem","position":1,"name":"Home","item":"https:\/\/www.dekobra.be\/"},{"@type":"ListItem","position":2,"name":"Sur nous"}]},{"@type":"WebSite","@id":"https:\/\/www.dekobra.be\/#website","url":"https:\/\/www.dekobra.be\/","name":"De Kobra","description":"","potentialAction":[{"@type":"SearchAction","target":{"@type":"EntryPoint","urlTemplate":"https:\/\/www.dekobra.be\/?s={search_term_string}"},"query-input":{"@type":"PropertyValueSpecification","valueRequired":true,"valueName":"search_term_string"}}],"inLanguage":"fr-FR"}]}},"_links":{"self":[{"href":"https:\/\/www.dekobra.be\/fr\/wp-json\/wp\/v2\/pages\/15068","targetHints":{"allow":["GET"]}}],"collection":[{"href":"https:\/\/www.dekobra.be\/fr\/wp-json\/wp\/v2\/pages"}],"about":[{"href":"https:\/\/www.dekobra.be\/fr\/wp-json\/wp\/v2\/types\/page"}],"author":[{"embeddable":true,"href":"https:\/\/www.dekobra.be\/fr\/wp-json\/wp\/v2\/users\/8"}],"replies":[{"embeddable":true,"href":"https:\/\/www.dekobra.be\/fr\/wp-json\/wp\/v2\/comments?post=15068"}],"version-history":[{"count":0,"href":"https:\/\/www.dekobra.be\/fr\/wp-json\/wp\/v2\/pages\/15068\/revisions"}],"wp:attachment":[{"href":"https:\/\/www.dekobra.be\/fr\/wp-json\/wp\/v2\/media?parent=15068"}],"curies":[{"name":"wp","href":"https:\/\/api.w.org\/{rel}","templated":true}]}}