{"id":15791,"date":"2023-03-20T12:41:45","date_gmt":"2023-03-20T12:41:45","guid":{"rendered":"https:\/\/www.dekobra.be\/?page_id=15791"},"modified":"2023-03-20T12:41:45","modified_gmt":"2023-03-20T12:41:45","slug":"cookie-policy","status":"publish","type":"page","link":"https:\/\/www.dekobra.be\/fr\/cookie-policy\/","title":{"rendered":"Cookie Policy"},"content":{"rendered":"<h2>1. Welkom<\/h2>\n<p>Nous sommes De Kobra, situ\u00e9 \u00e0 Klaarstraat 19, 1745 Opwijk, avec le num\u00e9ro d&#8217;entreprise 0411.612.273.<br \/>\nDans la pr\u00e9sente politique en mati\u00e8re de cookies, nous expliquons quelles informations nous pouvons collecter par le biais de notre site web sur la base de cookies et comment nous les utilisons pour am\u00e9liorer nos services.<br \/>\nEn utilisant notre site web, vous acceptez notre utilisation des cookies.<br \/>\nLa pr\u00e9sente politique en mati\u00e8re de cookies fait partie int\u00e9grante de nos conditions g\u00e9n\u00e9rales.<\/p>\n<h2>2. Cookies<\/h2>\n<p>Un &#8220;cookie&#8221; est un petit fichier de donn\u00e9es qui est temporairement plac\u00e9 sur votre ordinateur ou votre appareil mobile par une page internet lorsque vous visitez un site web. Un cookie nous permet d&#8217;identifier l&#8217;appareil que vous utilisez pour visiter notre site web sans nous donner acc\u00e8s \u00e0 vos donn\u00e9es personnelles.<br \/>\nLes cookies peuvent \u00eatre facilement supprim\u00e9s via les param\u00e8tres de votre navigateur. Vous pouvez \u00e9galement configurer votre navigateur de mani\u00e8re \u00e0 ce que les cookies soient toujours refus\u00e9s. Toutefois, cela peut \u00e9ventuellement entraver l&#8217;utilisation de notre site web ou emp\u00eacher l&#8217;acc\u00e8s \u00e0 certaines fonctionnalit\u00e9s.<\/p>\n<h2>Soorten Cookies<\/h2>\n<p><script type=\"text\/javascript\" charset=\"UTF-8\"  data-cookiescriptreport=\"report\" src=\"\/\/report.cookie-script.com\/r\/a42d0e21a908e6fa4265cd6bd0ec0a01.js\"><\/script><\/p>\n","protected":false},"excerpt":{"rendered":"<p>1. Welkom Nous sommes De Kobra, situ\u00e9 \u00e0 Klaarstraat 19, 1745 Opwijk, avec le num\u00e9ro d&#8217;entreprise 0411.612.273. Dans la pr\u00e9sente politique en mati\u00e8re de cookies, nous expliquons quelles informations nous pouvons collecter par le biais de notre site web sur la base de cookies et comment nous les utilisons pour am\u00e9liorer nos services. En utilisant [&hellip;]<\/p>\n","protected":false},"author":12,"featured_media":0,"parent":0,"menu_order":0,"comment_status":"closed","ping_status":"closed","template":"","meta":{"_acf_changed":false,"_exactmetrics_skip_tracking":false,"_exactmetrics_sitenote_active":false,"_exactmetrics_sitenote_note":"","_exactmetrics_sitenote_category":0,"footnotes":""},"class_list":["post-15791","page","type-page","status-publish","hentry"],"acf":[],"yoast_head":"<!-- This site is optimized with the Yoast SEO plugin v27.0 - https:\/\/yoast.com\/product\/yoast-seo-wordpress\/ -->\n<title>Cookie Policy - De Kobra<\/title>\n<meta name=\"robots\" content=\"index, follow, max-snippet:-1, max-image-preview:large, max-video-preview:-1\" \/>\n<link rel=\"canonical\" href=\"https:\/\/www.dekobra.be\/cookie-policy\/\" \/>\n<meta property=\"og:locale\" content=\"fr_FR\" \/>\n<meta property=\"og:type\" content=\"article\" \/>\n<meta property=\"og:title\" content=\"Cookie Policy - De Kobra\" \/>\n<meta property=\"og:description\" content=\"1. Welkom Nous sommes De Kobra, situ\u00e9 \u00e0 Klaarstraat 19, 1745 Opwijk, avec le num\u00e9ro d&#8217;entreprise 0411.612.273. Dans la pr\u00e9sente politique en mati\u00e8re de cookies, nous expliquons quelles informations nous pouvons collecter par le biais de notre site web sur la base de cookies et comment nous les utilisons pour am\u00e9liorer nos services. En utilisant [&hellip;]\" \/>\n<meta property=\"og:url\" content=\"https:\/\/www.dekobra.be\/cookie-policy\/\" \/>\n<meta property=\"og:site_name\" content=\"De Kobra\" \/>\n<meta name=\"twitter:label1\" content=\"Est. reading time\" \/>\n\t<meta name=\"twitter:data1\" content=\"1 minute\" \/>\n<!-- \/ Yoast SEO plugin. -->","yoast_head_json":{"title":"Cookie Policy - De Kobra","robots":{"index":"index","follow":"follow","max-snippet":"max-snippet:-1","max-image-preview":"max-image-preview:large","max-video-preview":"max-video-preview:-1"},"canonical":"https:\/\/www.dekobra.be\/cookie-policy\/","og_locale":"fr_FR","og_type":"article","og_title":"Cookie Policy - De Kobra","og_description":"1. Welkom Nous sommes De Kobra, situ\u00e9 \u00e0 Klaarstraat 19, 1745 Opwijk, avec le num\u00e9ro d&#8217;entreprise 0411.612.273. Dans la pr\u00e9sente politique en mati\u00e8re de cookies, nous expliquons quelles informations nous pouvons collecter par le biais de notre site web sur la base de cookies et comment nous les utilisons pour am\u00e9liorer nos services. En utilisant [&hellip;]","og_url":"https:\/\/www.dekobra.be\/cookie-policy\/","og_site_name":"De Kobra","twitter_misc":{"Est. reading time":"1 minute"},"schema":{"@context":"https:\/\/schema.org","@graph":[{"@type":"WebPage","@id":"https:\/\/www.dekobra.be\/cookie-policy\/","url":"https:\/\/www.dekobra.be\/cookie-policy\/","name":"Cookie Policy - De Kobra","isPartOf":{"@id":"https:\/\/www.dekobra.be\/#website"},"datePublished":"2023-03-20T12:41:45+00:00","breadcrumb":{"@id":"https:\/\/www.dekobra.be\/cookie-policy\/#breadcrumb"},"inLanguage":"fr-FR","potentialAction":[{"@type":"ReadAction","target":["https:\/\/www.dekobra.be\/cookie-policy\/"]}]},{"@type":"BreadcrumbList","@id":"https:\/\/www.dekobra.be\/cookie-policy\/#breadcrumb","itemListElement":[{"@type":"ListItem","position":1,"name":"Home","item":"https:\/\/www.dekobra.be\/"},{"@type":"ListItem","position":2,"name":"Cookie Policy"}]},{"@type":"WebSite","@id":"https:\/\/www.dekobra.be\/#website","url":"https:\/\/www.dekobra.be\/","name":"De Kobra","description":"","potentialAction":[{"@type":"SearchAction","target":{"@type":"EntryPoint","urlTemplate":"https:\/\/www.dekobra.be\/?s={search_term_string}"},"query-input":{"@type":"PropertyValueSpecification","valueRequired":true,"valueName":"search_term_string"}}],"inLanguage":"fr-FR"}]}},"_links":{"self":[{"href":"https:\/\/www.dekobra.be\/fr\/wp-json\/wp\/v2\/pages\/15791","targetHints":{"allow":["GET"]}}],"collection":[{"href":"https:\/\/www.dekobra.be\/fr\/wp-json\/wp\/v2\/pages"}],"about":[{"href":"https:\/\/www.dekobra.be\/fr\/wp-json\/wp\/v2\/types\/page"}],"author":[{"embeddable":true,"href":"https:\/\/www.dekobra.be\/fr\/wp-json\/wp\/v2\/users\/12"}],"replies":[{"embeddable":true,"href":"https:\/\/www.dekobra.be\/fr\/wp-json\/wp\/v2\/comments?post=15791"}],"version-history":[{"count":1,"href":"https:\/\/www.dekobra.be\/fr\/wp-json\/wp\/v2\/pages\/15791\/revisions"}],"predecessor-version":[{"id":15792,"href":"https:\/\/www.dekobra.be\/fr\/wp-json\/wp\/v2\/pages\/15791\/revisions\/15792"}],"wp:attachment":[{"href":"https:\/\/www.dekobra.be\/fr\/wp-json\/wp\/v2\/media?parent=15791"}],"curies":[{"name":"wp","href":"https:\/\/api.w.org\/{rel}","templated":true}]}}