{"id":14581,"date":"2018-07-19T12:37:15","date_gmt":"2018-07-19T12:37:15","guid":{"rendered":"https:\/\/www.dekobra.be\/?post_type=product&#038;p=14581"},"modified":"2021-09-21T08:25:11","modified_gmt":"2021-09-21T08:25:11","slug":"ventilation-intelligente","status":"publish","type":"product","link":"https:\/\/www.dekobra.be\/fr\/product\/ventilation-intelligente\/","title":{"rendered":"VENTILATION INTELLIGENTE"},"content":{"rendered":"<p>Gr\u00e2ce \u00e0 une surveillance continue du d\u00e9veloppement de la temp\u00e9rature et de la fum\u00e9e, l&#8217;extraction et le flux d&#8217;impulsions seront ajust\u00e9s en continu selon les besoins, gr\u00e2ce \u00e0 un contr\u00f4le intelligent. Cela peut \u00e9conomiser d&#8217;\u00e9normes quantit\u00e9s d&#8217;\u00e9nergie. Le syst\u00e8me IntelliHood s&#8217;est rembours\u00e9 dans quelques ann\u00e9es!<\/p>\n<p>Intelli-Hood<\/p>\n<p>Extraction automatique de l&#8217;air selon le processus de cuisson.<\/p>\n<p>Le contr\u00f4le Intelli-Hood se compose de:<\/p>\n<ul>\n<li>Processeur d&#8217;E \/ S \u00e0 1 ou 4 canaux;<\/li>\n<li>un panneau de contr\u00f4le;<\/li>\n<li>les capteurs de temp\u00e9rature n\u00e9cessaires;<\/li>\n<li>les capteurs optiques n\u00e9cessaires;<\/li>\n<li>Le c\u00e2blage n\u00e9cessaire.<\/li>\n<\/ul>\n<div style=\"margin-left: 20px;\">\n<p>&nbsp;<\/p>\n<p><a href=\"https:\/\/www.dekobra.be\/wp-content\/uploads\/2018\/08\/tfn_intelligente_dampkapsturing.pdf\" target=\"_blank\" rel=\"noopener noreferrer\"><img loading=\"lazy\" decoding=\"async\" class=\"alignnone wp-image-14596 size-full\" src=\"https:\/\/www.dekobra.be\/wp-content\/uploads\/2018\/07\/download_pdf_document.jpg\" alt=\"\" width=\"150\" height=\"115\" \/>\u00a0\u00a0\u00a0\u00a0\u00a0<\/a><a href=\"https:\/\/www.dekobra.be\/wp-content\/uploads\/2018\/09\/lbn_intelligente_dampkapsturing.pdf\" target=\"_blank\" rel=\"noopener noreferrer\"><img loading=\"lazy\" decoding=\"async\" class=\"alignnone wp-image-14596 size-full\" src=\"https:\/\/www.dekobra.be\/wp-content\/uploads\/2018\/07\/download_pdf_document.jpg\" alt=\"\" width=\"150\" height=\"115\" \/><\/a><\/p>\n<p>Technische Fiche\u00a0 \u00a0 \u00a0 \u00a0 Typebeschrijving<\/p>\n<p><iframe loading=\"lazy\" title=\"Melink Intelli-Hood Generation 2 Animated Demonstration\" width=\"1140\" height=\"855\" src=\"https:\/\/www.youtube.com\/embed\/n96Fnoq_xg0?feature=oembed\" frameborder=\"0\" allow=\"accelerometer; autoplay; encrypted-media; gyroscope; picture-in-picture\" allowfullscreen><\/iframe><\/p>\n<\/div>\n","protected":false},"excerpt":{"rendered":"<p>Gr\u00e2ce \u00e0 une surveillance continue du d\u00e9veloppement de la temp\u00e9rature et de la fum\u00e9e, l&#8217;extraction et le flux d&#8217;impulsions seront ajust\u00e9s en continu selon les besoins, gr\u00e2ce \u00e0 un contr\u00f4le intelligent. Cela peut \u00e9conomiser d&#8217;\u00e9normes quantit\u00e9s d&#8217;\u00e9nergie. Le syst\u00e8me IntelliHood s&#8217;est rembours\u00e9 dans quelques ann\u00e9es! Intelli-Hood Extraction automatique de l&#8217;air selon le processus de cuisson. [&hellip;]<\/p>\n","protected":false},"featured_media":15214,"template":"","meta":{"_acf_changed":false,"_exactmetrics_skip_tracking":false,"_exactmetrics_sitenote_active":false,"_exactmetrics_sitenote_note":"","_exactmetrics_sitenote_category":0},"class_list":["post-14581","product","type-product","status-publish","has-post-thumbnail","hentry","product_cat-controle-intelligent"],"acf":[],"yoast_head":"<!-- This site is optimized with the Yoast SEO plugin v27.0 - https:\/\/yoast.com\/product\/yoast-seo-wordpress\/ -->\n<title>VENTILATION INTELLIGENTE - De Kobra<\/title>\n<meta name=\"robots\" content=\"index, follow, max-snippet:-1, max-image-preview:large, max-video-preview:-1\" \/>\n<link rel=\"canonical\" href=\"https:\/\/www.dekobra.be\/product\/intelligente-dampkapsturing\/\" \/>\n<meta property=\"og:locale\" content=\"fr_FR\" \/>\n<meta property=\"og:type\" content=\"article\" \/>\n<meta property=\"og:title\" content=\"VENTILATION INTELLIGENTE - De Kobra\" \/>\n<meta property=\"og:description\" content=\"Gr\u00e2ce \u00e0 une surveillance continue du d\u00e9veloppement de la temp\u00e9rature et de la fum\u00e9e, l&#8217;extraction et le flux d&#8217;impulsions seront ajust\u00e9s en continu selon les besoins, gr\u00e2ce \u00e0 un contr\u00f4le intelligent. Cela peut \u00e9conomiser d&#8217;\u00e9normes quantit\u00e9s d&#8217;\u00e9nergie. Le syst\u00e8me IntelliHood s&#8217;est rembours\u00e9 dans quelques ann\u00e9es! Intelli-Hood Extraction automatique de l&#8217;air selon le processus de cuisson. [&hellip;]\" \/>\n<meta property=\"og:url\" content=\"https:\/\/www.dekobra.be\/product\/intelligente-dampkapsturing\/\" \/>\n<meta property=\"og:site_name\" content=\"De Kobra\" \/>\n<meta property=\"article:modified_time\" content=\"2021-09-21T08:25:11+00:00\" \/>\n<meta property=\"og:image\" content=\"https:\/\/www.dekobra.be\/wp-content\/uploads\/2018\/07\/de_kobra_intelli_000.jpg\" \/>\n\t<meta property=\"og:image:width\" content=\"875\" \/>\n\t<meta property=\"og:image:height\" content=\"583\" \/>\n\t<meta property=\"og:image:type\" content=\"image\/jpeg\" \/>\n<meta name=\"twitter:label1\" content=\"Est. reading time\" \/>\n\t<meta name=\"twitter:data1\" content=\"1 minute\" \/>\n<!-- \/ Yoast SEO plugin. -->","yoast_head_json":{"title":"VENTILATION INTELLIGENTE - De Kobra","robots":{"index":"index","follow":"follow","max-snippet":"max-snippet:-1","max-image-preview":"max-image-preview:large","max-video-preview":"max-video-preview:-1"},"canonical":"https:\/\/www.dekobra.be\/product\/intelligente-dampkapsturing\/","og_locale":"fr_FR","og_type":"article","og_title":"VENTILATION INTELLIGENTE - De Kobra","og_description":"Gr\u00e2ce \u00e0 une surveillance continue du d\u00e9veloppement de la temp\u00e9rature et de la fum\u00e9e, l&#8217;extraction et le flux d&#8217;impulsions seront ajust\u00e9s en continu selon les besoins, gr\u00e2ce \u00e0 un contr\u00f4le intelligent. Cela peut \u00e9conomiser d&#8217;\u00e9normes quantit\u00e9s d&#8217;\u00e9nergie. Le syst\u00e8me IntelliHood s&#8217;est rembours\u00e9 dans quelques ann\u00e9es! Intelli-Hood Extraction automatique de l&#8217;air selon le processus de cuisson. [&hellip;]","og_url":"https:\/\/www.dekobra.be\/product\/intelligente-dampkapsturing\/","og_site_name":"De Kobra","article_modified_time":"2021-09-21T08:25:11+00:00","og_image":[{"width":875,"height":583,"url":"https:\/\/www.dekobra.be\/wp-content\/uploads\/2018\/07\/de_kobra_intelli_000.jpg","type":"image\/jpeg"}],"twitter_misc":{"Est. reading time":"1 minute"},"schema":{"@context":"https:\/\/schema.org","@graph":[{"@type":"WebPage","@id":"https:\/\/www.dekobra.be\/product\/intelligente-dampkapsturing\/","url":"https:\/\/www.dekobra.be\/product\/intelligente-dampkapsturing\/","name":"VENTILATION INTELLIGENTE - De Kobra","isPartOf":{"@id":"https:\/\/www.dekobra.be\/#website"},"primaryImageOfPage":{"@id":"https:\/\/www.dekobra.be\/product\/intelligente-dampkapsturing\/#primaryimage"},"image":{"@id":"https:\/\/www.dekobra.be\/product\/intelligente-dampkapsturing\/#primaryimage"},"thumbnailUrl":"https:\/\/www.dekobra.be\/wp-content\/uploads\/2018\/07\/de_kobra_intelli_000.jpg","datePublished":"2018-07-19T12:37:15+00:00","dateModified":"2021-09-21T08:25:11+00:00","breadcrumb":{"@id":"https:\/\/www.dekobra.be\/product\/intelligente-dampkapsturing\/#breadcrumb"},"inLanguage":"fr-FR","potentialAction":[{"@type":"ReadAction","target":["https:\/\/www.dekobra.be\/product\/intelligente-dampkapsturing\/"]}]},{"@type":"ImageObject","inLanguage":"fr-FR","@id":"https:\/\/www.dekobra.be\/product\/intelligente-dampkapsturing\/#primaryimage","url":"https:\/\/www.dekobra.be\/wp-content\/uploads\/2018\/07\/de_kobra_intelli_000.jpg","contentUrl":"https:\/\/www.dekobra.be\/wp-content\/uploads\/2018\/07\/de_kobra_intelli_000.jpg","width":875,"height":583},{"@type":"BreadcrumbList","@id":"https:\/\/www.dekobra.be\/product\/intelligente-dampkapsturing\/#breadcrumb","itemListElement":[{"@type":"ListItem","position":1,"name":"Home","item":"https:\/\/www.dekobra.be\/"},{"@type":"ListItem","position":2,"name":"PRODUCTEN","item":"https:\/\/www.dekobra.be\/producten\/"},{"@type":"ListItem","position":3,"name":"VENTILATION INTELLIGENTE"}]},{"@type":"WebSite","@id":"https:\/\/www.dekobra.be\/#website","url":"https:\/\/www.dekobra.be\/","name":"De Kobra","description":"","potentialAction":[{"@type":"SearchAction","target":{"@type":"EntryPoint","urlTemplate":"https:\/\/www.dekobra.be\/?s={search_term_string}"},"query-input":{"@type":"PropertyValueSpecification","valueRequired":true,"valueName":"search_term_string"}}],"inLanguage":"fr-FR"}]}},"_links":{"self":[{"href":"https:\/\/www.dekobra.be\/fr\/wp-json\/wp\/v2\/product\/14581","targetHints":{"allow":["GET"]}}],"collection":[{"href":"https:\/\/www.dekobra.be\/fr\/wp-json\/wp\/v2\/product"}],"about":[{"href":"https:\/\/www.dekobra.be\/fr\/wp-json\/wp\/v2\/types\/product"}],"wp:featuredmedia":[{"embeddable":true,"href":"https:\/\/www.dekobra.be\/fr\/wp-json\/wp\/v2\/media\/15214"}],"wp:attachment":[{"href":"https:\/\/www.dekobra.be\/fr\/wp-json\/wp\/v2\/media?parent=14581"}],"curies":[{"name":"wp","href":"https:\/\/api.w.org\/{rel}","templated":true}]}}