{"id":14623,"date":"2018-08-07T13:34:20","date_gmt":"2018-08-07T13:34:20","guid":{"rendered":"https:\/\/www.dekobra.be\/?post_type=product&#038;p=14623"},"modified":"2019-09-07T07:05:13","modified_gmt":"2019-09-07T07:05:13","slug":"inducteur","status":"publish","type":"product","link":"https:\/\/www.dekobra.be\/fr\/product\/inducteur\/","title":{"rendered":"INDUCTEUR"},"content":{"rendered":"<p>\u00c0 mesure que les chaudi\u00e8res augmentent, la n\u00e9cessit\u00e9 de compenser l&#8217;air tremp\u00e9 augmente \u00e9galement pour r\u00e9duire la sous-pression dans votre cuisine. Gr\u00e2ce \u00e0 son design unique, vous pouvez compenser jusqu&#8217;\u00e0 50% avec le capot de vapeur Inductovent avec de l&#8217;air ext\u00e9rieur non trait\u00e9.<\/p>\n<p>Seulement \u00e0 la personnalisation compl\u00e8te de Kobra!<\/p>\n<p><a href=\"https:\/\/www.dekobra.be\/wp-content\/uploads\/2018\/08\/tfn_inductovent.pdf\" target=\"_blank\" rel=\"noopener noreferrer\"><img loading=\"lazy\" decoding=\"async\" class=\"alignnone wp-image-14596 size-full\" src=\"https:\/\/www.dekobra.be\/wp-content\/uploads\/2018\/07\/download_pdf_document.jpg\" alt=\"\" width=\"150\" height=\"115\" \/>\u00a0\u00a0\u00a0\u00a0\u00a0<\/a><a href=\"https:\/\/www.dekobra.be\/wp-content\/uploads\/2018\/09\/lbn_inductovent.pdf\" target=\"_blank\" rel=\"noopener noreferrer\"><img loading=\"lazy\" decoding=\"async\" class=\"alignnone wp-image-14596 size-full\" src=\"https:\/\/www.dekobra.be\/wp-content\/uploads\/2018\/07\/download_pdf_document.jpg\" alt=\"\" width=\"150\" height=\"115\" \/><\/a><\/p>\n<p>Technische Fiche\u00a0 \u00a0 \u00a0 \u00a0 Typebeschrijving<\/p>\n","protected":false},"excerpt":{"rendered":"<p>\u00c0 mesure que les chaudi\u00e8res augmentent, la n\u00e9cessit\u00e9 de compenser l&#8217;air tremp\u00e9 augmente \u00e9galement pour r\u00e9duire la sous-pression dans votre cuisine. Gr\u00e2ce \u00e0 son design unique, vous pouvez compenser jusqu&#8217;\u00e0 50% avec le capot de vapeur Inductovent avec de l&#8217;air ext\u00e9rieur non trait\u00e9. Seulement \u00e0 la personnalisation compl\u00e8te de Kobra! \u00a0\u00a0\u00a0\u00a0\u00a0 Technische Fiche\u00a0 \u00a0 \u00a0 [&hellip;]<\/p>\n","protected":false},"featured_media":14698,"template":"","meta":{"_acf_changed":false,"_exactmetrics_skip_tracking":false,"_exactmetrics_sitenote_active":false,"_exactmetrics_sitenote_note":"","_exactmetrics_sitenote_category":0},"class_list":["post-14623","product","type-product","status-publish","has-post-thumbnail","hentry","product_cat-hotte-a-vapeur"],"acf":[],"yoast_head":"<!-- This site is optimized with the Yoast SEO plugin v27.0 - https:\/\/yoast.com\/product\/yoast-seo-wordpress\/ -->\n<title>INDUCTEUR - De Kobra<\/title>\n<meta name=\"robots\" content=\"index, follow, max-snippet:-1, max-image-preview:large, max-video-preview:-1\" \/>\n<link rel=\"canonical\" href=\"https:\/\/www.dekobra.be\/product\/inductovent\/\" \/>\n<meta property=\"og:locale\" content=\"fr_FR\" \/>\n<meta property=\"og:type\" content=\"article\" \/>\n<meta property=\"og:title\" content=\"INDUCTEUR - De Kobra\" \/>\n<meta property=\"og:description\" content=\"\u00c0 mesure que les chaudi\u00e8res augmentent, la n\u00e9cessit\u00e9 de compenser l&#8217;air tremp\u00e9 augmente \u00e9galement pour r\u00e9duire la sous-pression dans votre cuisine. Gr\u00e2ce \u00e0 son design unique, vous pouvez compenser jusqu&#8217;\u00e0 50% avec le capot de vapeur Inductovent avec de l&#8217;air ext\u00e9rieur non trait\u00e9. Seulement \u00e0 la personnalisation compl\u00e8te de Kobra! \u00a0\u00a0\u00a0\u00a0\u00a0 Technische Fiche\u00a0 \u00a0 \u00a0 [&hellip;]\" \/>\n<meta property=\"og:url\" content=\"https:\/\/www.dekobra.be\/product\/inductovent\/\" \/>\n<meta property=\"og:site_name\" content=\"De Kobra\" \/>\n<meta property=\"article:modified_time\" content=\"2019-09-07T07:05:13+00:00\" \/>\n<meta property=\"og:image\" content=\"https:\/\/www.dekobra.be\/wp-content\/uploads\/2018\/08\/de_kobra_inductovent_002.jpg\" \/>\n\t<meta property=\"og:image:width\" content=\"875\" \/>\n\t<meta property=\"og:image:height\" content=\"583\" \/>\n\t<meta property=\"og:image:type\" content=\"image\/jpeg\" \/>\n<!-- \/ Yoast SEO plugin. -->","yoast_head_json":{"title":"INDUCTEUR - De Kobra","robots":{"index":"index","follow":"follow","max-snippet":"max-snippet:-1","max-image-preview":"max-image-preview:large","max-video-preview":"max-video-preview:-1"},"canonical":"https:\/\/www.dekobra.be\/product\/inductovent\/","og_locale":"fr_FR","og_type":"article","og_title":"INDUCTEUR - De Kobra","og_description":"\u00c0 mesure que les chaudi\u00e8res augmentent, la n\u00e9cessit\u00e9 de compenser l&#8217;air tremp\u00e9 augmente \u00e9galement pour r\u00e9duire la sous-pression dans votre cuisine. Gr\u00e2ce \u00e0 son design unique, vous pouvez compenser jusqu&#8217;\u00e0 50% avec le capot de vapeur Inductovent avec de l&#8217;air ext\u00e9rieur non trait\u00e9. Seulement \u00e0 la personnalisation compl\u00e8te de Kobra! \u00a0\u00a0\u00a0\u00a0\u00a0 Technische Fiche\u00a0 \u00a0 \u00a0 [&hellip;]","og_url":"https:\/\/www.dekobra.be\/product\/inductovent\/","og_site_name":"De Kobra","article_modified_time":"2019-09-07T07:05:13+00:00","og_image":[{"width":875,"height":583,"url":"https:\/\/www.dekobra.be\/wp-content\/uploads\/2018\/08\/de_kobra_inductovent_002.jpg","type":"image\/jpeg"}],"schema":{"@context":"https:\/\/schema.org","@graph":[{"@type":"WebPage","@id":"https:\/\/www.dekobra.be\/product\/inductovent\/","url":"https:\/\/www.dekobra.be\/product\/inductovent\/","name":"INDUCTEUR - De Kobra","isPartOf":{"@id":"https:\/\/www.dekobra.be\/#website"},"primaryImageOfPage":{"@id":"https:\/\/www.dekobra.be\/product\/inductovent\/#primaryimage"},"image":{"@id":"https:\/\/www.dekobra.be\/product\/inductovent\/#primaryimage"},"thumbnailUrl":"https:\/\/www.dekobra.be\/wp-content\/uploads\/2018\/08\/de_kobra_inductovent_002.jpg","datePublished":"2018-08-07T13:34:20+00:00","dateModified":"2019-09-07T07:05:13+00:00","breadcrumb":{"@id":"https:\/\/www.dekobra.be\/product\/inductovent\/#breadcrumb"},"inLanguage":"fr-FR","potentialAction":[{"@type":"ReadAction","target":["https:\/\/www.dekobra.be\/product\/inductovent\/"]}]},{"@type":"ImageObject","inLanguage":"fr-FR","@id":"https:\/\/www.dekobra.be\/product\/inductovent\/#primaryimage","url":"https:\/\/www.dekobra.be\/wp-content\/uploads\/2018\/08\/de_kobra_inductovent_002.jpg","contentUrl":"https:\/\/www.dekobra.be\/wp-content\/uploads\/2018\/08\/de_kobra_inductovent_002.jpg","width":875,"height":583},{"@type":"BreadcrumbList","@id":"https:\/\/www.dekobra.be\/product\/inductovent\/#breadcrumb","itemListElement":[{"@type":"ListItem","position":1,"name":"Home","item":"https:\/\/www.dekobra.be\/"},{"@type":"ListItem","position":2,"name":"PRODUCTEN","item":"https:\/\/www.dekobra.be\/producten\/"},{"@type":"ListItem","position":3,"name":"INDUCTEUR"}]},{"@type":"WebSite","@id":"https:\/\/www.dekobra.be\/#website","url":"https:\/\/www.dekobra.be\/","name":"De Kobra","description":"","potentialAction":[{"@type":"SearchAction","target":{"@type":"EntryPoint","urlTemplate":"https:\/\/www.dekobra.be\/?s={search_term_string}"},"query-input":{"@type":"PropertyValueSpecification","valueRequired":true,"valueName":"search_term_string"}}],"inLanguage":"fr-FR"}]}},"_links":{"self":[{"href":"https:\/\/www.dekobra.be\/fr\/wp-json\/wp\/v2\/product\/14623","targetHints":{"allow":["GET"]}}],"collection":[{"href":"https:\/\/www.dekobra.be\/fr\/wp-json\/wp\/v2\/product"}],"about":[{"href":"https:\/\/www.dekobra.be\/fr\/wp-json\/wp\/v2\/types\/product"}],"wp:featuredmedia":[{"embeddable":true,"href":"https:\/\/www.dekobra.be\/fr\/wp-json\/wp\/v2\/media\/14698"}],"wp:attachment":[{"href":"https:\/\/www.dekobra.be\/fr\/wp-json\/wp\/v2\/media?parent=14623"}],"curies":[{"name":"wp","href":"https:\/\/api.w.org\/{rel}","templated":true}]}}