{"id":14624,"date":"2018-08-08T13:43:53","date_gmt":"2018-08-08T13:43:53","guid":{"rendered":"https:\/\/www.dekobra.be\/?post_type=product&#038;p=14624"},"modified":"2019-09-07T07:07:00","modified_gmt":"2019-09-07T07:07:00","slug":"standard","status":"publish","type":"product","link":"https:\/\/www.dekobra.be\/fr\/product\/standard\/","title":{"rendered":"STANDARD"},"content":{"rendered":"<p>Le capot de vapeur standard garantit que les vapeurs vers le haut de chaudi\u00e8res relativement plus petites sont \u00e9limin\u00e9es efficacement. \u00c0 cette fin, ce type de capot de vapeur est \u00e9quip\u00e9 de filtres \u00e0 graisse avec une efficacit\u00e9 de partition \u00e9lev\u00e9e.<\/p>\n<p>Le standard peut \u00eatre enti\u00e8rement personnalis\u00e9 pour vous.<\/p>\n<p>\u2022 Enti\u00e8rement con\u00e7u en acier inoxydable 18\/10 AISI 304 tapis bross\u00e9, \u00e9paisseur de plaque 10\/10 mm;<br \/>\n\u2022 \u00e9quip\u00e9 d&#8217;un plateau amovible pour la graisse et la condensation;<br \/>\n\u2022 attraper des plaques qui forment un placard avec un panneau p\u00e9riph\u00e9rique avant la fin;<br \/>\n\u2022 aucune pi\u00e8ce jointe visible;<br \/>\n\u2022 Dimensions: enti\u00e8rement sur mesure<\/p>\n<p>&nbsp;<\/p>\n<p><a href=\"https:\/\/www.dekobra.be\/wp-content\/uploads\/2018\/08\/tfn_standaardkap.pdf\" target=\"_blank\" rel=\"noopener noreferrer\"><img loading=\"lazy\" decoding=\"async\" class=\"alignnone wp-image-14596 size-full\" src=\"https:\/\/www.dekobra.be\/wp-content\/uploads\/2018\/07\/download_pdf_document.jpg\" alt=\"\" width=\"150\" height=\"115\" \/>\u00a0\u00a0\u00a0\u00a0\u00a0<\/a><a href=\"https:\/\/www.dekobra.be\/wp-content\/uploads\/2018\/09\/lbn_standaard.pdf\" target=\"_blank\" rel=\"noopener noreferrer\"><img loading=\"lazy\" decoding=\"async\" class=\"alignnone wp-image-14596 size-full\" src=\"https:\/\/www.dekobra.be\/wp-content\/uploads\/2018\/07\/download_pdf_document.jpg\" alt=\"\" width=\"150\" height=\"115\" \/><\/a><\/p>\n<p>Technische Fiche\u00a0 \u00a0 \u00a0 \u00a0 Typebeschrijving<\/p>\n","protected":false},"excerpt":{"rendered":"<p>Le capot de vapeur standard garantit que les vapeurs vers le haut de chaudi\u00e8res relativement plus petites sont \u00e9limin\u00e9es efficacement. \u00c0 cette fin, ce type de capot de vapeur est \u00e9quip\u00e9 de filtres \u00e0 graisse avec une efficacit\u00e9 de partition \u00e9lev\u00e9e. Le standard peut \u00eatre enti\u00e8rement personnalis\u00e9 pour vous. \u2022 Enti\u00e8rement con\u00e7u en acier inoxydable [&hellip;]<\/p>\n","protected":false},"featured_media":14727,"template":"","meta":{"_acf_changed":false,"_exactmetrics_skip_tracking":false,"_exactmetrics_sitenote_active":false,"_exactmetrics_sitenote_note":"","_exactmetrics_sitenote_category":0},"class_list":["post-14624","product","type-product","status-publish","has-post-thumbnail","hentry","product_cat-hotte-a-vapeur"],"acf":[],"yoast_head":"<!-- This site is optimized with the Yoast SEO plugin v27.0 - https:\/\/yoast.com\/product\/yoast-seo-wordpress\/ -->\n<title>STANDARD - De Kobra<\/title>\n<meta name=\"robots\" content=\"index, follow, max-snippet:-1, max-image-preview:large, max-video-preview:-1\" \/>\n<link rel=\"canonical\" href=\"https:\/\/www.dekobra.be\/product\/standaard-dampkap\/\" \/>\n<meta property=\"og:locale\" content=\"fr_FR\" \/>\n<meta property=\"og:type\" content=\"article\" \/>\n<meta property=\"og:title\" content=\"STANDARD - De Kobra\" \/>\n<meta property=\"og:description\" content=\"Le capot de vapeur standard garantit que les vapeurs vers le haut de chaudi\u00e8res relativement plus petites sont \u00e9limin\u00e9es efficacement. \u00c0 cette fin, ce type de capot de vapeur est \u00e9quip\u00e9 de filtres \u00e0 graisse avec une efficacit\u00e9 de partition \u00e9lev\u00e9e. Le standard peut \u00eatre enti\u00e8rement personnalis\u00e9 pour vous. \u2022 Enti\u00e8rement con\u00e7u en acier inoxydable [&hellip;]\" \/>\n<meta property=\"og:url\" content=\"https:\/\/www.dekobra.be\/product\/standaard-dampkap\/\" \/>\n<meta property=\"og:site_name\" content=\"De Kobra\" \/>\n<meta property=\"article:modified_time\" content=\"2019-09-07T07:07:00+00:00\" \/>\n<meta property=\"og:image\" content=\"https:\/\/www.dekobra.be\/wp-content\/uploads\/2018\/08\/de_kobra_standaard_002.jpg\" \/>\n\t<meta property=\"og:image:width\" content=\"875\" \/>\n\t<meta property=\"og:image:height\" content=\"580\" \/>\n\t<meta property=\"og:image:type\" content=\"image\/jpeg\" \/>\n<meta name=\"twitter:label1\" content=\"Est. reading time\" \/>\n\t<meta name=\"twitter:data1\" content=\"1 minute\" \/>\n<!-- \/ Yoast SEO plugin. -->","yoast_head_json":{"title":"STANDARD - De Kobra","robots":{"index":"index","follow":"follow","max-snippet":"max-snippet:-1","max-image-preview":"max-image-preview:large","max-video-preview":"max-video-preview:-1"},"canonical":"https:\/\/www.dekobra.be\/product\/standaard-dampkap\/","og_locale":"fr_FR","og_type":"article","og_title":"STANDARD - De Kobra","og_description":"Le capot de vapeur standard garantit que les vapeurs vers le haut de chaudi\u00e8res relativement plus petites sont \u00e9limin\u00e9es efficacement. \u00c0 cette fin, ce type de capot de vapeur est \u00e9quip\u00e9 de filtres \u00e0 graisse avec une efficacit\u00e9 de partition \u00e9lev\u00e9e. Le standard peut \u00eatre enti\u00e8rement personnalis\u00e9 pour vous. \u2022 Enti\u00e8rement con\u00e7u en acier inoxydable [&hellip;]","og_url":"https:\/\/www.dekobra.be\/product\/standaard-dampkap\/","og_site_name":"De Kobra","article_modified_time":"2019-09-07T07:07:00+00:00","og_image":[{"width":875,"height":580,"url":"https:\/\/www.dekobra.be\/wp-content\/uploads\/2018\/08\/de_kobra_standaard_002.jpg","type":"image\/jpeg"}],"twitter_misc":{"Est. reading time":"1 minute"},"schema":{"@context":"https:\/\/schema.org","@graph":[{"@type":"WebPage","@id":"https:\/\/www.dekobra.be\/product\/standaard-dampkap\/","url":"https:\/\/www.dekobra.be\/product\/standaard-dampkap\/","name":"STANDARD - De Kobra","isPartOf":{"@id":"https:\/\/www.dekobra.be\/#website"},"primaryImageOfPage":{"@id":"https:\/\/www.dekobra.be\/product\/standaard-dampkap\/#primaryimage"},"image":{"@id":"https:\/\/www.dekobra.be\/product\/standaard-dampkap\/#primaryimage"},"thumbnailUrl":"https:\/\/www.dekobra.be\/wp-content\/uploads\/2018\/08\/de_kobra_standaard_002.jpg","datePublished":"2018-08-08T13:43:53+00:00","dateModified":"2019-09-07T07:07:00+00:00","breadcrumb":{"@id":"https:\/\/www.dekobra.be\/product\/standaard-dampkap\/#breadcrumb"},"inLanguage":"fr-FR","potentialAction":[{"@type":"ReadAction","target":["https:\/\/www.dekobra.be\/product\/standaard-dampkap\/"]}]},{"@type":"ImageObject","inLanguage":"fr-FR","@id":"https:\/\/www.dekobra.be\/product\/standaard-dampkap\/#primaryimage","url":"https:\/\/www.dekobra.be\/wp-content\/uploads\/2018\/08\/de_kobra_standaard_002.jpg","contentUrl":"https:\/\/www.dekobra.be\/wp-content\/uploads\/2018\/08\/de_kobra_standaard_002.jpg","width":875,"height":580},{"@type":"BreadcrumbList","@id":"https:\/\/www.dekobra.be\/product\/standaard-dampkap\/#breadcrumb","itemListElement":[{"@type":"ListItem","position":1,"name":"Home","item":"https:\/\/www.dekobra.be\/"},{"@type":"ListItem","position":2,"name":"PRODUCTEN","item":"https:\/\/www.dekobra.be\/producten\/"},{"@type":"ListItem","position":3,"name":"STANDARD"}]},{"@type":"WebSite","@id":"https:\/\/www.dekobra.be\/#website","url":"https:\/\/www.dekobra.be\/","name":"De Kobra","description":"","potentialAction":[{"@type":"SearchAction","target":{"@type":"EntryPoint","urlTemplate":"https:\/\/www.dekobra.be\/?s={search_term_string}"},"query-input":{"@type":"PropertyValueSpecification","valueRequired":true,"valueName":"search_term_string"}}],"inLanguage":"fr-FR"}]}},"_links":{"self":[{"href":"https:\/\/www.dekobra.be\/fr\/wp-json\/wp\/v2\/product\/14624","targetHints":{"allow":["GET"]}}],"collection":[{"href":"https:\/\/www.dekobra.be\/fr\/wp-json\/wp\/v2\/product"}],"about":[{"href":"https:\/\/www.dekobra.be\/fr\/wp-json\/wp\/v2\/types\/product"}],"wp:featuredmedia":[{"embeddable":true,"href":"https:\/\/www.dekobra.be\/fr\/wp-json\/wp\/v2\/media\/14727"}],"wp:attachment":[{"href":"https:\/\/www.dekobra.be\/fr\/wp-json\/wp\/v2\/media?parent=14624"}],"curies":[{"name":"wp","href":"https:\/\/api.w.org\/{rel}","templated":true}]}}