{"id":14625,"date":"2018-08-09T13:45:49","date_gmt":"2018-08-09T13:45:49","guid":{"rendered":"https:\/\/www.dekobra.be\/?post_type=product&#038;p=14625"},"modified":"2019-09-07T07:08:57","modified_gmt":"2019-09-07T07:08:57","slug":"lave-vaisselle","status":"publish","type":"product","link":"https:\/\/www.dekobra.be\/fr\/product\/lave-vaisselle\/","title":{"rendered":"LAVE-VAISSELLE"},"content":{"rendered":"<p>Le capot du lave-vaisselle a \u00e9t\u00e9 sp\u00e9cialement con\u00e7u pour absorber les vapeurs d&#8217;humidit\u00e9 sur les lave-vaisselle industriels. En raison de la grande vari\u00e9t\u00e9 de lave-vaisselle sur le march\u00e9, le capot de lave-vaisselle est \u00e9videmment enti\u00e8rement sur mesure.<\/p>\n<ul>\n<li>Enti\u00e8rement fabriqu\u00e9 en acier inoxydable 18\/10 AISI 304 tapis bross\u00e9, \u00e9paisseur de plaque 10 \/ 10m<\/li>\n<li>attraper des plaques qui forment un placard avec un panneau p\u00e9riph\u00e9rique avant la fin;<\/li>\n<li>aucune pi\u00e8ce jointe visible;<\/li>\n<li>Dimensions: enti\u00e8rement sur mesure.<\/li>\n<\/ul>\n<p>&nbsp;<\/p>\n<p><a href=\"https:\/\/www.dekobra.be\/wp-content\/uploads\/2018\/08\/tfn_vaatwaskap.pdf\" target=\"_blank\" rel=\"noopener noreferrer\"><img loading=\"lazy\" decoding=\"async\" class=\"alignnone wp-image-14596 \" src=\"https:\/\/www.dekobra.be\/wp-content\/uploads\/2018\/07\/download_pdf_document.jpg\" alt=\"\" width=\"150\" height=\"115\" \/>\u00a0\u00a0\u00a0\u00a0\u00a0<\/a><a href=\"https:\/\/www.dekobra.be\/wp-content\/uploads\/2018\/09\/lbn_vaatwaskap.pdf\" target=\"_blank\" rel=\"noopener noreferrer\"><img loading=\"lazy\" decoding=\"async\" class=\"alignnone wp-image-14596 size-full\" src=\"https:\/\/www.dekobra.be\/wp-content\/uploads\/2018\/07\/download_pdf_document.jpg\" alt=\"\" width=\"150\" height=\"115\" \/><\/a><\/p>\n<p>Technische Fiche\u00a0 \u00a0 \u00a0 \u00a0 Typebeschrijving<\/p>\n","protected":false},"excerpt":{"rendered":"<p>Le capot du lave-vaisselle a \u00e9t\u00e9 sp\u00e9cialement con\u00e7u pour absorber les vapeurs d&#8217;humidit\u00e9 sur les lave-vaisselle industriels. En raison de la grande vari\u00e9t\u00e9 de lave-vaisselle sur le march\u00e9, le capot de lave-vaisselle est \u00e9videmment enti\u00e8rement sur mesure. Enti\u00e8rement fabriqu\u00e9 en acier inoxydable 18\/10 AISI 304 tapis bross\u00e9, \u00e9paisseur de plaque 10 \/ 10m attraper des [&hellip;]<\/p>\n","protected":false},"featured_media":14735,"template":"","meta":{"_acf_changed":false,"_exactmetrics_skip_tracking":false,"_exactmetrics_sitenote_active":false,"_exactmetrics_sitenote_note":"","_exactmetrics_sitenote_category":0},"class_list":["post-14625","product","type-product","status-publish","has-post-thumbnail","hentry","product_cat-hotte-a-vapeur"],"acf":[],"yoast_head":"<!-- This site is optimized with the Yoast SEO plugin v27.0 - https:\/\/yoast.com\/product\/yoast-seo-wordpress\/ -->\n<title>LAVE-VAISSELLE - De Kobra<\/title>\n<meta name=\"robots\" content=\"index, follow, max-snippet:-1, max-image-preview:large, max-video-preview:-1\" \/>\n<link rel=\"canonical\" href=\"https:\/\/www.dekobra.be\/product\/vaatwas\/\" \/>\n<meta property=\"og:locale\" content=\"fr_FR\" \/>\n<meta property=\"og:type\" content=\"article\" \/>\n<meta property=\"og:title\" content=\"LAVE-VAISSELLE - De Kobra\" \/>\n<meta property=\"og:description\" content=\"Le capot du lave-vaisselle a \u00e9t\u00e9 sp\u00e9cialement con\u00e7u pour absorber les vapeurs d&#8217;humidit\u00e9 sur les lave-vaisselle industriels. En raison de la grande vari\u00e9t\u00e9 de lave-vaisselle sur le march\u00e9, le capot de lave-vaisselle est \u00e9videmment enti\u00e8rement sur mesure. Enti\u00e8rement fabriqu\u00e9 en acier inoxydable 18\/10 AISI 304 tapis bross\u00e9, \u00e9paisseur de plaque 10 \/ 10m attraper des [&hellip;]\" \/>\n<meta property=\"og:url\" content=\"https:\/\/www.dekobra.be\/product\/vaatwas\/\" \/>\n<meta property=\"og:site_name\" content=\"De Kobra\" \/>\n<meta property=\"article:modified_time\" content=\"2019-09-07T07:08:57+00:00\" \/>\n<meta property=\"og:image\" content=\"https:\/\/www.dekobra.be\/wp-content\/uploads\/2018\/08\/de_kobra_vaatwas_001.jpg\" \/>\n\t<meta property=\"og:image:width\" content=\"875\" \/>\n\t<meta property=\"og:image:height\" content=\"583\" \/>\n\t<meta property=\"og:image:type\" content=\"image\/jpeg\" \/>\n<!-- \/ Yoast SEO plugin. -->","yoast_head_json":{"title":"LAVE-VAISSELLE - De Kobra","robots":{"index":"index","follow":"follow","max-snippet":"max-snippet:-1","max-image-preview":"max-image-preview:large","max-video-preview":"max-video-preview:-1"},"canonical":"https:\/\/www.dekobra.be\/product\/vaatwas\/","og_locale":"fr_FR","og_type":"article","og_title":"LAVE-VAISSELLE - De Kobra","og_description":"Le capot du lave-vaisselle a \u00e9t\u00e9 sp\u00e9cialement con\u00e7u pour absorber les vapeurs d&#8217;humidit\u00e9 sur les lave-vaisselle industriels. En raison de la grande vari\u00e9t\u00e9 de lave-vaisselle sur le march\u00e9, le capot de lave-vaisselle est \u00e9videmment enti\u00e8rement sur mesure. Enti\u00e8rement fabriqu\u00e9 en acier inoxydable 18\/10 AISI 304 tapis bross\u00e9, \u00e9paisseur de plaque 10 \/ 10m attraper des [&hellip;]","og_url":"https:\/\/www.dekobra.be\/product\/vaatwas\/","og_site_name":"De Kobra","article_modified_time":"2019-09-07T07:08:57+00:00","og_image":[{"width":875,"height":583,"url":"https:\/\/www.dekobra.be\/wp-content\/uploads\/2018\/08\/de_kobra_vaatwas_001.jpg","type":"image\/jpeg"}],"schema":{"@context":"https:\/\/schema.org","@graph":[{"@type":"WebPage","@id":"https:\/\/www.dekobra.be\/product\/vaatwas\/","url":"https:\/\/www.dekobra.be\/product\/vaatwas\/","name":"LAVE-VAISSELLE - De Kobra","isPartOf":{"@id":"https:\/\/www.dekobra.be\/#website"},"primaryImageOfPage":{"@id":"https:\/\/www.dekobra.be\/product\/vaatwas\/#primaryimage"},"image":{"@id":"https:\/\/www.dekobra.be\/product\/vaatwas\/#primaryimage"},"thumbnailUrl":"https:\/\/www.dekobra.be\/wp-content\/uploads\/2018\/08\/de_kobra_vaatwas_001.jpg","datePublished":"2018-08-09T13:45:49+00:00","dateModified":"2019-09-07T07:08:57+00:00","breadcrumb":{"@id":"https:\/\/www.dekobra.be\/product\/vaatwas\/#breadcrumb"},"inLanguage":"fr-FR","potentialAction":[{"@type":"ReadAction","target":["https:\/\/www.dekobra.be\/product\/vaatwas\/"]}]},{"@type":"ImageObject","inLanguage":"fr-FR","@id":"https:\/\/www.dekobra.be\/product\/vaatwas\/#primaryimage","url":"https:\/\/www.dekobra.be\/wp-content\/uploads\/2018\/08\/de_kobra_vaatwas_001.jpg","contentUrl":"https:\/\/www.dekobra.be\/wp-content\/uploads\/2018\/08\/de_kobra_vaatwas_001.jpg","width":875,"height":583},{"@type":"BreadcrumbList","@id":"https:\/\/www.dekobra.be\/product\/vaatwas\/#breadcrumb","itemListElement":[{"@type":"ListItem","position":1,"name":"Home","item":"https:\/\/www.dekobra.be\/"},{"@type":"ListItem","position":2,"name":"PRODUCTEN","item":"https:\/\/www.dekobra.be\/producten\/"},{"@type":"ListItem","position":3,"name":"LAVE-VAISSELLE"}]},{"@type":"WebSite","@id":"https:\/\/www.dekobra.be\/#website","url":"https:\/\/www.dekobra.be\/","name":"De Kobra","description":"","potentialAction":[{"@type":"SearchAction","target":{"@type":"EntryPoint","urlTemplate":"https:\/\/www.dekobra.be\/?s={search_term_string}"},"query-input":{"@type":"PropertyValueSpecification","valueRequired":true,"valueName":"search_term_string"}}],"inLanguage":"fr-FR"}]}},"_links":{"self":[{"href":"https:\/\/www.dekobra.be\/fr\/wp-json\/wp\/v2\/product\/14625","targetHints":{"allow":["GET"]}}],"collection":[{"href":"https:\/\/www.dekobra.be\/fr\/wp-json\/wp\/v2\/product"}],"about":[{"href":"https:\/\/www.dekobra.be\/fr\/wp-json\/wp\/v2\/types\/product"}],"wp:featuredmedia":[{"embeddable":true,"href":"https:\/\/www.dekobra.be\/fr\/wp-json\/wp\/v2\/media\/14735"}],"wp:attachment":[{"href":"https:\/\/www.dekobra.be\/fr\/wp-json\/wp\/v2\/media?parent=14625"}],"curies":[{"name":"wp","href":"https:\/\/api.w.org\/{rel}","templated":true}]}}