{"id":15144,"date":"2019-08-02T12:28:26","date_gmt":"2019-08-02T12:28:26","guid":{"rendered":"https:\/\/www.dekobra.be\/?post_type=product&#038;p=15144"},"modified":"2019-09-07T07:10:06","modified_gmt":"2019-09-07T07:10:06","slug":"condension","status":"publish","type":"product","link":"https:\/\/www.dekobra.be\/fr\/product\/condension\/","title":{"rendered":"CONDENSION"},"content":{"rendered":"<p>Dans les cas o\u00f9 d&#8217;\u00e9normes quantit\u00e9s de vapeur d&#8217;eau et de vapeur d&#8217;eau (p. Ex., Chaudi\u00e8res de cuisson lourdes) doivent \u00eatre enlev\u00e9es, Condenskap est la solution id\u00e9ale. Le Condary, qui provient de l&#8217;industrie alimentaire, favorisera, par son concept unique, la condensation de la vapeur d&#8217;eau dans le capot de vapeur et distraire ainsi un drain voisin<\/p>\n<ul>\n<li>Enti\u00e8rement con\u00e7u en acier inoxydable 18\/10 AISI 304 tapis bross\u00e9, \u00e9paisseur de plaque 10\/10 mm;<\/li>\n<li>attraper des plaques qui forment un placard avec un panneau p\u00e9riph\u00e9rique avant la fin;<\/li>\n<li>plaques de condensation inclin\u00e9es en acier inoxydable (selon le principe de la toiture inverse);<\/li>\n<li>aucune pi\u00e8ce jointe visible;<\/li>\n<li>Dimensions: enti\u00e8rement sur mesure.<\/li>\n<\/ul>\n<p>&nbsp;<\/p>\n","protected":false},"excerpt":{"rendered":"<p>Dans les cas o\u00f9 d&#8217;\u00e9normes quantit\u00e9s de vapeur d&#8217;eau et de vapeur d&#8217;eau (p. Ex., Chaudi\u00e8res de cuisson lourdes) doivent \u00eatre enlev\u00e9es, Condenskap est la solution id\u00e9ale. Le Condary, qui provient de l&#8217;industrie alimentaire, favorisera, par son concept unique, la condensation de la vapeur d&#8217;eau dans le capot de vapeur et distraire ainsi un drain [&hellip;]<\/p>\n","protected":false},"featured_media":14683,"template":"","meta":{"_acf_changed":false,"_exactmetrics_skip_tracking":false,"_exactmetrics_sitenote_active":false,"_exactmetrics_sitenote_note":"","_exactmetrics_sitenote_category":0},"class_list":["post-15144","product","type-product","status-publish","has-post-thumbnail","hentry","product_cat-hotte-a-vapeur"],"acf":[],"yoast_head":"<!-- This site is optimized with the Yoast SEO plugin v27.0 - https:\/\/yoast.com\/product\/yoast-seo-wordpress\/ -->\n<title>CONDENSION - De Kobra<\/title>\n<meta name=\"robots\" content=\"index, follow, max-snippet:-1, max-image-preview:large, max-video-preview:-1\" \/>\n<link rel=\"canonical\" href=\"https:\/\/www.dekobra.be\/product\/condenskap\/\" \/>\n<meta property=\"og:locale\" content=\"fr_FR\" \/>\n<meta property=\"og:type\" content=\"article\" \/>\n<meta property=\"og:title\" content=\"CONDENSION - De Kobra\" \/>\n<meta property=\"og:description\" content=\"Dans les cas o\u00f9 d&#8217;\u00e9normes quantit\u00e9s de vapeur d&#8217;eau et de vapeur d&#8217;eau (p. Ex., Chaudi\u00e8res de cuisson lourdes) doivent \u00eatre enlev\u00e9es, Condenskap est la solution id\u00e9ale. Le Condary, qui provient de l&#8217;industrie alimentaire, favorisera, par son concept unique, la condensation de la vapeur d&#8217;eau dans le capot de vapeur et distraire ainsi un drain [&hellip;]\" \/>\n<meta property=\"og:url\" content=\"https:\/\/www.dekobra.be\/product\/condenskap\/\" \/>\n<meta property=\"og:site_name\" content=\"De Kobra\" \/>\n<meta property=\"article:modified_time\" content=\"2019-09-07T07:10:06+00:00\" \/>\n<meta property=\"og:image\" content=\"https:\/\/www.dekobra.be\/wp-content\/uploads\/2018\/08\/de_kobra_condenskap004.jpg\" \/>\n\t<meta property=\"og:image:width\" content=\"875\" \/>\n\t<meta property=\"og:image:height\" content=\"580\" \/>\n\t<meta property=\"og:image:type\" content=\"image\/jpeg\" \/>\n<meta name=\"twitter:label1\" content=\"Est. reading time\" \/>\n\t<meta name=\"twitter:data1\" content=\"1 minute\" \/>\n<!-- \/ Yoast SEO plugin. -->","yoast_head_json":{"title":"CONDENSION - De Kobra","robots":{"index":"index","follow":"follow","max-snippet":"max-snippet:-1","max-image-preview":"max-image-preview:large","max-video-preview":"max-video-preview:-1"},"canonical":"https:\/\/www.dekobra.be\/product\/condenskap\/","og_locale":"fr_FR","og_type":"article","og_title":"CONDENSION - De Kobra","og_description":"Dans les cas o\u00f9 d&#8217;\u00e9normes quantit\u00e9s de vapeur d&#8217;eau et de vapeur d&#8217;eau (p. Ex., Chaudi\u00e8res de cuisson lourdes) doivent \u00eatre enlev\u00e9es, Condenskap est la solution id\u00e9ale. Le Condary, qui provient de l&#8217;industrie alimentaire, favorisera, par son concept unique, la condensation de la vapeur d&#8217;eau dans le capot de vapeur et distraire ainsi un drain [&hellip;]","og_url":"https:\/\/www.dekobra.be\/product\/condenskap\/","og_site_name":"De Kobra","article_modified_time":"2019-09-07T07:10:06+00:00","og_image":[{"width":875,"height":580,"url":"https:\/\/www.dekobra.be\/wp-content\/uploads\/2018\/08\/de_kobra_condenskap004.jpg","type":"image\/jpeg"}],"twitter_misc":{"Est. reading time":"1 minute"},"schema":{"@context":"https:\/\/schema.org","@graph":[{"@type":"WebPage","@id":"https:\/\/www.dekobra.be\/product\/condenskap\/","url":"https:\/\/www.dekobra.be\/product\/condenskap\/","name":"CONDENSION - De Kobra","isPartOf":{"@id":"https:\/\/www.dekobra.be\/#website"},"primaryImageOfPage":{"@id":"https:\/\/www.dekobra.be\/product\/condenskap\/#primaryimage"},"image":{"@id":"https:\/\/www.dekobra.be\/product\/condenskap\/#primaryimage"},"thumbnailUrl":"https:\/\/www.dekobra.be\/wp-content\/uploads\/2018\/08\/de_kobra_condenskap004.jpg","datePublished":"2019-08-02T12:28:26+00:00","dateModified":"2019-09-07T07:10:06+00:00","breadcrumb":{"@id":"https:\/\/www.dekobra.be\/product\/condenskap\/#breadcrumb"},"inLanguage":"fr-FR","potentialAction":[{"@type":"ReadAction","target":["https:\/\/www.dekobra.be\/product\/condenskap\/"]}]},{"@type":"ImageObject","inLanguage":"fr-FR","@id":"https:\/\/www.dekobra.be\/product\/condenskap\/#primaryimage","url":"https:\/\/www.dekobra.be\/wp-content\/uploads\/2018\/08\/de_kobra_condenskap004.jpg","contentUrl":"https:\/\/www.dekobra.be\/wp-content\/uploads\/2018\/08\/de_kobra_condenskap004.jpg","width":875,"height":580},{"@type":"BreadcrumbList","@id":"https:\/\/www.dekobra.be\/product\/condenskap\/#breadcrumb","itemListElement":[{"@type":"ListItem","position":1,"name":"Home","item":"https:\/\/www.dekobra.be\/"},{"@type":"ListItem","position":2,"name":"PRODUCTEN","item":"https:\/\/www.dekobra.be\/producten\/"},{"@type":"ListItem","position":3,"name":"CONDENSION"}]},{"@type":"WebSite","@id":"https:\/\/www.dekobra.be\/#website","url":"https:\/\/www.dekobra.be\/","name":"De Kobra","description":"","potentialAction":[{"@type":"SearchAction","target":{"@type":"EntryPoint","urlTemplate":"https:\/\/www.dekobra.be\/?s={search_term_string}"},"query-input":{"@type":"PropertyValueSpecification","valueRequired":true,"valueName":"search_term_string"}}],"inLanguage":"fr-FR"}]}},"_links":{"self":[{"href":"https:\/\/www.dekobra.be\/fr\/wp-json\/wp\/v2\/product\/15144","targetHints":{"allow":["GET"]}}],"collection":[{"href":"https:\/\/www.dekobra.be\/fr\/wp-json\/wp\/v2\/product"}],"about":[{"href":"https:\/\/www.dekobra.be\/fr\/wp-json\/wp\/v2\/types\/product"}],"wp:featuredmedia":[{"embeddable":true,"href":"https:\/\/www.dekobra.be\/fr\/wp-json\/wp\/v2\/media\/14683"}],"wp:attachment":[{"href":"https:\/\/www.dekobra.be\/fr\/wp-json\/wp\/v2\/media?parent=15144"}],"curies":[{"name":"wp","href":"https:\/\/api.w.org\/{rel}","templated":true}]}}