{"id":15216,"date":"2019-09-07T07:15:04","date_gmt":"2019-09-07T07:15:04","guid":{"rendered":"https:\/\/www.dekobra.be\/?post_type=product&#038;p=15216"},"modified":"2019-09-07T07:28:07","modified_gmt":"2019-09-07T07:28:07","slug":"eclairage-led","status":"publish","type":"product","link":"https:\/\/www.dekobra.be\/fr\/product\/eclairage-led\/","title":{"rendered":"\u00c9CLAIRAGE LED"},"content":{"rendered":"<p>L&#8217;\u00e9clairage LED allum\u00e9 au salon a \u00e9t\u00e9 trouv\u00e9 est largement connu. Nos panneaux d&#8217;\u00e9clairage LED, cependant, ont \u00e9t\u00e9 d\u00e9velopp\u00e9s sp\u00e9cifiquement pour De Kobra pour une utilisation dans des bouchons de vapeur industriels.<\/p>\n<ul>\n<li>plac\u00e9 sur le toit de la hotte (ou le plafond de ventilation);<\/li>\n<li>Sur la face inf\u00e9rieure, plaque \u00e9lectroluminescente en PMMA entour\u00e9e d&#8217;un cadre en acier inoxydable<\/li>\n<li>se conforme aux directives europ\u00e9ennes et a un marquage CE;<\/li>\n<li>Le dessous est compl\u00e8tement plat, sans ar\u00eates en saillie;<\/li>\n<li>Puissance disponible: 55 W.<\/li>\n<\/ul>\n<p>&nbsp;<\/p>\n<p>&nbsp;<\/p>\n<p><a href=\"https:\/\/www.dekobra.be\/wp-content\/uploads\/2018\/08\/tfn_ledverlichting.pdf\" target=\"_blank\" rel=\"noopener noreferrer\"><img loading=\"lazy\" decoding=\"async\" class=\"alignnone wp-image-14596 size-full\" src=\"https:\/\/www.dekobra.be\/wp-content\/uploads\/2018\/07\/download_pdf_document.jpg\" alt=\"\" width=\"150\" height=\"115\" \/>\u00a0\u00a0\u00a0\u00a0\u00a0<\/a><a href=\"https:\/\/www.dekobra.be\/wp-content\/uploads\/2018\/09\/lbn_ledverlichting.pdf\" target=\"_blank\" rel=\"noopener noreferrer\"><img loading=\"lazy\" decoding=\"async\" class=\"alignnone wp-image-14596 size-full\" src=\"https:\/\/www.dekobra.be\/wp-content\/uploads\/2018\/07\/download_pdf_document.jpg\" alt=\"\" width=\"150\" height=\"115\" \/><\/a><\/p>\n<p>Technische Fiche\u00a0 \u00a0 \u00a0 \u00a0 Typebeschrijving<\/p>\n","protected":false},"excerpt":{"rendered":"<p>L&#8217;\u00e9clairage LED allum\u00e9 au salon a \u00e9t\u00e9 trouv\u00e9 est largement connu. Nos panneaux d&#8217;\u00e9clairage LED, cependant, ont \u00e9t\u00e9 d\u00e9velopp\u00e9s sp\u00e9cifiquement pour De Kobra pour une utilisation dans des bouchons de vapeur industriels. plac\u00e9 sur le toit de la hotte (ou le plafond de ventilation); Sur la face inf\u00e9rieure, plaque \u00e9lectroluminescente en PMMA entour\u00e9e d&#8217;un cadre [&hellip;]<\/p>\n","protected":false},"featured_media":15217,"template":"","meta":{"_acf_changed":false,"_exactmetrics_skip_tracking":false,"_exactmetrics_sitenote_active":false,"_exactmetrics_sitenote_note":"","_exactmetrics_sitenote_category":0},"class_list":["post-15216","product","type-product","status-publish","has-post-thumbnail","hentry","product_cat-accessoires"],"acf":[],"yoast_head":"<!-- This site is optimized with the Yoast SEO plugin v27.0 - https:\/\/yoast.com\/product\/yoast-seo-wordpress\/ -->\n<title>\u00c9CLAIRAGE LED - De Kobra<\/title>\n<meta name=\"robots\" content=\"index, follow, max-snippet:-1, max-image-preview:large, max-video-preview:-1\" \/>\n<link rel=\"canonical\" href=\"https:\/\/www.dekobra.be\/product\/ledverlichting\/\" \/>\n<meta property=\"og:locale\" content=\"fr_FR\" \/>\n<meta property=\"og:type\" content=\"article\" \/>\n<meta property=\"og:title\" content=\"\u00c9CLAIRAGE LED - De Kobra\" \/>\n<meta property=\"og:description\" content=\"L&#8217;\u00e9clairage LED allum\u00e9 au salon a \u00e9t\u00e9 trouv\u00e9 est largement connu. Nos panneaux d&#8217;\u00e9clairage LED, cependant, ont \u00e9t\u00e9 d\u00e9velopp\u00e9s sp\u00e9cifiquement pour De Kobra pour une utilisation dans des bouchons de vapeur industriels. plac\u00e9 sur le toit de la hotte (ou le plafond de ventilation); Sur la face inf\u00e9rieure, plaque \u00e9lectroluminescente en PMMA entour\u00e9e d&#8217;un cadre [&hellip;]\" \/>\n<meta property=\"og:url\" content=\"https:\/\/www.dekobra.be\/product\/ledverlichting\/\" \/>\n<meta property=\"og:site_name\" content=\"De Kobra\" \/>\n<meta property=\"article:modified_time\" content=\"2019-09-07T07:28:07+00:00\" \/>\n<meta property=\"og:image\" content=\"https:\/\/www.dekobra.be\/wp-content\/uploads\/2018\/08\/de_kobra_ledlicht_001.jpg\" \/>\n\t<meta property=\"og:image:width\" content=\"875\" \/>\n\t<meta property=\"og:image:height\" content=\"580\" \/>\n\t<meta property=\"og:image:type\" content=\"image\/jpeg\" \/>\n<!-- \/ Yoast SEO plugin. -->","yoast_head_json":{"title":"\u00c9CLAIRAGE LED - De Kobra","robots":{"index":"index","follow":"follow","max-snippet":"max-snippet:-1","max-image-preview":"max-image-preview:large","max-video-preview":"max-video-preview:-1"},"canonical":"https:\/\/www.dekobra.be\/product\/ledverlichting\/","og_locale":"fr_FR","og_type":"article","og_title":"\u00c9CLAIRAGE LED - De Kobra","og_description":"L&#8217;\u00e9clairage LED allum\u00e9 au salon a \u00e9t\u00e9 trouv\u00e9 est largement connu. Nos panneaux d&#8217;\u00e9clairage LED, cependant, ont \u00e9t\u00e9 d\u00e9velopp\u00e9s sp\u00e9cifiquement pour De Kobra pour une utilisation dans des bouchons de vapeur industriels. plac\u00e9 sur le toit de la hotte (ou le plafond de ventilation); Sur la face inf\u00e9rieure, plaque \u00e9lectroluminescente en PMMA entour\u00e9e d&#8217;un cadre [&hellip;]","og_url":"https:\/\/www.dekobra.be\/product\/ledverlichting\/","og_site_name":"De Kobra","article_modified_time":"2019-09-07T07:28:07+00:00","og_image":[{"width":875,"height":580,"url":"https:\/\/www.dekobra.be\/wp-content\/uploads\/2018\/08\/de_kobra_ledlicht_001.jpg","type":"image\/jpeg"}],"schema":{"@context":"https:\/\/schema.org","@graph":[{"@type":"WebPage","@id":"https:\/\/www.dekobra.be\/product\/ledverlichting\/","url":"https:\/\/www.dekobra.be\/product\/ledverlichting\/","name":"\u00c9CLAIRAGE LED - De Kobra","isPartOf":{"@id":"https:\/\/www.dekobra.be\/#website"},"primaryImageOfPage":{"@id":"https:\/\/www.dekobra.be\/product\/ledverlichting\/#primaryimage"},"image":{"@id":"https:\/\/www.dekobra.be\/product\/ledverlichting\/#primaryimage"},"thumbnailUrl":"https:\/\/www.dekobra.be\/wp-content\/uploads\/2018\/08\/de_kobra_ledlicht_001.jpg","datePublished":"2019-09-07T07:15:04+00:00","dateModified":"2019-09-07T07:28:07+00:00","breadcrumb":{"@id":"https:\/\/www.dekobra.be\/product\/ledverlichting\/#breadcrumb"},"inLanguage":"fr-FR","potentialAction":[{"@type":"ReadAction","target":["https:\/\/www.dekobra.be\/product\/ledverlichting\/"]}]},{"@type":"ImageObject","inLanguage":"fr-FR","@id":"https:\/\/www.dekobra.be\/product\/ledverlichting\/#primaryimage","url":"https:\/\/www.dekobra.be\/wp-content\/uploads\/2018\/08\/de_kobra_ledlicht_001.jpg","contentUrl":"https:\/\/www.dekobra.be\/wp-content\/uploads\/2018\/08\/de_kobra_ledlicht_001.jpg","width":875,"height":580},{"@type":"BreadcrumbList","@id":"https:\/\/www.dekobra.be\/product\/ledverlichting\/#breadcrumb","itemListElement":[{"@type":"ListItem","position":1,"name":"Home","item":"https:\/\/www.dekobra.be\/"},{"@type":"ListItem","position":2,"name":"PRODUCTEN","item":"https:\/\/www.dekobra.be\/producten\/"},{"@type":"ListItem","position":3,"name":"\u00c9CLAIRAGE LED"}]},{"@type":"WebSite","@id":"https:\/\/www.dekobra.be\/#website","url":"https:\/\/www.dekobra.be\/","name":"De Kobra","description":"","potentialAction":[{"@type":"SearchAction","target":{"@type":"EntryPoint","urlTemplate":"https:\/\/www.dekobra.be\/?s={search_term_string}"},"query-input":{"@type":"PropertyValueSpecification","valueRequired":true,"valueName":"search_term_string"}}],"inLanguage":"fr-FR"}]}},"_links":{"self":[{"href":"https:\/\/www.dekobra.be\/fr\/wp-json\/wp\/v2\/product\/15216","targetHints":{"allow":["GET"]}}],"collection":[{"href":"https:\/\/www.dekobra.be\/fr\/wp-json\/wp\/v2\/product"}],"about":[{"href":"https:\/\/www.dekobra.be\/fr\/wp-json\/wp\/v2\/types\/product"}],"wp:featuredmedia":[{"embeddable":true,"href":"https:\/\/www.dekobra.be\/fr\/wp-json\/wp\/v2\/media\/15217"}],"wp:attachment":[{"href":"https:\/\/www.dekobra.be\/fr\/wp-json\/wp\/v2\/media?parent=15216"}],"curies":[{"name":"wp","href":"https:\/\/api.w.org\/{rel}","templated":true}]}}