{"id":15218,"date":"2019-09-07T07:16:34","date_gmt":"2019-09-07T07:16:34","guid":{"rendered":"https:\/\/www.dekobra.be\/?post_type=product&#038;p=15218"},"modified":"2019-09-07T07:16:34","modified_gmt":"2019-09-07T07:16:34","slug":"eclairage-de-batiment","status":"publish","type":"product","link":"https:\/\/www.dekobra.be\/fr\/product\/eclairage-de-batiment\/","title":{"rendered":"\u00c9CLAIRAGE DE B\u00c2TIMENT"},"content":{"rendered":"<p>Un luminaire herm\u00e9tique peut \u00eatre mont\u00e9 contre le plafond de la hotte. Un interrupteur anti-\u00e9claboussures pour l&#8217;utilisation de l&#8217;\u00e9clairage peut \u00eatre mont\u00e9 \u00e0 l&#8217;avant de la hotte. (Sauf pour les capuchons de vapeur avec compartiment pulsion int\u00e9gr\u00e9).<\/p>\n<p>&nbsp;<\/p>\n<ul>\n<li>de type herm\u00e9tique, avec un degr\u00e9 de protection IP65;<\/li>\n<li>Base en polyester et diffuseur en polycarbonate incassable;<\/li>\n<li>se conforme aux directives europ\u00e9ennes et a un marquage CE;<\/li>\n<li>Capacit\u00e9s disponibles:\n<ul>\n<li>O 1 x 18 w, 1 x 36 w ou 1 x 58 w<\/li>\n<li>O 2 x 18 w, 2 x 36 w ou 2 x 58 w<\/li>\n<\/ul>\n<\/li>\n<\/ul>\n<p>&nbsp;<\/p>\n<p>&nbsp;<\/p>\n<p><a href=\"https:\/\/www.dekobra.be\/wp-content\/uploads\/2018\/08\/tfn_opbouwverlichting.pdf\" target=\"_blank\" rel=\"noopener noreferrer\"><img loading=\"lazy\" decoding=\"async\" class=\"alignnone wp-image-14596 size-full\" src=\"https:\/\/www.dekobra.be\/wp-content\/uploads\/2018\/07\/download_pdf_document.jpg\" alt=\"\" width=\"150\" height=\"115\" \/>\u00a0\u00a0\u00a0\u00a0\u00a0<\/a><a href=\"https:\/\/www.dekobra.be\/wp-content\/uploads\/2018\/09\/lbn_opbouwverlichting.pdf\" target=\"_blank\" rel=\"noopener noreferrer\"><img loading=\"lazy\" decoding=\"async\" class=\"alignnone wp-image-14596 size-full\" src=\"https:\/\/www.dekobra.be\/wp-content\/uploads\/2018\/07\/download_pdf_document.jpg\" alt=\"\" width=\"150\" height=\"115\" \/><\/a><\/p>\n<p>Technische Fiche\u00a0 \u00a0 \u00a0 \u00a0 Typebeschrijving<\/p>\n","protected":false},"excerpt":{"rendered":"<p>Un luminaire herm\u00e9tique peut \u00eatre mont\u00e9 contre le plafond de la hotte. Un interrupteur anti-\u00e9claboussures pour l&#8217;utilisation de l&#8217;\u00e9clairage peut \u00eatre mont\u00e9 \u00e0 l&#8217;avant de la hotte. (Sauf pour les capuchons de vapeur avec compartiment pulsion int\u00e9gr\u00e9). &nbsp; de type herm\u00e9tique, avec un degr\u00e9 de protection IP65; Base en polyester et diffuseur en polycarbonate incassable; [&hellip;]<\/p>\n","protected":false},"featured_media":15219,"template":"","meta":{"_acf_changed":false,"_exactmetrics_skip_tracking":false,"_exactmetrics_sitenote_active":false,"_exactmetrics_sitenote_note":"","_exactmetrics_sitenote_category":0},"class_list":["post-15218","product","type-product","status-publish","has-post-thumbnail","hentry","product_cat-accessoires"],"acf":[],"yoast_head":"<!-- This site is optimized with the Yoast SEO plugin v27.0 - https:\/\/yoast.com\/product\/yoast-seo-wordpress\/ -->\n<title>\u00c9CLAIRAGE DE B\u00c2TIMENT - De Kobra<\/title>\n<meta name=\"robots\" content=\"index, follow, max-snippet:-1, max-image-preview:large, max-video-preview:-1\" \/>\n<link rel=\"canonical\" href=\"https:\/\/www.dekobra.be\/product\/opbouwverlichting\/\" \/>\n<meta property=\"og:locale\" content=\"fr_FR\" \/>\n<meta property=\"og:type\" content=\"article\" \/>\n<meta property=\"og:title\" content=\"\u00c9CLAIRAGE DE B\u00c2TIMENT - De Kobra\" \/>\n<meta property=\"og:description\" content=\"Un luminaire herm\u00e9tique peut \u00eatre mont\u00e9 contre le plafond de la hotte. Un interrupteur anti-\u00e9claboussures pour l&#8217;utilisation de l&#8217;\u00e9clairage peut \u00eatre mont\u00e9 \u00e0 l&#8217;avant de la hotte. (Sauf pour les capuchons de vapeur avec compartiment pulsion int\u00e9gr\u00e9). &nbsp; de type herm\u00e9tique, avec un degr\u00e9 de protection IP65; Base en polyester et diffuseur en polycarbonate incassable; [&hellip;]\" \/>\n<meta property=\"og:url\" content=\"https:\/\/www.dekobra.be\/product\/opbouwverlichting\/\" \/>\n<meta property=\"og:site_name\" content=\"De Kobra\" \/>\n<meta property=\"og:image\" content=\"https:\/\/www.dekobra.be\/wp-content\/uploads\/2018\/08\/de_kobra_opbouwlicht_001.jpg\" \/>\n\t<meta property=\"og:image:width\" content=\"875\" \/>\n\t<meta property=\"og:image:height\" content=\"580\" \/>\n\t<meta property=\"og:image:type\" content=\"image\/jpeg\" \/>\n<!-- \/ Yoast SEO plugin. -->","yoast_head_json":{"title":"\u00c9CLAIRAGE DE B\u00c2TIMENT - De Kobra","robots":{"index":"index","follow":"follow","max-snippet":"max-snippet:-1","max-image-preview":"max-image-preview:large","max-video-preview":"max-video-preview:-1"},"canonical":"https:\/\/www.dekobra.be\/product\/opbouwverlichting\/","og_locale":"fr_FR","og_type":"article","og_title":"\u00c9CLAIRAGE DE B\u00c2TIMENT - De Kobra","og_description":"Un luminaire herm\u00e9tique peut \u00eatre mont\u00e9 contre le plafond de la hotte. Un interrupteur anti-\u00e9claboussures pour l&#8217;utilisation de l&#8217;\u00e9clairage peut \u00eatre mont\u00e9 \u00e0 l&#8217;avant de la hotte. (Sauf pour les capuchons de vapeur avec compartiment pulsion int\u00e9gr\u00e9). &nbsp; de type herm\u00e9tique, avec un degr\u00e9 de protection IP65; Base en polyester et diffuseur en polycarbonate incassable; [&hellip;]","og_url":"https:\/\/www.dekobra.be\/product\/opbouwverlichting\/","og_site_name":"De Kobra","og_image":[{"width":875,"height":580,"url":"https:\/\/www.dekobra.be\/wp-content\/uploads\/2018\/08\/de_kobra_opbouwlicht_001.jpg","type":"image\/jpeg"}],"schema":{"@context":"https:\/\/schema.org","@graph":[{"@type":"WebPage","@id":"https:\/\/www.dekobra.be\/product\/opbouwverlichting\/","url":"https:\/\/www.dekobra.be\/product\/opbouwverlichting\/","name":"\u00c9CLAIRAGE DE B\u00c2TIMENT - De Kobra","isPartOf":{"@id":"https:\/\/www.dekobra.be\/#website"},"primaryImageOfPage":{"@id":"https:\/\/www.dekobra.be\/product\/opbouwverlichting\/#primaryimage"},"image":{"@id":"https:\/\/www.dekobra.be\/product\/opbouwverlichting\/#primaryimage"},"thumbnailUrl":"https:\/\/www.dekobra.be\/wp-content\/uploads\/2018\/08\/de_kobra_opbouwlicht_001.jpg","datePublished":"2019-09-07T07:16:34+00:00","breadcrumb":{"@id":"https:\/\/www.dekobra.be\/product\/opbouwverlichting\/#breadcrumb"},"inLanguage":"fr-FR","potentialAction":[{"@type":"ReadAction","target":["https:\/\/www.dekobra.be\/product\/opbouwverlichting\/"]}]},{"@type":"ImageObject","inLanguage":"fr-FR","@id":"https:\/\/www.dekobra.be\/product\/opbouwverlichting\/#primaryimage","url":"https:\/\/www.dekobra.be\/wp-content\/uploads\/2018\/08\/de_kobra_opbouwlicht_001.jpg","contentUrl":"https:\/\/www.dekobra.be\/wp-content\/uploads\/2018\/08\/de_kobra_opbouwlicht_001.jpg","width":875,"height":580},{"@type":"BreadcrumbList","@id":"https:\/\/www.dekobra.be\/product\/opbouwverlichting\/#breadcrumb","itemListElement":[{"@type":"ListItem","position":1,"name":"Home","item":"https:\/\/www.dekobra.be\/"},{"@type":"ListItem","position":2,"name":"PRODUCTEN","item":"https:\/\/www.dekobra.be\/producten\/"},{"@type":"ListItem","position":3,"name":"\u00c9CLAIRAGE DE B\u00c2TIMENT"}]},{"@type":"WebSite","@id":"https:\/\/www.dekobra.be\/#website","url":"https:\/\/www.dekobra.be\/","name":"De Kobra","description":"","potentialAction":[{"@type":"SearchAction","target":{"@type":"EntryPoint","urlTemplate":"https:\/\/www.dekobra.be\/?s={search_term_string}"},"query-input":{"@type":"PropertyValueSpecification","valueRequired":true,"valueName":"search_term_string"}}],"inLanguage":"fr-FR"}]}},"_links":{"self":[{"href":"https:\/\/www.dekobra.be\/fr\/wp-json\/wp\/v2\/product\/15218","targetHints":{"allow":["GET"]}}],"collection":[{"href":"https:\/\/www.dekobra.be\/fr\/wp-json\/wp\/v2\/product"}],"about":[{"href":"https:\/\/www.dekobra.be\/fr\/wp-json\/wp\/v2\/types\/product"}],"wp:featuredmedia":[{"embeddable":true,"href":"https:\/\/www.dekobra.be\/fr\/wp-json\/wp\/v2\/media\/15219"}],"wp:attachment":[{"href":"https:\/\/www.dekobra.be\/fr\/wp-json\/wp\/v2\/media?parent=15218"}],"curies":[{"name":"wp","href":"https:\/\/api.w.org\/{rel}","templated":true}]}}