{"id":15220,"date":"2019-09-07T07:17:49","date_gmt":"2019-09-07T07:17:49","guid":{"rendered":"https:\/\/www.dekobra.be\/?post_type=product&#038;p=15220"},"modified":"2019-09-07T07:17:49","modified_gmt":"2019-09-07T07:17:49","slug":"filtre-des-faits","status":"publish","type":"product","link":"https:\/\/www.dekobra.be\/fr\/product\/filtre-des-faits\/","title":{"rendered":"FILTRE DES FAITS"},"content":{"rendered":"<p>Les filtres gras fabriqu\u00e9s en acier inoxydable poli sont du type ignifuge. Ils sont constitu\u00e9s de deux parties, reli\u00e9es par des attaches \u00bc de temps qui servent \u00e9galement de poign\u00e9es. En cons\u00e9quence, les filtres sont facilement d\u00e9tachables et les deux pi\u00e8ces peuvent \u00eatre nettoy\u00e9es au lave-vaisselle.<\/p>\n<ul>\n<li>Compos\u00e9 de deux parties<\/li>\n<li>efficacit\u00e9 95%<\/li>\n<li>une chute de pression jusqu&#8217;\u00e0 150 Pa<\/li>\n<li>La norme VDI 2052 approuv\u00e9e<\/li>\n<li>Respectez la norme NFPA 96 et la norme VDI 2052<\/li>\n<li>list\u00e9 ETL<\/li>\n<\/ul>\n<p>&nbsp;<\/p>\n<p>&nbsp;<\/p>\n<p><a href=\"https:\/\/www.dekobra.be\/wp-content\/uploads\/2018\/08\/tfn_hoogrendementsfilter.pdf\" target=\"_blank\" rel=\"noopener noreferrer\"><img loading=\"lazy\" decoding=\"async\" class=\"alignnone wp-image-14596 size-full\" src=\"https:\/\/www.dekobra.be\/wp-content\/uploads\/2018\/07\/download_pdf_document.jpg\" alt=\"\" width=\"150\" height=\"115\" \/>\u00a0\u00a0\u00a0\u00a0\u00a0<\/a><a href=\"https:\/\/www.dekobra.be\/wp-content\/uploads\/2018\/09\/lbn_hoogrendementsfilters.pdf\" target=\"_blank\" rel=\"noopener noreferrer\"><img loading=\"lazy\" decoding=\"async\" class=\"alignnone wp-image-14596 size-full\" src=\"https:\/\/www.dekobra.be\/wp-content\/uploads\/2018\/07\/download_pdf_document.jpg\" alt=\"\" width=\"150\" height=\"115\" \/><\/a><\/p>\n<p>Technische Fiche\u00a0 \u00a0 \u00a0 \u00a0 Typebeschrijving<\/p>\n","protected":false},"excerpt":{"rendered":"<p>Les filtres gras fabriqu\u00e9s en acier inoxydable poli sont du type ignifuge. Ils sont constitu\u00e9s de deux parties, reli\u00e9es par des attaches \u00bc de temps qui servent \u00e9galement de poign\u00e9es. En cons\u00e9quence, les filtres sont facilement d\u00e9tachables et les deux pi\u00e8ces peuvent \u00eatre nettoy\u00e9es au lave-vaisselle. Compos\u00e9 de deux parties efficacit\u00e9 95% une chute de [&hellip;]<\/p>\n","protected":false},"featured_media":15429,"template":"","meta":{"_acf_changed":false,"_exactmetrics_skip_tracking":false,"_exactmetrics_sitenote_active":false,"_exactmetrics_sitenote_note":"","_exactmetrics_sitenote_category":0},"class_list":["post-15220","product","type-product","status-publish","has-post-thumbnail","hentry","product_cat-accessoires"],"acf":[],"yoast_head":"<!-- This site is optimized with the Yoast SEO plugin v27.0 - https:\/\/yoast.com\/product\/yoast-seo-wordpress\/ -->\n<title>FILTRE DES FAITS - De Kobra<\/title>\n<meta name=\"robots\" content=\"index, follow, max-snippet:-1, max-image-preview:large, max-video-preview:-1\" \/>\n<link rel=\"canonical\" href=\"https:\/\/www.dekobra.be\/product\/hoogrendementsfilter\/\" \/>\n<meta property=\"og:locale\" content=\"fr_FR\" \/>\n<meta property=\"og:type\" content=\"article\" \/>\n<meta property=\"og:title\" content=\"FILTRE DES FAITS - De Kobra\" \/>\n<meta property=\"og:description\" content=\"Les filtres gras fabriqu\u00e9s en acier inoxydable poli sont du type ignifuge. Ils sont constitu\u00e9s de deux parties, reli\u00e9es par des attaches \u00bc de temps qui servent \u00e9galement de poign\u00e9es. En cons\u00e9quence, les filtres sont facilement d\u00e9tachables et les deux pi\u00e8ces peuvent \u00eatre nettoy\u00e9es au lave-vaisselle. Compos\u00e9 de deux parties efficacit\u00e9 95% une chute de [&hellip;]\" \/>\n<meta property=\"og:url\" content=\"https:\/\/www.dekobra.be\/product\/hoogrendementsfilter\/\" \/>\n<meta property=\"og:site_name\" content=\"De Kobra\" \/>\n<meta property=\"og:image\" content=\"https:\/\/www.dekobra.be\/wp-content\/uploads\/2018\/07\/hoogrendementfilter.jpg\" \/>\n\t<meta property=\"og:image:width\" content=\"535\" \/>\n\t<meta property=\"og:image:height\" content=\"418\" \/>\n\t<meta property=\"og:image:type\" content=\"image\/jpeg\" \/>\n<!-- \/ Yoast SEO plugin. -->","yoast_head_json":{"title":"FILTRE DES FAITS - De Kobra","robots":{"index":"index","follow":"follow","max-snippet":"max-snippet:-1","max-image-preview":"max-image-preview:large","max-video-preview":"max-video-preview:-1"},"canonical":"https:\/\/www.dekobra.be\/product\/hoogrendementsfilter\/","og_locale":"fr_FR","og_type":"article","og_title":"FILTRE DES FAITS - De Kobra","og_description":"Les filtres gras fabriqu\u00e9s en acier inoxydable poli sont du type ignifuge. Ils sont constitu\u00e9s de deux parties, reli\u00e9es par des attaches \u00bc de temps qui servent \u00e9galement de poign\u00e9es. En cons\u00e9quence, les filtres sont facilement d\u00e9tachables et les deux pi\u00e8ces peuvent \u00eatre nettoy\u00e9es au lave-vaisselle. Compos\u00e9 de deux parties efficacit\u00e9 95% une chute de [&hellip;]","og_url":"https:\/\/www.dekobra.be\/product\/hoogrendementsfilter\/","og_site_name":"De Kobra","og_image":[{"width":535,"height":418,"url":"https:\/\/www.dekobra.be\/wp-content\/uploads\/2018\/07\/hoogrendementfilter.jpg","type":"image\/jpeg"}],"schema":{"@context":"https:\/\/schema.org","@graph":[{"@type":"WebPage","@id":"https:\/\/www.dekobra.be\/product\/hoogrendementsfilter\/","url":"https:\/\/www.dekobra.be\/product\/hoogrendementsfilter\/","name":"FILTRE DES FAITS - De Kobra","isPartOf":{"@id":"https:\/\/www.dekobra.be\/#website"},"primaryImageOfPage":{"@id":"https:\/\/www.dekobra.be\/product\/hoogrendementsfilter\/#primaryimage"},"image":{"@id":"https:\/\/www.dekobra.be\/product\/hoogrendementsfilter\/#primaryimage"},"thumbnailUrl":"https:\/\/www.dekobra.be\/wp-content\/uploads\/2018\/07\/hoogrendementfilter.jpg","datePublished":"2019-09-07T07:17:49+00:00","breadcrumb":{"@id":"https:\/\/www.dekobra.be\/product\/hoogrendementsfilter\/#breadcrumb"},"inLanguage":"fr-FR","potentialAction":[{"@type":"ReadAction","target":["https:\/\/www.dekobra.be\/product\/hoogrendementsfilter\/"]}]},{"@type":"ImageObject","inLanguage":"fr-FR","@id":"https:\/\/www.dekobra.be\/product\/hoogrendementsfilter\/#primaryimage","url":"https:\/\/www.dekobra.be\/wp-content\/uploads\/2018\/07\/hoogrendementfilter.jpg","contentUrl":"https:\/\/www.dekobra.be\/wp-content\/uploads\/2018\/07\/hoogrendementfilter.jpg","width":535,"height":418},{"@type":"BreadcrumbList","@id":"https:\/\/www.dekobra.be\/product\/hoogrendementsfilter\/#breadcrumb","itemListElement":[{"@type":"ListItem","position":1,"name":"Home","item":"https:\/\/www.dekobra.be\/"},{"@type":"ListItem","position":2,"name":"PRODUCTEN","item":"https:\/\/www.dekobra.be\/producten\/"},{"@type":"ListItem","position":3,"name":"FILTRE DES FAITS"}]},{"@type":"WebSite","@id":"https:\/\/www.dekobra.be\/#website","url":"https:\/\/www.dekobra.be\/","name":"De Kobra","description":"","potentialAction":[{"@type":"SearchAction","target":{"@type":"EntryPoint","urlTemplate":"https:\/\/www.dekobra.be\/?s={search_term_string}"},"query-input":{"@type":"PropertyValueSpecification","valueRequired":true,"valueName":"search_term_string"}}],"inLanguage":"fr-FR"}]}},"_links":{"self":[{"href":"https:\/\/www.dekobra.be\/fr\/wp-json\/wp\/v2\/product\/15220","targetHints":{"allow":["GET"]}}],"collection":[{"href":"https:\/\/www.dekobra.be\/fr\/wp-json\/wp\/v2\/product"}],"about":[{"href":"https:\/\/www.dekobra.be\/fr\/wp-json\/wp\/v2\/types\/product"}],"wp:featuredmedia":[{"embeddable":true,"href":"https:\/\/www.dekobra.be\/fr\/wp-json\/wp\/v2\/media\/15429"}],"wp:attachment":[{"href":"https:\/\/www.dekobra.be\/fr\/wp-json\/wp\/v2\/media?parent=15220"}],"curies":[{"name":"wp","href":"https:\/\/api.w.org\/{rel}","templated":true}]}}