{"id":15221,"date":"2019-09-07T07:20:11","date_gmt":"2019-09-07T07:20:11","guid":{"rendered":"https:\/\/www.dekobra.be\/?post_type=product&#038;p=15221"},"modified":"2021-09-21T08:20:37","modified_gmt":"2021-09-21T08:20:37","slug":"echange-oxytec","status":"publish","type":"product","link":"https:\/\/www.dekobra.be\/fr\/product\/echange-oxytec\/","title":{"rendered":"\u00c9CHANGE OXYTEC"},"content":{"rendered":"<p>Le blanchiment \u00e0 l&#8217;aide de la lumi\u00e8re UV n&#8217;est certainement pas inconnu et a prouv\u00e9 son efficacit\u00e9. Avec le syst\u00e8me Oxytec, les lampes UV dans le courant d&#8217;air sont plac\u00e9es derri\u00e8re les filtres.<\/p>\n<ul>\n<li>Divers modules KPC disponibles;<\/li>\n<li>Un panneau de commande et de commande \u00e9lectrique<\/li>\n<li>Les garanties n\u00e9cessaires contre l&#8217;absence de filtres \u00e0 graisse<\/li>\n<li>1 moniteur de pression<\/li>\n<\/ul>\n<p>&nbsp;<\/p>\n<p>&nbsp;<\/p>\n<p>&nbsp;<\/p>\n<p>&nbsp;<\/p>\n","protected":false},"excerpt":{"rendered":"<p>Le blanchiment \u00e0 l&#8217;aide de la lumi\u00e8re UV n&#8217;est certainement pas inconnu et a prouv\u00e9 son efficacit\u00e9. Avec le syst\u00e8me Oxytec, les lampes UV dans le courant d&#8217;air sont plac\u00e9es derri\u00e8re les filtres. Divers modules KPC disponibles; Un panneau de commande et de commande \u00e9lectrique Les garanties n\u00e9cessaires contre l&#8217;absence de filtres \u00e0 graisse 1 [&hellip;]<\/p>\n","protected":false},"featured_media":15222,"template":"","meta":{"_acf_changed":false,"_exactmetrics_skip_tracking":false,"_exactmetrics_sitenote_active":false,"_exactmetrics_sitenote_note":"","_exactmetrics_sitenote_category":0},"class_list":["post-15221","product","type-product","status-publish","has-post-thumbnail","hentry","product_cat-purification-de-lair-et-desodorisation"],"acf":[],"yoast_head":"<!-- This site is optimized with the Yoast SEO plugin v27.0 - https:\/\/yoast.com\/product\/yoast-seo-wordpress\/ -->\n<title>\u00c9CHANGE OXYTEC - De Kobra<\/title>\n<meta name=\"robots\" content=\"index, follow, max-snippet:-1, max-image-preview:large, max-video-preview:-1\" \/>\n<link rel=\"canonical\" href=\"https:\/\/www.dekobra.be\/product\/exotecontgeuring\/\" \/>\n<meta property=\"og:locale\" content=\"fr_FR\" \/>\n<meta property=\"og:type\" content=\"article\" \/>\n<meta property=\"og:title\" content=\"\u00c9CHANGE OXYTEC - De Kobra\" \/>\n<meta property=\"og:description\" content=\"Le blanchiment \u00e0 l&#8217;aide de la lumi\u00e8re UV n&#8217;est certainement pas inconnu et a prouv\u00e9 son efficacit\u00e9. Avec le syst\u00e8me Oxytec, les lampes UV dans le courant d&#8217;air sont plac\u00e9es derri\u00e8re les filtres. Divers modules KPC disponibles; Un panneau de commande et de commande \u00e9lectrique Les garanties n\u00e9cessaires contre l&#8217;absence de filtres \u00e0 graisse 1 [&hellip;]\" \/>\n<meta property=\"og:url\" content=\"https:\/\/www.dekobra.be\/product\/exotecontgeuring\/\" \/>\n<meta property=\"og:site_name\" content=\"De Kobra\" \/>\n<meta property=\"article:modified_time\" content=\"2021-09-21T08:20:37+00:00\" \/>\n<meta property=\"og:image\" content=\"https:\/\/www.dekobra.be\/wp-content\/uploads\/2018\/08\/de_kobra_oxytec_001.jpg\" \/>\n\t<meta property=\"og:image:width\" content=\"875\" \/>\n\t<meta property=\"og:image:height\" content=\"584\" \/>\n\t<meta property=\"og:image:type\" content=\"image\/jpeg\" \/>\n<!-- \/ Yoast SEO plugin. -->","yoast_head_json":{"title":"\u00c9CHANGE OXYTEC - De Kobra","robots":{"index":"index","follow":"follow","max-snippet":"max-snippet:-1","max-image-preview":"max-image-preview:large","max-video-preview":"max-video-preview:-1"},"canonical":"https:\/\/www.dekobra.be\/product\/exotecontgeuring\/","og_locale":"fr_FR","og_type":"article","og_title":"\u00c9CHANGE OXYTEC - De Kobra","og_description":"Le blanchiment \u00e0 l&#8217;aide de la lumi\u00e8re UV n&#8217;est certainement pas inconnu et a prouv\u00e9 son efficacit\u00e9. Avec le syst\u00e8me Oxytec, les lampes UV dans le courant d&#8217;air sont plac\u00e9es derri\u00e8re les filtres. Divers modules KPC disponibles; Un panneau de commande et de commande \u00e9lectrique Les garanties n\u00e9cessaires contre l&#8217;absence de filtres \u00e0 graisse 1 [&hellip;]","og_url":"https:\/\/www.dekobra.be\/product\/exotecontgeuring\/","og_site_name":"De Kobra","article_modified_time":"2021-09-21T08:20:37+00:00","og_image":[{"width":875,"height":584,"url":"https:\/\/www.dekobra.be\/wp-content\/uploads\/2018\/08\/de_kobra_oxytec_001.jpg","type":"image\/jpeg"}],"schema":{"@context":"https:\/\/schema.org","@graph":[{"@type":"WebPage","@id":"https:\/\/www.dekobra.be\/product\/exotecontgeuring\/","url":"https:\/\/www.dekobra.be\/product\/exotecontgeuring\/","name":"\u00c9CHANGE OXYTEC - De Kobra","isPartOf":{"@id":"https:\/\/www.dekobra.be\/#website"},"primaryImageOfPage":{"@id":"https:\/\/www.dekobra.be\/product\/exotecontgeuring\/#primaryimage"},"image":{"@id":"https:\/\/www.dekobra.be\/product\/exotecontgeuring\/#primaryimage"},"thumbnailUrl":"https:\/\/www.dekobra.be\/wp-content\/uploads\/2018\/08\/de_kobra_oxytec_001.jpg","datePublished":"2019-09-07T07:20:11+00:00","dateModified":"2021-09-21T08:20:37+00:00","breadcrumb":{"@id":"https:\/\/www.dekobra.be\/product\/exotecontgeuring\/#breadcrumb"},"inLanguage":"fr-FR","potentialAction":[{"@type":"ReadAction","target":["https:\/\/www.dekobra.be\/product\/exotecontgeuring\/"]}]},{"@type":"ImageObject","inLanguage":"fr-FR","@id":"https:\/\/www.dekobra.be\/product\/exotecontgeuring\/#primaryimage","url":"https:\/\/www.dekobra.be\/wp-content\/uploads\/2018\/08\/de_kobra_oxytec_001.jpg","contentUrl":"https:\/\/www.dekobra.be\/wp-content\/uploads\/2018\/08\/de_kobra_oxytec_001.jpg","width":875,"height":584},{"@type":"BreadcrumbList","@id":"https:\/\/www.dekobra.be\/product\/exotecontgeuring\/#breadcrumb","itemListElement":[{"@type":"ListItem","position":1,"name":"Home","item":"https:\/\/www.dekobra.be\/"},{"@type":"ListItem","position":2,"name":"PRODUCTEN","item":"https:\/\/www.dekobra.be\/producten\/"},{"@type":"ListItem","position":3,"name":"\u00c9CHANGE OXYTEC"}]},{"@type":"WebSite","@id":"https:\/\/www.dekobra.be\/#website","url":"https:\/\/www.dekobra.be\/","name":"De Kobra","description":"","potentialAction":[{"@type":"SearchAction","target":{"@type":"EntryPoint","urlTemplate":"https:\/\/www.dekobra.be\/?s={search_term_string}"},"query-input":{"@type":"PropertyValueSpecification","valueRequired":true,"valueName":"search_term_string"}}],"inLanguage":"fr-FR"}]}},"_links":{"self":[{"href":"https:\/\/www.dekobra.be\/fr\/wp-json\/wp\/v2\/product\/15221","targetHints":{"allow":["GET"]}}],"collection":[{"href":"https:\/\/www.dekobra.be\/fr\/wp-json\/wp\/v2\/product"}],"about":[{"href":"https:\/\/www.dekobra.be\/fr\/wp-json\/wp\/v2\/types\/product"}],"wp:featuredmedia":[{"embeddable":true,"href":"https:\/\/www.dekobra.be\/fr\/wp-json\/wp\/v2\/media\/15222"}],"wp:attachment":[{"href":"https:\/\/www.dekobra.be\/fr\/wp-json\/wp\/v2\/media?parent=15221"}],"curies":[{"name":"wp","href":"https:\/\/api.w.org\/{rel}","templated":true}]}}