{"id":15223,"date":"2019-09-07T07:21:59","date_gmt":"2019-09-07T07:21:59","guid":{"rendered":"https:\/\/www.dekobra.be\/?post_type=product&#038;p=15223"},"modified":"2019-09-07T07:21:59","modified_gmt":"2019-09-07T07:21:59","slug":"filtre-tourbillonnant","status":"publish","type":"product","link":"https:\/\/www.dekobra.be\/fr\/product\/filtre-tourbillonnant\/","title":{"rendered":"filtre tourbillonnant"},"content":{"rendered":"<p>Les filtres gras fabriqu\u00e9s en acier inoxydable poli sont du type ignifuge. Ils sont compos\u00e9s de deux parties. Les filtres sont facilement d\u00e9tachables sans outils et peuvent \u00eatre nettoy\u00e9s au lave-vaisselle. La conception unique de ces filtres assure une tr\u00e8s bonne s\u00e9paration des particules de graisse.<\/p>\n<p><strong>Filtres \u00e0 vortex &#8211; Filtre \u00e0 graisse ignifuge<\/strong><\/p>\n<ul>\n<li>En acier inoxydable brillant 18\/10 AISI 304;<\/li>\n<li>Dimensions standard: 500 x 300 x 20 mm, 450 x 400 x 20 mm<\/li>\n<\/ul>\n<p>&nbsp;<\/p>\n<p>&nbsp;<\/p>\n<p><a href=\"https:\/\/www.dekobra.be\/wp-content\/uploads\/2018\/08\/tfn_wervelfilter.pdf\" target=\"_blank\" rel=\"noopener noreferrer\"><img loading=\"lazy\" decoding=\"async\" class=\"alignnone wp-image-14596 size-full\" src=\"https:\/\/www.dekobra.be\/wp-content\/uploads\/2018\/07\/download_pdf_document.jpg\" alt=\"\" width=\"150\" height=\"115\" \/>\u00a0\u00a0\u00a0\u00a0\u00a0<\/a><a href=\"https:\/\/www.dekobra.be\/wp-content\/uploads\/2018\/09\/lbn_wervelfilters.pdf\" target=\"_blank\" rel=\"noopener noreferrer\"><img loading=\"lazy\" decoding=\"async\" class=\"alignnone wp-image-14596 size-full\" src=\"https:\/\/www.dekobra.be\/wp-content\/uploads\/2018\/07\/download_pdf_document.jpg\" alt=\"\" width=\"150\" height=\"115\" \/><\/a><\/p>\n<p>Technische Fiche\u00a0 \u00a0 \u00a0 \u00a0 Typebeschrijving<\/p>\n","protected":false},"excerpt":{"rendered":"<p>Les filtres gras fabriqu\u00e9s en acier inoxydable poli sont du type ignifuge. Ils sont compos\u00e9s de deux parties. Les filtres sont facilement d\u00e9tachables sans outils et peuvent \u00eatre nettoy\u00e9s au lave-vaisselle. La conception unique de ces filtres assure une tr\u00e8s bonne s\u00e9paration des particules de graisse. Filtres \u00e0 vortex &#8211; Filtre \u00e0 graisse ignifuge En [&hellip;]<\/p>\n","protected":false},"featured_media":15224,"template":"","meta":{"_acf_changed":false,"_exactmetrics_skip_tracking":false,"_exactmetrics_sitenote_active":false,"_exactmetrics_sitenote_note":"","_exactmetrics_sitenote_category":0},"class_list":["post-15223","product","type-product","status-publish","has-post-thumbnail","hentry","product_cat-accessoires"],"acf":[],"yoast_head":"<!-- This site is optimized with the Yoast SEO plugin v27.0 - https:\/\/yoast.com\/product\/yoast-seo-wordpress\/ -->\n<title>filtre tourbillonnant - De Kobra<\/title>\n<meta name=\"robots\" content=\"index, follow, max-snippet:-1, max-image-preview:large, max-video-preview:-1\" \/>\n<link rel=\"canonical\" href=\"https:\/\/www.dekobra.be\/product\/wervel-filter\/\" \/>\n<meta property=\"og:locale\" content=\"fr_FR\" \/>\n<meta property=\"og:type\" content=\"article\" \/>\n<meta property=\"og:title\" content=\"filtre tourbillonnant - De Kobra\" \/>\n<meta property=\"og:description\" content=\"Les filtres gras fabriqu\u00e9s en acier inoxydable poli sont du type ignifuge. Ils sont compos\u00e9s de deux parties. Les filtres sont facilement d\u00e9tachables sans outils et peuvent \u00eatre nettoy\u00e9s au lave-vaisselle. La conception unique de ces filtres assure une tr\u00e8s bonne s\u00e9paration des particules de graisse. Filtres \u00e0 vortex &#8211; Filtre \u00e0 graisse ignifuge En [&hellip;]\" \/>\n<meta property=\"og:url\" content=\"https:\/\/www.dekobra.be\/product\/wervel-filter\/\" \/>\n<meta property=\"og:site_name\" content=\"De Kobra\" \/>\n<meta property=\"og:image\" content=\"https:\/\/www.dekobra.be\/wp-content\/uploads\/2018\/07\/de_kobra_werverfilter_001.jpg\" \/>\n\t<meta property=\"og:image:width\" content=\"875\" \/>\n\t<meta property=\"og:image:height\" content=\"583\" \/>\n\t<meta property=\"og:image:type\" content=\"image\/jpeg\" \/>\n<!-- \/ Yoast SEO plugin. -->","yoast_head_json":{"title":"filtre tourbillonnant - De Kobra","robots":{"index":"index","follow":"follow","max-snippet":"max-snippet:-1","max-image-preview":"max-image-preview:large","max-video-preview":"max-video-preview:-1"},"canonical":"https:\/\/www.dekobra.be\/product\/wervel-filter\/","og_locale":"fr_FR","og_type":"article","og_title":"filtre tourbillonnant - De Kobra","og_description":"Les filtres gras fabriqu\u00e9s en acier inoxydable poli sont du type ignifuge. Ils sont compos\u00e9s de deux parties. Les filtres sont facilement d\u00e9tachables sans outils et peuvent \u00eatre nettoy\u00e9s au lave-vaisselle. La conception unique de ces filtres assure une tr\u00e8s bonne s\u00e9paration des particules de graisse. Filtres \u00e0 vortex &#8211; Filtre \u00e0 graisse ignifuge En [&hellip;]","og_url":"https:\/\/www.dekobra.be\/product\/wervel-filter\/","og_site_name":"De Kobra","og_image":[{"width":875,"height":583,"url":"https:\/\/www.dekobra.be\/wp-content\/uploads\/2018\/07\/de_kobra_werverfilter_001.jpg","type":"image\/jpeg"}],"schema":{"@context":"https:\/\/schema.org","@graph":[{"@type":"WebPage","@id":"https:\/\/www.dekobra.be\/product\/wervel-filter\/","url":"https:\/\/www.dekobra.be\/product\/wervel-filter\/","name":"filtre tourbillonnant - De Kobra","isPartOf":{"@id":"https:\/\/www.dekobra.be\/#website"},"primaryImageOfPage":{"@id":"https:\/\/www.dekobra.be\/product\/wervel-filter\/#primaryimage"},"image":{"@id":"https:\/\/www.dekobra.be\/product\/wervel-filter\/#primaryimage"},"thumbnailUrl":"https:\/\/www.dekobra.be\/wp-content\/uploads\/2018\/07\/de_kobra_werverfilter_001.jpg","datePublished":"2019-09-07T07:21:59+00:00","breadcrumb":{"@id":"https:\/\/www.dekobra.be\/product\/wervel-filter\/#breadcrumb"},"inLanguage":"fr-FR","potentialAction":[{"@type":"ReadAction","target":["https:\/\/www.dekobra.be\/product\/wervel-filter\/"]}]},{"@type":"ImageObject","inLanguage":"fr-FR","@id":"https:\/\/www.dekobra.be\/product\/wervel-filter\/#primaryimage","url":"https:\/\/www.dekobra.be\/wp-content\/uploads\/2018\/07\/de_kobra_werverfilter_001.jpg","contentUrl":"https:\/\/www.dekobra.be\/wp-content\/uploads\/2018\/07\/de_kobra_werverfilter_001.jpg","width":875,"height":583},{"@type":"BreadcrumbList","@id":"https:\/\/www.dekobra.be\/product\/wervel-filter\/#breadcrumb","itemListElement":[{"@type":"ListItem","position":1,"name":"Home","item":"https:\/\/www.dekobra.be\/"},{"@type":"ListItem","position":2,"name":"PRODUCTEN","item":"https:\/\/www.dekobra.be\/producten\/"},{"@type":"ListItem","position":3,"name":"filtre tourbillonnant"}]},{"@type":"WebSite","@id":"https:\/\/www.dekobra.be\/#website","url":"https:\/\/www.dekobra.be\/","name":"De Kobra","description":"","potentialAction":[{"@type":"SearchAction","target":{"@type":"EntryPoint","urlTemplate":"https:\/\/www.dekobra.be\/?s={search_term_string}"},"query-input":{"@type":"PropertyValueSpecification","valueRequired":true,"valueName":"search_term_string"}}],"inLanguage":"fr-FR"}]}},"_links":{"self":[{"href":"https:\/\/www.dekobra.be\/fr\/wp-json\/wp\/v2\/product\/15223","targetHints":{"allow":["GET"]}}],"collection":[{"href":"https:\/\/www.dekobra.be\/fr\/wp-json\/wp\/v2\/product"}],"about":[{"href":"https:\/\/www.dekobra.be\/fr\/wp-json\/wp\/v2\/types\/product"}],"wp:featuredmedia":[{"embeddable":true,"href":"https:\/\/www.dekobra.be\/fr\/wp-json\/wp\/v2\/media\/15224"}],"wp:attachment":[{"href":"https:\/\/www.dekobra.be\/fr\/wp-json\/wp\/v2\/media?parent=15223"}],"curies":[{"name":"wp","href":"https:\/\/api.w.org\/{rel}","templated":true}]}}