{"id":15228,"date":"2019-09-07T07:24:13","date_gmt":"2019-09-07T07:24:13","guid":{"rendered":"https:\/\/www.dekobra.be\/?post_type=product&#038;p=15228"},"modified":"2021-09-21T08:20:19","modified_gmt":"2021-09-21T08:20:19","slug":"echange-actif-de-carbone","status":"publish","type":"product","link":"https:\/\/www.dekobra.be\/fr\/product\/echange-actif-de-carbone\/","title":{"rendered":"\u00c9CHANGE ACTIF DE CARBONE"},"content":{"rendered":"<p>L&#8217;\u00e9vaporation utilisant du charbon actif est connue depuis longtemps dans diverses applications et a certainement prouv\u00e9 son efficacit\u00e9. Nous construisons activement des bouteilles de carbone dans un groupe a\u00e9rien apr\u00e8s les pr\u00e9filtrateurs n\u00e9cessaires.<\/p>\n<p><strong>Groupe d&#8217;extraction avec filtre \u00e0 charbon actif<\/strong><\/p>\n<ul>\n<li>version \u00e0 double paroi avec une \u00e9paisseur de paroi de 50 mm;<\/li>\n<li>Convient \u00e0 l&#8217;installation int\u00e9rieure et ext\u00e9rieure;<\/li>\n<li>Fabriqu\u00e9 en acier galvanis\u00e9 Sendzimir;<\/li>\n<li>avec filtres \u00e0 sacs, classe G4 et F7, mont\u00e9s sur des conducteurs;<\/li>\n<li>Ventilateur centrifuge \u00e0 double aspiration avec des lames courb\u00e9es vers l&#8217;arri\u00e8re;<\/li>\n<li>Les motifs n\u00e9cessaires avec du charbon actif.<\/li>\n<\/ul>\n<p>&nbsp;<\/p>\n<p>&nbsp;<\/p>\n","protected":false},"excerpt":{"rendered":"<p>L&#8217;\u00e9vaporation utilisant du charbon actif est connue depuis longtemps dans diverses applications et a certainement prouv\u00e9 son efficacit\u00e9. Nous construisons activement des bouteilles de carbone dans un groupe a\u00e9rien apr\u00e8s les pr\u00e9filtrateurs n\u00e9cessaires. Groupe d&#8217;extraction avec filtre \u00e0 charbon actif version \u00e0 double paroi avec une \u00e9paisseur de paroi de 50 mm; Convient \u00e0 l&#8217;installation [&hellip;]<\/p>\n","protected":false},"featured_media":15229,"template":"","meta":{"_acf_changed":false,"_exactmetrics_skip_tracking":false,"_exactmetrics_sitenote_active":false,"_exactmetrics_sitenote_note":"","_exactmetrics_sitenote_category":0},"class_list":["post-15228","product","type-product","status-publish","has-post-thumbnail","hentry","product_cat-purification-de-lair-et-desodorisation"],"acf":[],"yoast_head":"<!-- This site is optimized with the Yoast SEO plugin v27.0 - https:\/\/yoast.com\/product\/yoast-seo-wordpress\/ -->\n<title>\u00c9CHANGE ACTIF DE CARBONE - De Kobra<\/title>\n<meta name=\"robots\" content=\"index, follow, max-snippet:-1, max-image-preview:large, max-video-preview:-1\" \/>\n<link rel=\"canonical\" href=\"https:\/\/www.dekobra.be\/product\/activecarbonontgeuring\/\" \/>\n<meta property=\"og:locale\" content=\"fr_FR\" \/>\n<meta property=\"og:type\" content=\"article\" \/>\n<meta property=\"og:title\" content=\"\u00c9CHANGE ACTIF DE CARBONE - De Kobra\" \/>\n<meta property=\"og:description\" content=\"L&#8217;\u00e9vaporation utilisant du charbon actif est connue depuis longtemps dans diverses applications et a certainement prouv\u00e9 son efficacit\u00e9. Nous construisons activement des bouteilles de carbone dans un groupe a\u00e9rien apr\u00e8s les pr\u00e9filtrateurs n\u00e9cessaires. Groupe d&#8217;extraction avec filtre \u00e0 charbon actif version \u00e0 double paroi avec une \u00e9paisseur de paroi de 50 mm; Convient \u00e0 l&#8217;installation [&hellip;]\" \/>\n<meta property=\"og:url\" content=\"https:\/\/www.dekobra.be\/product\/activecarbonontgeuring\/\" \/>\n<meta property=\"og:site_name\" content=\"De Kobra\" \/>\n<meta property=\"article:modified_time\" content=\"2021-09-21T08:20:19+00:00\" \/>\n<meta property=\"og:image\" content=\"https:\/\/www.dekobra.be\/wp-content\/uploads\/2018\/08\/de_kobra_ac_ontgeuring002.jpg\" \/>\n\t<meta property=\"og:image:width\" content=\"875\" \/>\n\t<meta property=\"og:image:height\" content=\"583\" \/>\n\t<meta property=\"og:image:type\" content=\"image\/jpeg\" \/>\n<meta name=\"twitter:label1\" content=\"Est. reading time\" \/>\n\t<meta name=\"twitter:data1\" content=\"1 minute\" \/>\n<!-- \/ Yoast SEO plugin. -->","yoast_head_json":{"title":"\u00c9CHANGE ACTIF DE CARBONE - De Kobra","robots":{"index":"index","follow":"follow","max-snippet":"max-snippet:-1","max-image-preview":"max-image-preview:large","max-video-preview":"max-video-preview:-1"},"canonical":"https:\/\/www.dekobra.be\/product\/activecarbonontgeuring\/","og_locale":"fr_FR","og_type":"article","og_title":"\u00c9CHANGE ACTIF DE CARBONE - De Kobra","og_description":"L&#8217;\u00e9vaporation utilisant du charbon actif est connue depuis longtemps dans diverses applications et a certainement prouv\u00e9 son efficacit\u00e9. Nous construisons activement des bouteilles de carbone dans un groupe a\u00e9rien apr\u00e8s les pr\u00e9filtrateurs n\u00e9cessaires. Groupe d&#8217;extraction avec filtre \u00e0 charbon actif version \u00e0 double paroi avec une \u00e9paisseur de paroi de 50 mm; Convient \u00e0 l&#8217;installation [&hellip;]","og_url":"https:\/\/www.dekobra.be\/product\/activecarbonontgeuring\/","og_site_name":"De Kobra","article_modified_time":"2021-09-21T08:20:19+00:00","og_image":[{"width":875,"height":583,"url":"https:\/\/www.dekobra.be\/wp-content\/uploads\/2018\/08\/de_kobra_ac_ontgeuring002.jpg","type":"image\/jpeg"}],"twitter_misc":{"Est. reading time":"1 minute"},"schema":{"@context":"https:\/\/schema.org","@graph":[{"@type":"WebPage","@id":"https:\/\/www.dekobra.be\/product\/activecarbonontgeuring\/","url":"https:\/\/www.dekobra.be\/product\/activecarbonontgeuring\/","name":"\u00c9CHANGE ACTIF DE CARBONE - De Kobra","isPartOf":{"@id":"https:\/\/www.dekobra.be\/#website"},"primaryImageOfPage":{"@id":"https:\/\/www.dekobra.be\/product\/activecarbonontgeuring\/#primaryimage"},"image":{"@id":"https:\/\/www.dekobra.be\/product\/activecarbonontgeuring\/#primaryimage"},"thumbnailUrl":"https:\/\/www.dekobra.be\/wp-content\/uploads\/2018\/08\/de_kobra_ac_ontgeuring002.jpg","datePublished":"2019-09-07T07:24:13+00:00","dateModified":"2021-09-21T08:20:19+00:00","breadcrumb":{"@id":"https:\/\/www.dekobra.be\/product\/activecarbonontgeuring\/#breadcrumb"},"inLanguage":"fr-FR","potentialAction":[{"@type":"ReadAction","target":["https:\/\/www.dekobra.be\/product\/activecarbonontgeuring\/"]}]},{"@type":"ImageObject","inLanguage":"fr-FR","@id":"https:\/\/www.dekobra.be\/product\/activecarbonontgeuring\/#primaryimage","url":"https:\/\/www.dekobra.be\/wp-content\/uploads\/2018\/08\/de_kobra_ac_ontgeuring002.jpg","contentUrl":"https:\/\/www.dekobra.be\/wp-content\/uploads\/2018\/08\/de_kobra_ac_ontgeuring002.jpg","width":875,"height":583},{"@type":"BreadcrumbList","@id":"https:\/\/www.dekobra.be\/product\/activecarbonontgeuring\/#breadcrumb","itemListElement":[{"@type":"ListItem","position":1,"name":"Home","item":"https:\/\/www.dekobra.be\/"},{"@type":"ListItem","position":2,"name":"PRODUCTEN","item":"https:\/\/www.dekobra.be\/producten\/"},{"@type":"ListItem","position":3,"name":"\u00c9CHANGE ACTIF DE CARBONE"}]},{"@type":"WebSite","@id":"https:\/\/www.dekobra.be\/#website","url":"https:\/\/www.dekobra.be\/","name":"De Kobra","description":"","potentialAction":[{"@type":"SearchAction","target":{"@type":"EntryPoint","urlTemplate":"https:\/\/www.dekobra.be\/?s={search_term_string}"},"query-input":{"@type":"PropertyValueSpecification","valueRequired":true,"valueName":"search_term_string"}}],"inLanguage":"fr-FR"}]}},"_links":{"self":[{"href":"https:\/\/www.dekobra.be\/fr\/wp-json\/wp\/v2\/product\/15228","targetHints":{"allow":["GET"]}}],"collection":[{"href":"https:\/\/www.dekobra.be\/fr\/wp-json\/wp\/v2\/product"}],"about":[{"href":"https:\/\/www.dekobra.be\/fr\/wp-json\/wp\/v2\/types\/product"}],"wp:featuredmedia":[{"embeddable":true,"href":"https:\/\/www.dekobra.be\/fr\/wp-json\/wp\/v2\/media\/15229"}],"wp:attachment":[{"href":"https:\/\/www.dekobra.be\/fr\/wp-json\/wp\/v2\/media?parent=15228"}],"curies":[{"name":"wp","href":"https:\/\/api.w.org\/{rel}","templated":true}]}}