{"id":15271,"date":"2021-02-01T09:26:54","date_gmt":"2021-02-01T09:26:54","guid":{"rendered":"https:\/\/www.dekobra.be\/?post_type=product&#038;p=15271"},"modified":"2021-09-21T08:15:16","modified_gmt":"2021-09-21T08:15:16","slug":"plan-de-ventilation-2","status":"publish","type":"product","link":"https:\/\/www.dekobra.be\/fr\/product\/plan-de-ventilation-2\/","title":{"rendered":"PLAN DE VENTILATION"},"content":{"rendered":"<p>Nos plafonds de ventilation sont con\u00e7us pour trouver leur application dans n&#8217;importe quel type de cuisine. En pla\u00e7ant les diff\u00e9rentes lumi\u00e8res de ventilation et les luminaires de mani\u00e8re r\u00e9fl\u00e9chie, un climat de travail tr\u00e8s confortable peut \u00eatre cr\u00e9\u00e9.<\/p>\n<p>Surface totale en t\u00f4le d&#8217;acier inoxydable AISI 304 tapis bross\u00e9, \u00e9paisseur de plaque 10\/10 mm;<br \/>\nCompos\u00e9 de:<\/p>\n<ul>\n<li>Sondes d&#8217;extraction en forme de V ou semi-V avec les filtres \u00e0 graisse n\u00e9cessaires;<\/li>\n<li>\u00e9galement des pl\u00e9nums d&#8217;alimentation en air personnalis\u00e9s avec des plaques perfor\u00e9es en acier inoxydable;<\/li>\n<li>Plaques de bord en acier inoxydable, si n\u00e9cessaire;<\/li>\n<li>Appareils d&#8217;\u00e9clairage ou spots int\u00e9gr\u00e9s.<\/li>\n<\/ul>\n<p><a href=\"https:\/\/www.dekobra.be\/wp-content\/uploads\/2018\/08\/tfn_ventilatieplafond.pdf\" target=\"_blank\" rel=\"noopener noreferrer\"><img loading=\"lazy\" decoding=\"async\" class=\"alignnone wp-image-14596 size-full\" src=\"https:\/\/www.dekobra.be\/wp-content\/uploads\/2018\/07\/download_pdf_document.jpg\" alt=\"\" width=\"150\" height=\"115\" \/>\u00a0\u00a0\u00a0\u00a0\u00a0<\/a><a href=\"https:\/\/www.dekobra.be\/wp-content\/uploads\/2018\/09\/lbn_ventilatieplafond.pdf\" target=\"_blank\" rel=\"noopener noreferrer\"><img loading=\"lazy\" decoding=\"async\" class=\"alignnone wp-image-14596 size-full\" src=\"https:\/\/www.dekobra.be\/wp-content\/uploads\/2018\/07\/download_pdf_document.jpg\" alt=\"\" width=\"150\" height=\"115\" \/><\/a><\/p>\n<p>Technische Fiche\u00a0 \u00a0 \u00a0 \u00a0 Typebeschrijving<\/p>\n","protected":false},"excerpt":{"rendered":"<p>Nos plafonds de ventilation sont con\u00e7us pour trouver leur application dans n&#8217;importe quel type de cuisine. En pla\u00e7ant les diff\u00e9rentes lumi\u00e8res de ventilation et les luminaires de mani\u00e8re r\u00e9fl\u00e9chie, un climat de travail tr\u00e8s confortable peut \u00eatre cr\u00e9\u00e9. Surface totale en t\u00f4le d&#8217;acier inoxydable AISI 304 tapis bross\u00e9, \u00e9paisseur de plaque 10\/10 mm; Compos\u00e9 de: [&hellip;]<\/p>\n","protected":false},"featured_media":15269,"template":"","meta":{"_acf_changed":false,"_exactmetrics_skip_tracking":false,"_exactmetrics_sitenote_active":false,"_exactmetrics_sitenote_note":"","_exactmetrics_sitenote_category":0},"class_list":["post-15271","product","type-product","status-publish","has-post-thumbnail","hentry","product_cat-groupes-aeriens","product_cat-hotte-a-vapeur"],"acf":[],"yoast_head":"<!-- This site is optimized with the Yoast SEO plugin v27.0 - https:\/\/yoast.com\/product\/yoast-seo-wordpress\/ -->\n<title>PLAN DE VENTILATION - De Kobra<\/title>\n<meta name=\"robots\" content=\"index, follow, max-snippet:-1, max-image-preview:large, max-video-preview:-1\" \/>\n<link rel=\"canonical\" href=\"https:\/\/www.dekobra.be\/product\/luchtgroepen\/\" \/>\n<meta property=\"og:locale\" content=\"fr_FR\" \/>\n<meta property=\"og:type\" content=\"article\" \/>\n<meta property=\"og:title\" content=\"PLAN DE VENTILATION - De Kobra\" \/>\n<meta property=\"og:description\" content=\"Nos plafonds de ventilation sont con\u00e7us pour trouver leur application dans n&#8217;importe quel type de cuisine. En pla\u00e7ant les diff\u00e9rentes lumi\u00e8res de ventilation et les luminaires de mani\u00e8re r\u00e9fl\u00e9chie, un climat de travail tr\u00e8s confortable peut \u00eatre cr\u00e9\u00e9. Surface totale en t\u00f4le d&#8217;acier inoxydable AISI 304 tapis bross\u00e9, \u00e9paisseur de plaque 10\/10 mm; Compos\u00e9 de: [&hellip;]\" \/>\n<meta property=\"og:url\" content=\"https:\/\/www.dekobra.be\/product\/luchtgroepen\/\" \/>\n<meta property=\"og:site_name\" content=\"De Kobra\" \/>\n<meta property=\"article:modified_time\" content=\"2021-09-21T08:15:16+00:00\" \/>\n<meta property=\"og:image\" content=\"https:\/\/www.dekobra.be\/wp-content\/uploads\/2021\/02\/luchtgroep1.jpeg\" \/>\n\t<meta property=\"og:image:width\" content=\"931\" \/>\n\t<meta property=\"og:image:height\" content=\"606\" \/>\n\t<meta property=\"og:image:type\" content=\"image\/jpeg\" \/>\n<meta name=\"twitter:label1\" content=\"Est. reading time\" \/>\n\t<meta name=\"twitter:data1\" content=\"1 minute\" \/>\n<!-- \/ Yoast SEO plugin. -->","yoast_head_json":{"title":"PLAN DE VENTILATION - De Kobra","robots":{"index":"index","follow":"follow","max-snippet":"max-snippet:-1","max-image-preview":"max-image-preview:large","max-video-preview":"max-video-preview:-1"},"canonical":"https:\/\/www.dekobra.be\/product\/luchtgroepen\/","og_locale":"fr_FR","og_type":"article","og_title":"PLAN DE VENTILATION - De Kobra","og_description":"Nos plafonds de ventilation sont con\u00e7us pour trouver leur application dans n&#8217;importe quel type de cuisine. En pla\u00e7ant les diff\u00e9rentes lumi\u00e8res de ventilation et les luminaires de mani\u00e8re r\u00e9fl\u00e9chie, un climat de travail tr\u00e8s confortable peut \u00eatre cr\u00e9\u00e9. Surface totale en t\u00f4le d&#8217;acier inoxydable AISI 304 tapis bross\u00e9, \u00e9paisseur de plaque 10\/10 mm; Compos\u00e9 de: [&hellip;]","og_url":"https:\/\/www.dekobra.be\/product\/luchtgroepen\/","og_site_name":"De Kobra","article_modified_time":"2021-09-21T08:15:16+00:00","og_image":[{"width":931,"height":606,"url":"https:\/\/www.dekobra.be\/wp-content\/uploads\/2021\/02\/luchtgroep1.jpeg","type":"image\/jpeg"}],"twitter_misc":{"Est. reading time":"1 minute"},"schema":{"@context":"https:\/\/schema.org","@graph":[{"@type":"WebPage","@id":"https:\/\/www.dekobra.be\/product\/luchtgroepen\/","url":"https:\/\/www.dekobra.be\/product\/luchtgroepen\/","name":"PLAN DE VENTILATION - De Kobra","isPartOf":{"@id":"https:\/\/www.dekobra.be\/#website"},"primaryImageOfPage":{"@id":"https:\/\/www.dekobra.be\/product\/luchtgroepen\/#primaryimage"},"image":{"@id":"https:\/\/www.dekobra.be\/product\/luchtgroepen\/#primaryimage"},"thumbnailUrl":"https:\/\/www.dekobra.be\/wp-content\/uploads\/2021\/02\/luchtgroep1.jpeg","datePublished":"2021-02-01T09:26:54+00:00","dateModified":"2021-09-21T08:15:16+00:00","breadcrumb":{"@id":"https:\/\/www.dekobra.be\/product\/luchtgroepen\/#breadcrumb"},"inLanguage":"fr-FR","potentialAction":[{"@type":"ReadAction","target":["https:\/\/www.dekobra.be\/product\/luchtgroepen\/"]}]},{"@type":"ImageObject","inLanguage":"fr-FR","@id":"https:\/\/www.dekobra.be\/product\/luchtgroepen\/#primaryimage","url":"https:\/\/www.dekobra.be\/wp-content\/uploads\/2021\/02\/luchtgroep1.jpeg","contentUrl":"https:\/\/www.dekobra.be\/wp-content\/uploads\/2021\/02\/luchtgroep1.jpeg","width":931,"height":606},{"@type":"BreadcrumbList","@id":"https:\/\/www.dekobra.be\/product\/luchtgroepen\/#breadcrumb","itemListElement":[{"@type":"ListItem","position":1,"name":"Home","item":"https:\/\/www.dekobra.be\/"},{"@type":"ListItem","position":2,"name":"PRODUCTEN","item":"https:\/\/www.dekobra.be\/producten\/"},{"@type":"ListItem","position":3,"name":"PLAN DE VENTILATION"}]},{"@type":"WebSite","@id":"https:\/\/www.dekobra.be\/#website","url":"https:\/\/www.dekobra.be\/","name":"De Kobra","description":"","potentialAction":[{"@type":"SearchAction","target":{"@type":"EntryPoint","urlTemplate":"https:\/\/www.dekobra.be\/?s={search_term_string}"},"query-input":{"@type":"PropertyValueSpecification","valueRequired":true,"valueName":"search_term_string"}}],"inLanguage":"fr-FR"}]}},"_links":{"self":[{"href":"https:\/\/www.dekobra.be\/fr\/wp-json\/wp\/v2\/product\/15271","targetHints":{"allow":["GET"]}}],"collection":[{"href":"https:\/\/www.dekobra.be\/fr\/wp-json\/wp\/v2\/product"}],"about":[{"href":"https:\/\/www.dekobra.be\/fr\/wp-json\/wp\/v2\/types\/product"}],"wp:featuredmedia":[{"embeddable":true,"href":"https:\/\/www.dekobra.be\/fr\/wp-json\/wp\/v2\/media\/15269"}],"wp:attachment":[{"href":"https:\/\/www.dekobra.be\/fr\/wp-json\/wp\/v2\/media?parent=15271"}],"curies":[{"name":"wp","href":"https:\/\/api.w.org\/{rel}","templated":true}]}}