{"id":15426,"date":"2021-09-20T15:01:11","date_gmt":"2021-09-20T15:01:11","guid":{"rendered":"https:\/\/www.dekobra.be\/?post_type=product&#038;p=15426"},"modified":"2021-09-21T08:05:55","modified_gmt":"2021-09-21T08:05:55","slug":"ventilation","status":"publish","type":"product","link":"https:\/\/www.dekobra.be\/fr\/product\/ventilation\/","title":{"rendered":"VENTILATION"},"content":{"rendered":"<h3>Des solutions de ventilation optimales<\/h3>\n<p>Le th\u00e8me de la ventilation et du CO<sub>2<\/sub> sont \u00e0 la une ces jours-ci notamment \u00e0 cause de la crise du Covid. Un air int\u00e9rieur sain et une qualit\u00e9 de l&#8217;air optimale ne sont pas seulement importants pour nos propres employ\u00e9s, ils sont particuli\u00e8rement importants dans les locaux o\u00f9 de nombreuses personnes peuvent se rassembler. Nous pensons notamment aux cuisines collectives, \u00e0 la restauration, l\u2019horeca, aux lieux de r\u00e9union, etc. qui souhaitent offrir \u00e0 leurs employ\u00e9s et \u00e0 leurs clients le confort et la tranquillit\u00e9 d&#8217;esprit de vivre dans un environnement sain et s\u00fbre.<\/p>\n<p>Fort de son exp\u00e9rience, De Kobra est en mesure de proposer \u00e0 ses clients des solutions de ventilation optimales, con\u00e7ues sur mesure et con\u00e7ues en fonction des besoins sp\u00e9cifiques, et avec le souci de leur faisabilit\u00e9 financi\u00e8re.<\/p>\n<p>La ventilation peut \u00eatre contr\u00f4l\u00e9e manuellement, mais selon les souhaits, elle peut \u00e9galement \u00eatre contr\u00f4l\u00e9e directement en fonction du CO<sub>2<\/sub> afin que la bonne qualit\u00e9 de l&#8217;air puisse \u00eatre garantie \u00e0 tout moment. Bien entendu, on veille \u00e0 ce qu&#8217;il n&#8217;y ait pas de contamination possible entre les diff\u00e9rentes pi\u00e8ces en maintenant les flux d&#8217;air s\u00e9par\u00e9s. Selon les souhaits, l&#8217;air frais peut \u00eatre pr\u00e9chauff\u00e9 de mani\u00e8re \u00e9conome en \u00e9nergie, afin d&#8217;augmenter encore plus le confort.<\/p>\n<p>N&#8217;h\u00e9sitez pas \u00e0 contacter\u00a0<a href=\"https:\/\/www.dekobra.be\/fr\/contact\/\">De Kobra<\/a> pour une analyse des possibilit\u00e9s pour votre cas sp\u00e9cifique.<\/p>\n","protected":false},"excerpt":{"rendered":"<p>Des solutions de ventilation optimales Le th\u00e8me de la ventilation et du CO2 sont \u00e0 la une ces jours-ci notamment \u00e0 cause de la crise du Covid. Un air int\u00e9rieur sain et une qualit\u00e9 de l&#8217;air optimale ne sont pas seulement importants pour nos propres employ\u00e9s, ils sont particuli\u00e8rement importants dans les locaux o\u00f9 de [&hellip;]<\/p>\n","protected":false},"featured_media":15401,"template":"","meta":{"_acf_changed":false,"_exactmetrics_skip_tracking":false,"_exactmetrics_sitenote_active":false,"_exactmetrics_sitenote_note":"","_exactmetrics_sitenote_category":0},"class_list":["post-15426","product","type-product","status-publish","has-post-thumbnail","hentry","product_cat-groupes-aeriens","product_cat-purification-de-lair-et-desodorisation"],"acf":[],"yoast_head":"<!-- This site is optimized with the Yoast SEO plugin v27.0 - https:\/\/yoast.com\/product\/yoast-seo-wordpress\/ -->\n<title>VENTILATION - De Kobra<\/title>\n<meta name=\"robots\" content=\"index, follow, max-snippet:-1, max-image-preview:large, max-video-preview:-1\" \/>\n<link rel=\"canonical\" href=\"https:\/\/www.dekobra.be\/product\/ventilatie\/\" \/>\n<meta property=\"og:locale\" content=\"fr_FR\" \/>\n<meta property=\"og:type\" content=\"article\" \/>\n<meta property=\"og:title\" content=\"VENTILATION - De Kobra\" \/>\n<meta property=\"og:description\" content=\"Des solutions de ventilation optimales Le th\u00e8me de la ventilation et du CO2 sont \u00e0 la une ces jours-ci notamment \u00e0 cause de la crise du Covid. Un air int\u00e9rieur sain et une qualit\u00e9 de l&#8217;air optimale ne sont pas seulement importants pour nos propres employ\u00e9s, ils sont particuli\u00e8rement importants dans les locaux o\u00f9 de [&hellip;]\" \/>\n<meta property=\"og:url\" content=\"https:\/\/www.dekobra.be\/product\/ventilatie\/\" \/>\n<meta property=\"og:site_name\" content=\"De Kobra\" \/>\n<meta property=\"article:modified_time\" content=\"2021-09-21T08:05:55+00:00\" \/>\n<meta property=\"og:image\" content=\"https:\/\/www.dekobra.be\/wp-content\/uploads\/2021\/09\/ventilaties.jpg\" \/>\n\t<meta property=\"og:image:width\" content=\"339\" \/>\n\t<meta property=\"og:image:height\" content=\"294\" \/>\n\t<meta property=\"og:image:type\" content=\"image\/jpeg\" \/>\n<meta name=\"twitter:label1\" content=\"Est. reading time\" \/>\n\t<meta name=\"twitter:data1\" content=\"1 minute\" \/>\n<!-- \/ Yoast SEO plugin. -->","yoast_head_json":{"title":"VENTILATION - De Kobra","robots":{"index":"index","follow":"follow","max-snippet":"max-snippet:-1","max-image-preview":"max-image-preview:large","max-video-preview":"max-video-preview:-1"},"canonical":"https:\/\/www.dekobra.be\/product\/ventilatie\/","og_locale":"fr_FR","og_type":"article","og_title":"VENTILATION - De Kobra","og_description":"Des solutions de ventilation optimales Le th\u00e8me de la ventilation et du CO2 sont \u00e0 la une ces jours-ci notamment \u00e0 cause de la crise du Covid. Un air int\u00e9rieur sain et une qualit\u00e9 de l&#8217;air optimale ne sont pas seulement importants pour nos propres employ\u00e9s, ils sont particuli\u00e8rement importants dans les locaux o\u00f9 de [&hellip;]","og_url":"https:\/\/www.dekobra.be\/product\/ventilatie\/","og_site_name":"De Kobra","article_modified_time":"2021-09-21T08:05:55+00:00","og_image":[{"width":339,"height":294,"url":"https:\/\/www.dekobra.be\/wp-content\/uploads\/2021\/09\/ventilaties.jpg","type":"image\/jpeg"}],"twitter_misc":{"Est. reading time":"1 minute"},"schema":{"@context":"https:\/\/schema.org","@graph":[{"@type":"WebPage","@id":"https:\/\/www.dekobra.be\/product\/ventilatie\/","url":"https:\/\/www.dekobra.be\/product\/ventilatie\/","name":"VENTILATION - De Kobra","isPartOf":{"@id":"https:\/\/www.dekobra.be\/#website"},"primaryImageOfPage":{"@id":"https:\/\/www.dekobra.be\/product\/ventilatie\/#primaryimage"},"image":{"@id":"https:\/\/www.dekobra.be\/product\/ventilatie\/#primaryimage"},"thumbnailUrl":"https:\/\/www.dekobra.be\/wp-content\/uploads\/2021\/09\/ventilaties.jpg","datePublished":"2021-09-20T15:01:11+00:00","dateModified":"2021-09-21T08:05:55+00:00","breadcrumb":{"@id":"https:\/\/www.dekobra.be\/product\/ventilatie\/#breadcrumb"},"inLanguage":"fr-FR","potentialAction":[{"@type":"ReadAction","target":["https:\/\/www.dekobra.be\/product\/ventilatie\/"]}]},{"@type":"ImageObject","inLanguage":"fr-FR","@id":"https:\/\/www.dekobra.be\/product\/ventilatie\/#primaryimage","url":"https:\/\/www.dekobra.be\/wp-content\/uploads\/2021\/09\/ventilaties.jpg","contentUrl":"https:\/\/www.dekobra.be\/wp-content\/uploads\/2021\/09\/ventilaties.jpg","width":339,"height":294},{"@type":"BreadcrumbList","@id":"https:\/\/www.dekobra.be\/product\/ventilatie\/#breadcrumb","itemListElement":[{"@type":"ListItem","position":1,"name":"Home","item":"https:\/\/www.dekobra.be\/"},{"@type":"ListItem","position":2,"name":"PRODUCTEN","item":"https:\/\/www.dekobra.be\/producten\/"},{"@type":"ListItem","position":3,"name":"VENTILATION"}]},{"@type":"WebSite","@id":"https:\/\/www.dekobra.be\/#website","url":"https:\/\/www.dekobra.be\/","name":"De Kobra","description":"","potentialAction":[{"@type":"SearchAction","target":{"@type":"EntryPoint","urlTemplate":"https:\/\/www.dekobra.be\/?s={search_term_string}"},"query-input":{"@type":"PropertyValueSpecification","valueRequired":true,"valueName":"search_term_string"}}],"inLanguage":"fr-FR"}]}},"_links":{"self":[{"href":"https:\/\/www.dekobra.be\/fr\/wp-json\/wp\/v2\/product\/15426","targetHints":{"allow":["GET"]}}],"collection":[{"href":"https:\/\/www.dekobra.be\/fr\/wp-json\/wp\/v2\/product"}],"about":[{"href":"https:\/\/www.dekobra.be\/fr\/wp-json\/wp\/v2\/types\/product"}],"wp:featuredmedia":[{"embeddable":true,"href":"https:\/\/www.dekobra.be\/fr\/wp-json\/wp\/v2\/media\/15401"}],"wp:attachment":[{"href":"https:\/\/www.dekobra.be\/fr\/wp-json\/wp\/v2\/media?parent=15426"}],"curies":[{"name":"wp","href":"https:\/\/api.w.org\/{rel}","templated":true}]}}